{"id":5837,"date":"2025-11-23T22:57:12","date_gmt":"2025-11-23T21:57:12","guid":{"rendered":"https:\/\/wat-tunisia.com\/?post_type=product&#038;p=5837"},"modified":"2025-12-12T09:36:54","modified_gmt":"2025-12-12T08:36:54","slug":"dm-tv6-t","status":"publish","type":"product","link":"https:\/\/wat-tunisia.com\/en\/product\/dm-tv6-t\/","title":{"rendered":"DM-TV6-T"},"content":{"rendered":"","protected":false},"excerpt":{"rendered":"<h2 data-start=\"169\" data-end=\"228\">D\u00e9tecteur Optique de Flamme Multi-Spectre \u2013 D\u00e9tection Incendie Haute Pr\u00e9cision<\/h2>\n<p data-start=\"270\" data-end=\"943\">Le <strong data-start=\"273\" data-end=\"296\">MultiFlame DM-TV6-T<\/strong> est un d\u00e9tecteur optique de flamme multi-spectre con\u00e7u pour rep\u00e9rer rapidement tout <strong data-start=\"381\" data-end=\"398\">d\u00e9part de feu<\/strong>, les <strong data-start=\"404\" data-end=\"414\">fum\u00e9es<\/strong>, les vapeurs, les flammes, la combustion et les gaz. Compatible avec les <strong data-start=\"488\" data-end=\"511\">d\u00e9tecteurs de fum\u00e9e<\/strong>, <strong data-start=\"513\" data-end=\"537\">d\u00e9tecteurs de fum\u00e9es<\/strong>, d\u00e9tecteurs de chaleur, d\u00e9tecteurs de gaz, <strong data-start=\"581\" data-end=\"589\">Daaf<\/strong>, d\u00e9tecteurs-avertisseurs, d\u00e9tecteur de monoxyde et d\u00e9tecteur de monoxyde de carbone, il peut \u00eatre install\u00e9 dans les lieux d\u2019habitation, chaque logement, les foyers ou les sites industriels. Son <strong data-start=\"784\" data-end=\"795\">bo\u00eetier<\/strong> robuste lui permet d\u2019\u00eatre int\u00e9gr\u00e9 facilement \u00e0 un <strong data-start=\"846\" data-end=\"866\">syst\u00e8me d\u2019alarme<\/strong>, une alarme incendie, une centrale d\u2019alarme ou une installation de s\u00e9curit\u00e9.<\/p>\n<p data-start=\"945\" data-end=\"1387\">En cas d\u2019incendie ou d\u2019<strong data-start=\"968\" data-end=\"993\">incendies domestiques<\/strong>, il peut assurer un <strong data-start=\"1014\" data-end=\"1031\">d\u00e9clenchement<\/strong> imm\u00e9diat : activer une <strong data-start=\"1055\" data-end=\"1065\">sir\u00e8ne<\/strong>, un <strong data-start=\"1070\" data-end=\"1087\">signal sonore<\/strong>, un avertisseur ou <strong data-start=\"1107\" data-end=\"1118\">alerter<\/strong> tout occupant, m\u00eame une personne endormie. Le DM-TV6-T est <strong data-start=\"1178\" data-end=\"1201\">conforme \u00e0 la norme<\/strong>, <strong data-start=\"1203\" data-end=\"1215\">certifi\u00e9<\/strong>, normalis\u00e9 (NF, CE, norme europ\u00e9enne) et parfaitement adapt\u00e9 aux exigences de la loi ALUR pour les habitations, bailleurs, propri\u00e9taires d\u2019un logement et parties communes.<\/p>\n<p data-start=\"1389\" data-end=\"1824\">Facile \u00e0 installer (<strong data-start=\"1409\" data-end=\"1435\">installer un d\u00e9tecteur<\/strong>, installation de d\u00e9tecteurs, <strong data-start=\"1465\" data-end=\"1488\">d\u00e9clencher l\u2019alarme<\/strong>, \u00eatre install\u00e9, \u00eatre \u00e9quip\u00e9s), il garantit un <strong data-start=\"1535\" data-end=\"1557\">bon fonctionnement<\/strong> gr\u00e2ce au bouton test, \u00e0 la gestion des piles (<strong data-start=\"1604\" data-end=\"1621\">pile alcaline<\/strong>, pile lithium), et \u00e0 la possibilit\u00e9 de <strong data-start=\"1661\" data-end=\"1682\">changer les piles<\/strong> rapidement. Il minimise les d\u00e9clenchements intempestifs et reste fiable m\u00eame lorsque des <strong data-start=\"1772\" data-end=\"1789\">fum\u00e9es \u00e9mises<\/strong> apparaissent lors d\u2019un d\u00e9gagement.<\/p>\n<p data-start=\"1826\" data-end=\"2309\">Gr\u00e2ce \u00e0 sa technologie avanc\u00e9e (optique, IR, <strong data-start=\"1871\" data-end=\"1890\">photo\u00e9lectrique<\/strong>, ionisation, faisceau), ce d\u00e9tecteur autonome ou int\u00e9gr\u00e9 \u00e9met un signal rapide selon le <strong data-start=\"1979\" data-end=\"2003\">nombre de d\u00e9tecteurs<\/strong> pr\u00e9sents dans le logement. Le MultiFlame DM-TV6-T assure une d\u00e9tection incendie pr\u00e9cise, adapt\u00e9e aux b\u00e2timents sensibles, aux habitations et \u00e0 tout occupant du logement. Il peut \u00e9galement fonctionner avec des solutions connect\u00e9es comme <strong data-start=\"2240\" data-end=\"2256\">Nest Protect<\/strong>, offrant une s\u00e9curit\u00e9 maximale pour chaque logement.<\/p>\n<p><a href=\"https:\/\/wat-tunisia.com\/wp-content\/uploads\/2025\/11\/wattunisia_1508852031.pdf\"><img loading=\"lazy\" decoding=\"async\" class=\"alignnone wp-image-5184\" src=\"https:\/\/wat-tunisia.com\/wp-content\/uploads\/2025\/11\/document_16064382-300x300.png\" alt=\"\" width=\"43\" height=\"38\" \/><\/a><a href=\"https:\/\/wat-tunisia.com\/wp-content\/uploads\/2025\/11\/wattunisia_1508852031.pdf\">\u00a0Fiche Technique<\/a><\/p>","protected":false},"featured_media":5838,"comment_status":"closed","ping_status":"closed","template":"","meta":[],"product_brand":[],"product_cat":[288,452,454],"product_tag":[],"class_list":{"0":"post-5837","1":"product","2":"type-product","3":"status-publish","4":"has-post-thumbnail","6":"product_cat-detecteurs-de-flamme-fr","7":"product_cat-infra-rouge-ir","8":"product_cat-uv-ir","10":"first","11":"instock","12":"shipping-taxable","13":"product-type-simple"},"_links":{"self":[{"href":"https:\/\/wat-tunisia.com\/en\/wp-json\/wp\/v2\/product\/5837","targetHints":{"allow":["GET"]}}],"collection":[{"href":"https:\/\/wat-tunisia.com\/en\/wp-json\/wp\/v2\/product"}],"about":[{"href":"https:\/\/wat-tunisia.com\/en\/wp-json\/wp\/v2\/types\/product"}],"replies":[{"embeddable":true,"href":"https:\/\/wat-tunisia.com\/en\/wp-json\/wp\/v2\/comments?post=5837"}],"wp:featuredmedia":[{"embeddable":true,"href":"https:\/\/wat-tunisia.com\/en\/wp-json\/wp\/v2\/media\/5838"}],"wp:attachment":[{"href":"https:\/\/wat-tunisia.com\/en\/wp-json\/wp\/v2\/media?parent=5837"}],"wp:term":[{"taxonomy":"product_brand","embeddable":true,"href":"https:\/\/wat-tunisia.com\/en\/wp-json\/wp\/v2\/product_brand?post=5837"},{"taxonomy":"product_cat","embeddable":true,"href":"https:\/\/wat-tunisia.com\/en\/wp-json\/wp\/v2\/product_cat?post=5837"},{"taxonomy":"product_tag","embeddable":true,"href":"https:\/\/wat-tunisia.com\/en\/wp-json\/wp\/v2\/product_tag?post=5837"}],"curies":[{"name":"wp","href":"https:\/\/api.w.org\/{rel}","templated":true}]}}