{"id":5833,"date":"2025-11-23T22:46:16","date_gmt":"2025-11-23T21:46:16","guid":{"rendered":"https:\/\/wat-tunisia.com\/?post_type=product&#038;p=5833"},"modified":"2025-12-12T10:35:31","modified_gmt":"2025-12-12T09:35:31","slug":"df-tv7","status":"publish","type":"product","link":"https:\/\/wat-tunisia.com\/en\/product\/df-tv7\/","title":{"rendered":"DF-TV7"},"content":{"rendered":"","protected":false},"excerpt":{"rendered":"<p data-start=\"321\" data-end=\"1037\">Le <strong data-start=\"324\" data-end=\"336\">DF-TV7-T<\/strong> est un <strong data-start=\"344\" data-end=\"399\">d\u00e9tecteur optique de flamme infrarouge multispectre<\/strong> con\u00e7u pour identifier tr\u00e8s rapidement tout <strong data-start=\"443\" data-end=\"460\">d\u00e9part de feu<\/strong>, la <strong data-start=\"465\" data-end=\"486\">pr\u00e9sence de fum\u00e9e<\/strong>, les <strong data-start=\"492\" data-end=\"502\">fum\u00e9es<\/strong>, les flammes et tout <strong data-start=\"524\" data-end=\"544\">d\u00e9but d\u2019incendie<\/strong>. Ce <strong data-start=\"549\" data-end=\"574\">d\u00e9tecteur-avertisseur<\/strong>, compatible avec tous les <strong data-start=\"601\" data-end=\"624\">types de d\u00e9tecteurs<\/strong> (d\u00e9tecteurs de fum\u00e9e, <strong data-start=\"647\" data-end=\"655\">DAAF<\/strong>, d\u00e9tecteur photo\u00e9lectrique, d\u00e9tecteurs optiques, <strong data-start=\"705\" data-end=\"729\">d\u00e9tecteur de chaleur<\/strong>, d\u00e9tecteur autonome, d\u00e9tecteur avertisseur autonome, <strong data-start=\"783\" data-end=\"808\">d\u00e9tecteur de monoxyde<\/strong>, d\u00e9tecteur de monoxyde de carbone ou d\u00e9tecteur de gaz), fonctionne en mode autonome ou reli\u00e9 \u00e0 un <strong data-start=\"907\" data-end=\"927\">syst\u00e8me d\u2019alarme<\/strong>, une <strong data-start=\"933\" data-end=\"954\">centrale d\u2019alarme<\/strong> ou une solution de <strong data-start=\"974\" data-end=\"994\">t\u00e9l\u00e9surveillance<\/strong>, y compris en environnement <strong data-start=\"1023\" data-end=\"1036\">domotique<\/strong>.<\/p>\n<p data-start=\"1039\" data-end=\"1637\">En cas d\u2019incendie, <strong data-start=\"1058\" data-end=\"1076\">cas d\u2019incendie<\/strong> ou <strong data-start=\"1080\" data-end=\"1105\">incendies domestiques<\/strong>, le DF-TV7-T peut <strong data-start=\"1124\" data-end=\"1147\">d\u00e9clencher l\u2019alarme<\/strong>, activer une <strong data-start=\"1161\" data-end=\"1180\">alarme incendie<\/strong>, \u00e9mettre un <strong data-start=\"1193\" data-end=\"1210\">signal sonore<\/strong>, d\u00e9clencher une <strong data-start=\"1227\" data-end=\"1237\">sir\u00e8ne<\/strong>, activer les <strong data-start=\"1251\" data-end=\"1267\">avertisseurs<\/strong>, envoyer une alerte imm\u00e9diate et <strong data-start=\"1301\" data-end=\"1326\">avertir les occupants<\/strong> ou chaque <strong data-start=\"1337\" data-end=\"1349\">occupant<\/strong> d\u2019un logement. L\u2019appareil reste <strong data-start=\"1382\" data-end=\"1405\">conforme \u00e0 la norme<\/strong>, normalis\u00e9, <strong data-start=\"1418\" data-end=\"1430\">certifi\u00e9<\/strong>, compatible <strong data-start=\"1443\" data-end=\"1455\">Norme NF<\/strong> et <strong data-start=\"1459\" data-end=\"1479\">Norme europ\u00e9enne<\/strong>, respectant les exigences de la <strong data-start=\"1512\" data-end=\"1524\">loi Alur<\/strong> pour les <strong data-start=\"1534\" data-end=\"1556\">lieux d\u2019habitation<\/strong> et les logements devant <strong data-start=\"1581\" data-end=\"1597\">\u00eatre \u00e9quip\u00e9s<\/strong> d\u2019un <strong data-start=\"1603\" data-end=\"1627\">avertisseur de fum\u00e9e<\/strong> certifi\u00e9.<\/p>\n<p data-start=\"1639\" data-end=\"2082\">Son installation est simple : <strong data-start=\"1669\" data-end=\"1700\">installation d\u2019un d\u00e9tecteur<\/strong>, <strong data-start=\"1702\" data-end=\"1732\">installation de d\u00e9tecteurs<\/strong>, installer un d\u00e9tecteur de fum\u00e9e ou installer des d\u00e9tecteurs dans des habitations, b\u00e2timents industriels ou zones \u00e0 risque de <strong data-start=\"1859\" data-end=\"1873\">combustion<\/strong>, vapeurs ou d\u00e9gagement de fum\u00e9es. Le bo\u00eetier robuste, le faisceau optique, la technologie infrarouge ou d\u2019ionisation et le <strong data-start=\"1997\" data-end=\"2012\">bouton test<\/strong> assurent un <strong data-start=\"2025\" data-end=\"2047\">bon fonctionnement<\/strong>, sans d\u00e9clenchements intempestifs.<\/p>\n<p data-start=\"2084\" data-end=\"2567\">Le DF-TV7-T fonctionne avec <strong data-start=\"2112\" data-end=\"2120\">pile<\/strong> ou <strong data-start=\"2124\" data-end=\"2140\">pile lithium<\/strong>, compatible avec les batteries <strong data-start=\"2172\" data-end=\"2185\">alcalines<\/strong>, assurant une autonomie durable. Il int\u00e8gre un marquage fiable, une d\u00e9tection incendie renforc\u00e9e et une compatibilit\u00e9 avec les capteurs <strong data-start=\"2322\" data-end=\"2332\">Sensor<\/strong>, en version autonome, filaire ou int\u00e9gr\u00e9e \u00e0 un syst\u00e8me anti-incendie ou anti-intrusion. Il garantit une s\u00e9curit\u00e9 renforc\u00e9e pour les habitations, sites industriels et tout environnement n\u00e9cessitant une <strong data-start=\"2534\" data-end=\"2556\">d\u00e9tection incendie<\/strong> s\u00e9curis\u00e9e.<\/p>\n<p><a href=\"https:\/\/wat-tunisia.com\/wp-content\/uploads\/2025\/11\/wattunisia_1508850697.pdf\"><img loading=\"lazy\" decoding=\"async\" class=\"alignnone wp-image-5184\" src=\"https:\/\/wat-tunisia.com\/wp-content\/uploads\/2025\/11\/document_16064382-300x300.png\" alt=\"\" width=\"43\" height=\"38\" \/><\/a><a href=\"https:\/\/wat-tunisia.com\/wp-content\/uploads\/2025\/11\/wattunisia_1508850697.pdf\">\u00a0Fiche Technique<\/a><\/p>","protected":false},"featured_media":5834,"comment_status":"closed","ping_status":"closed","template":"","meta":[],"product_brand":[],"product_cat":[288,452,454],"product_tag":[],"class_list":{"0":"post-5833","1":"product","2":"type-product","3":"status-publish","4":"has-post-thumbnail","6":"product_cat-detecteurs-de-flamme-fr","7":"product_cat-infra-rouge-ir","8":"product_cat-uv-ir","10":"first","11":"instock","12":"shipping-taxable","13":"product-type-simple"},"_links":{"self":[{"href":"https:\/\/wat-tunisia.com\/en\/wp-json\/wp\/v2\/product\/5833","targetHints":{"allow":["GET"]}}],"collection":[{"href":"https:\/\/wat-tunisia.com\/en\/wp-json\/wp\/v2\/product"}],"about":[{"href":"https:\/\/wat-tunisia.com\/en\/wp-json\/wp\/v2\/types\/product"}],"replies":[{"embeddable":true,"href":"https:\/\/wat-tunisia.com\/en\/wp-json\/wp\/v2\/comments?post=5833"}],"wp:featuredmedia":[{"embeddable":true,"href":"https:\/\/wat-tunisia.com\/en\/wp-json\/wp\/v2\/media\/5834"}],"wp:attachment":[{"href":"https:\/\/wat-tunisia.com\/en\/wp-json\/wp\/v2\/media?parent=5833"}],"wp:term":[{"taxonomy":"product_brand","embeddable":true,"href":"https:\/\/wat-tunisia.com\/en\/wp-json\/wp\/v2\/product_brand?post=5833"},{"taxonomy":"product_cat","embeddable":true,"href":"https:\/\/wat-tunisia.com\/en\/wp-json\/wp\/v2\/product_cat?post=5833"},{"taxonomy":"product_tag","embeddable":true,"href":"https:\/\/wat-tunisia.com\/en\/wp-json\/wp\/v2\/product_tag?post=5833"}],"curies":[{"name":"wp","href":"https:\/\/api.w.org\/{rel}","templated":true}]}}