{"id":5829,"date":"2025-11-23T22:38:39","date_gmt":"2025-11-23T21:38:39","guid":{"rendered":"https:\/\/wat-tunisia.com\/?post_type=product&#038;p=5829"},"modified":"2025-12-12T12:08:56","modified_gmt":"2025-12-12T11:08:56","slug":"gd1h2s","status":"publish","type":"product","link":"https:\/\/wat-tunisia.com\/en\/product\/gd1h2s\/","title":{"rendered":"GD1H2S"},"content":{"rendered":"","protected":false},"excerpt":{"rendered":"<p data-start=\"216\" data-end=\"847\">Le <strong data-start=\"219\" data-end=\"226\">GD1<\/strong> est un d\u00e9tecteur de gaz haute pr\u00e9cision capable de rep\u00e9rer toute fuite, vapeurs, fum\u00e9es, fum\u00e9es \u00e9mises, m\u00e9thane, GPL, combustion, flammes et pr\u00e9sence de fum\u00e9e dans l\u2019air ambiant. <strong data-start=\"406\" data-end=\"431\">Certifi\u00e9, certifi\u00e9 NF<\/strong>, conforme \u00e0 la norme, \u00e0 la norme NF, \u00e0 la norme europ\u00e9enne et au <strong data-start=\"497\" data-end=\"512\">marquage CE<\/strong>, il assure une <strong data-start=\"528\" data-end=\"550\">d\u00e9tection incendie<\/strong> fiable dans tous les lieux d\u2019habitation, foyers et parties communes, conform\u00e9ment aux exigences de la <strong data-start=\"653\" data-end=\"679\">loi ALUR \/ la loi Alur<\/strong>. Ce d\u00e9tecteur autonome ou filaire peut \u00eatre int\u00e9gr\u00e9 \u00e0 un syst\u00e8me d\u2019alarme, une alarme incendie, une alarme sonore, des alarmes classiques ou une solution de domotique.<\/p>\n<p data-start=\"849\" data-end=\"1471\">Le GD1 est compatible avec <strong data-start=\"876\" data-end=\"906\">tous les types de capteurs<\/strong> : d\u00e9tecteurs de fum\u00e9e, d\u00e9tecteur de fum\u00e9e normalis\u00e9, d\u00e9tecteur de fum\u00e9e connect\u00e9, d\u00e9tecteur optique, capteur photo\u00e9lectrique, d\u00e9tecteurs photo\u00e9lectriques, d\u00e9tecteur de chaleur, d\u00e9tecteurs de monoxyde, d\u00e9tecteurs de monoxyde de carbone, avertisseur de fum\u00e9e, DAAF, Nest Protect, d\u00e9tecteur avertisseur autonome ou tout d\u00e9tecteur autonome. En cas de danger, il peut d\u00e9clencher un signal sonore, une sir\u00e8ne, des avertisseurs, <strong data-start=\"1329\" data-end=\"1352\">d\u00e9clencher l\u2019alarme<\/strong>, \u00e9mettre des alertes et <strong data-start=\"1377\" data-end=\"1388\">alerter<\/strong> imm\u00e9diatement tout occupant du logement pour \u00e9viter intoxication ou d\u00e9part de feu.<\/p>\n<p data-start=\"1473\" data-end=\"2167\"><strong data-start=\"1473\" data-end=\"1495\">Facile \u00e0 installer<\/strong> (installer un d\u00e9tecteur, installation de d\u00e9tecteurs, installer un d\u00e9tecteur de fum\u00e9e, \u00eatre install\u00e9, \u00eatre fix\u00e9, \u00eatre \u00e9quip\u00e9, \u00eatre \u00e9quip\u00e9s), le GD1 fonctionne avec piles alcalines ou <strong data-start=\"1678\" data-end=\"1694\">pile lithium<\/strong>. Son bo\u00eetier robuste, son bouton test et son <strong data-start=\"1740\" data-end=\"1762\">bon fonctionnement<\/strong> assurent une protection continue et limitent les d\u00e9clenchements intempestifs. Il s\u2019adapte \u00e0 plusieurs d\u00e9tecteurs d\u00e9j\u00e0 en place, m\u00eame dans les chaudi\u00e8res, zones desservant les b\u00e2timents ou sites \u00e0 risques, garantissant une s\u00e9curit\u00e9 renforc\u00e9e pour le propri\u00e9taire d\u2019un logement, le bailleur et les occupants. Il permet \u00e9galement de <strong data-start=\"2093\" data-end=\"2106\">r\u00e9veiller<\/strong> en cas d\u2019urgence et de rappeler quand <strong data-start=\"2145\" data-end=\"2166\">changer les piles.<\/strong><\/p>\n<p><a href=\"https:\/\/wat-tunisia.com\/wp-content\/uploads\/2025\/11\/wattunisia_1505812360.pdf\"><img loading=\"lazy\" decoding=\"async\" class=\"alignnone wp-image-5184\" src=\"https:\/\/wat-tunisia.com\/wp-content\/uploads\/2025\/11\/document_16064382-300x300.png\" alt=\"\" width=\"43\" height=\"38\" \/><\/a><a href=\"https:\/\/wat-tunisia.com\/wp-content\/uploads\/2025\/11\/wattunisia_1505812360.pdf\">\u00a0Fiche Technique<\/a><\/p>","protected":false},"featured_media":5830,"comment_status":"closed","ping_status":"closed","template":"","meta":[],"product_brand":[],"product_cat":[288,452],"product_tag":[],"class_list":{"0":"post-5829","1":"product","2":"type-product","3":"status-publish","4":"has-post-thumbnail","6":"product_cat-detecteurs-de-flamme-fr","7":"product_cat-infra-rouge-ir","9":"first","10":"instock","11":"shipping-taxable","12":"product-type-simple"},"_links":{"self":[{"href":"https:\/\/wat-tunisia.com\/en\/wp-json\/wp\/v2\/product\/5829","targetHints":{"allow":["GET"]}}],"collection":[{"href":"https:\/\/wat-tunisia.com\/en\/wp-json\/wp\/v2\/product"}],"about":[{"href":"https:\/\/wat-tunisia.com\/en\/wp-json\/wp\/v2\/types\/product"}],"replies":[{"embeddable":true,"href":"https:\/\/wat-tunisia.com\/en\/wp-json\/wp\/v2\/comments?post=5829"}],"wp:featuredmedia":[{"embeddable":true,"href":"https:\/\/wat-tunisia.com\/en\/wp-json\/wp\/v2\/media\/5830"}],"wp:attachment":[{"href":"https:\/\/wat-tunisia.com\/en\/wp-json\/wp\/v2\/media?parent=5829"}],"wp:term":[{"taxonomy":"product_brand","embeddable":true,"href":"https:\/\/wat-tunisia.com\/en\/wp-json\/wp\/v2\/product_brand?post=5829"},{"taxonomy":"product_cat","embeddable":true,"href":"https:\/\/wat-tunisia.com\/en\/wp-json\/wp\/v2\/product_cat?post=5829"},{"taxonomy":"product_tag","embeddable":true,"href":"https:\/\/wat-tunisia.com\/en\/wp-json\/wp\/v2\/product_tag?post=5829"}],"curies":[{"name":"wp","href":"https:\/\/api.w.org\/{rel}","templated":true}]}}