{"id":5826,"date":"2025-11-23T22:33:10","date_gmt":"2025-11-23T21:33:10","guid":{"rendered":"https:\/\/wat-tunisia.com\/?post_type=product&#038;p=5826"},"modified":"2025-12-12T12:20:24","modified_gmt":"2025-12-12T11:20:24","slug":"db100","status":"publish","type":"product","link":"https:\/\/wat-tunisia.com\/en\/product\/db100\/","title":{"rendered":"DB100"},"content":{"rendered":"","protected":false},"excerpt":{"rendered":"<p data-start=\"289\" data-end=\"833\">Le <strong data-start=\"292\" data-end=\"301\">DB100<\/strong> est un <strong data-start=\"309\" data-end=\"339\">capteur de gaz intelligent<\/strong> con\u00e7u pour la <strong data-start=\"354\" data-end=\"374\">d\u00e9tection de gaz<\/strong> toxiques, combustibles et inflammables dans l\u2019<strong data-start=\"421\" data-end=\"436\">air ambiant<\/strong>, dont le <strong data-start=\"446\" data-end=\"457\">m\u00e9thane<\/strong>, le <strong data-start=\"462\" data-end=\"469\">GPL<\/strong>, le <strong data-start=\"474\" data-end=\"484\">butane<\/strong>, le <strong data-start=\"489\" data-end=\"500\">propane<\/strong>, l\u2019<strong data-start=\"504\" data-end=\"517\">hydrog\u00e8ne<\/strong>, l\u2019<strong data-start=\"521\" data-end=\"530\">azote<\/strong>, le <strong data-start=\"535\" data-end=\"563\">dioxyde de carbone (CO\u2082)<\/strong> et le <strong data-start=\"570\" data-end=\"593\">monoxyde de carbone<\/strong>. Gr\u00e2ce \u00e0 ses <strong data-start=\"607\" data-end=\"619\">capteurs<\/strong> \u00e9lectrochimiques, galvaniques, PID et <strong data-start=\"658\" data-end=\"672\">infrarouge<\/strong>, il d\u00e9tecte la moindre <strong data-start=\"696\" data-end=\"715\">pr\u00e9sence de gaz<\/strong>, m\u00eame inodore, et pr\u00e9vient les <strong data-start=\"747\" data-end=\"764\">fuites de gaz<\/strong> ou risques li\u00e9s aux chaudi\u00e8res, incendies ou atmosph\u00e8res explosives.<\/p>\n<p data-start=\"835\" data-end=\"1378\">\u00c9quip\u00e9 d\u2019un <strong data-start=\"847\" data-end=\"860\">afficheur<\/strong>, d\u2019un <strong data-start=\"867\" data-end=\"887\">syst\u00e8me d\u2019alarme<\/strong>, d\u2019une <strong data-start=\"895\" data-end=\"905\">sir\u00e8ne<\/strong>, d\u2019un <strong data-start=\"912\" data-end=\"929\">signal sonore<\/strong> et d\u2019une <strong data-start=\"939\" data-end=\"953\">alarme gaz<\/strong> haute sensibilit\u00e9, le DB100 permet d\u2019<strong data-start=\"991\" data-end=\"1002\">alerter<\/strong> imm\u00e9diatement les <strong data-start=\"1021\" data-end=\"1034\">occupants<\/strong>. Ce <strong data-start=\"1039\" data-end=\"1055\">transmetteur<\/strong> intelligent int\u00e8gre \u00e9galement des fonctions avanc\u00e9es de <strong data-start=\"1112\" data-end=\"1127\">calibration<\/strong>, de <strong data-start=\"1132\" data-end=\"1147\">diagnostics<\/strong>, ainsi qu\u2019un <strong data-start=\"1161\" data-end=\"1172\">testeur<\/strong> pour v\u00e9rifier la fiabilit\u00e9 du dispositif. Compatible avec les <strong data-start=\"1235\" data-end=\"1260\">instruments de mesure<\/strong>, les analyseurs portatifs ou fixes et les syst\u00e8mes industriels, il r\u00e9pond aux exigences des environnements critiques.<\/p>\n<p data-start=\"1380\" data-end=\"1886\">Son bo\u00eetier en acier inoxydable, recouvert d\u2019\u00e9poxy et certifi\u00e9 antid\u00e9flagrant, assure une protection durable contre les liquides, la corrosion et la pression. Le DB100 s\u2019adapte aussi bien aux installations fixes qu\u2019aux solutions <strong data-start=\"1609\" data-end=\"1623\">portatives<\/strong>, permettant d\u2019<strong data-start=\"1638\" data-end=\"1664\">installer un d\u00e9tecteur<\/strong>, d\u2019assurer l\u2019<strong data-start=\"1678\" data-end=\"1709\">installation d\u2019un d\u00e9tecteur<\/strong> conforme, et de compl\u00e9ter un dispositif de s\u00e9curit\u00e9 incluant <strong data-start=\"1771\" data-end=\"1796\">d\u00e9tecteur de monoxyde<\/strong>, <strong data-start=\"1798\" data-end=\"1834\">d\u00e9tecteur de monoxyde de carbone<\/strong>, <strong data-start=\"1836\" data-end=\"1858\">d\u00e9tecteur de fum\u00e9e<\/strong> ou <strong data-start=\"1862\" data-end=\"1885\">d\u00e9tecteurs de fum\u00e9e.<\/strong><\/p>","protected":false},"featured_media":5827,"comment_status":"closed","ping_status":"closed","template":"","meta":[],"product_brand":[],"product_cat":[288,450],"product_tag":[],"class_list":{"0":"post-5826","1":"product","2":"type-product","3":"status-publish","4":"has-post-thumbnail","6":"product_cat-detecteurs-de-flamme-fr","7":"product_cat-gas-detector","9":"first","10":"instock","11":"shipping-taxable","12":"product-type-simple"},"_links":{"self":[{"href":"https:\/\/wat-tunisia.com\/en\/wp-json\/wp\/v2\/product\/5826","targetHints":{"allow":["GET"]}}],"collection":[{"href":"https:\/\/wat-tunisia.com\/en\/wp-json\/wp\/v2\/product"}],"about":[{"href":"https:\/\/wat-tunisia.com\/en\/wp-json\/wp\/v2\/types\/product"}],"replies":[{"embeddable":true,"href":"https:\/\/wat-tunisia.com\/en\/wp-json\/wp\/v2\/comments?post=5826"}],"wp:featuredmedia":[{"embeddable":true,"href":"https:\/\/wat-tunisia.com\/en\/wp-json\/wp\/v2\/media\/5827"}],"wp:attachment":[{"href":"https:\/\/wat-tunisia.com\/en\/wp-json\/wp\/v2\/media?parent=5826"}],"wp:term":[{"taxonomy":"product_brand","embeddable":true,"href":"https:\/\/wat-tunisia.com\/en\/wp-json\/wp\/v2\/product_brand?post=5826"},{"taxonomy":"product_cat","embeddable":true,"href":"https:\/\/wat-tunisia.com\/en\/wp-json\/wp\/v2\/product_cat?post=5826"},{"taxonomy":"product_tag","embeddable":true,"href":"https:\/\/wat-tunisia.com\/en\/wp-json\/wp\/v2\/product_tag?post=5826"}],"curies":[{"name":"wp","href":"https:\/\/api.w.org\/{rel}","templated":true}]}}