{"id":5823,"date":"2025-11-23T22:28:27","date_gmt":"2025-11-23T21:28:27","guid":{"rendered":"https:\/\/wat-tunisia.com\/?post_type=product&#038;p=5823"},"modified":"2025-12-12T15:34:04","modified_gmt":"2025-12-12T14:34:04","slug":"da100","status":"publish","type":"product","link":"https:\/\/wat-tunisia.com\/en\/product\/da100\/","title":{"rendered":"DA100"},"content":{"rendered":"","protected":false},"excerpt":{"rendered":"<p data-start=\"337\" data-end=\"885\">Le <strong data-start=\"340\" data-end=\"349\">DA100<\/strong> est un <strong data-start=\"357\" data-end=\"370\">d\u00e9tecteur<\/strong>, <strong data-start=\"372\" data-end=\"392\">d\u00e9tecteur de gaz<\/strong>, <strong data-start=\"394\" data-end=\"412\">capteur de gaz<\/strong> et <strong data-start=\"416\" data-end=\"426\">sensor<\/strong> d\u00e9di\u00e9 \u00e0 la <strong data-start=\"438\" data-end=\"458\">d\u00e9tection de gaz<\/strong> inflammables dans l\u2019<strong data-start=\"479\" data-end=\"494\">air ambiant<\/strong>, incluant m\u00e9thane, gaz naturel, butane, hydrocarbures, hydrog\u00e8ne, CO\u2082, H\u2082S et liquides inflammables. Gr\u00e2ce \u00e0 ses <strong data-start=\"608\" data-end=\"620\">capteurs<\/strong>, <strong data-start=\"622\" data-end=\"632\">sondes<\/strong>, sondes infrarouge, sondes \u00e9lectrochimiques et sondes de mesure, il assure une <strong data-start=\"712\" data-end=\"731\">analyse des gaz<\/strong> pr\u00e9cise, un <strong data-start=\"744\" data-end=\"764\">temps de r\u00e9ponse<\/strong> rapide et un contr\u00f4le fiable des <strong data-start=\"798\" data-end=\"808\">fuites<\/strong>, fuites de gaz et pr\u00e9sence de gaz autour des chaudi\u00e8res ou zones thermiques.<\/p>\n<p data-start=\"887\" data-end=\"1407\">Le DA100 fonctionne comme <strong data-start=\"913\" data-end=\"935\">appareil de mesure<\/strong>, <strong data-start=\"937\" data-end=\"961\">instrument de mesure<\/strong>, <strong data-start=\"963\" data-end=\"986\">appareils de mesure<\/strong>, <strong data-start=\"988\" data-end=\"1001\">analyseur<\/strong>, <strong data-start=\"1003\" data-end=\"1023\">analyseur de gaz<\/strong>, testeur, mesureur et mat\u00e9riel de mesure compatible avec <strong data-start=\"1081\" data-end=\"1091\">\u00e9talon<\/strong>, \u00e9talonnage, <strong data-start=\"1105\" data-end=\"1120\">calibration<\/strong>, calibrage, PPM, conductivit\u00e9, d\u00e9bitm\u00e8tre, ozone, dioxyde, dioxyde de carbone et grandeurs diverses. Il peut \u00eatre utilis\u00e9 avec des \u00e9quipements <strong data-start=\"1264\" data-end=\"1277\">portables<\/strong>, portatifs, fixes, <strong data-start=\"1297\" data-end=\"1313\">enregistreur<\/strong>, PCE Instruments, PCE, thermom\u00e8tre, manom\u00e8tre, jauge ou instruments d\u00e9di\u00e9s \u00e0 l\u2019air int\u00e9rieur.<\/p>\n<p data-start=\"1409\" data-end=\"1845\">En environnement sensible, le DA100 active <strong data-start=\"1452\" data-end=\"1463\">alarmes<\/strong>, \u00a0<strong data-start=\"161\" data-end=\"178\">alarme de gaz<\/strong>, <strong data-start=\"1483\" data-end=\"1500\">d\u00e9clenchement<\/strong>, <strong data-start=\"1502\" data-end=\"1519\">signal sonore<\/strong>, avertisseur et syst\u00e8mes d\u2019alarme en cas d\u2019inflammables d\u00e9tect\u00e9s. Son bo\u00eetier inox et son transmetteur en aluminium \u00e9poxy offrent une protection antid\u00e9flagrante. Aliment\u00e9 par <strong data-start=\"1695\" data-end=\"1704\">piles<\/strong>, piles lithium, il garantit un <strong data-start=\"1736\" data-end=\"1758\">bon fonctionnement<\/strong> pour toutes mesures de d\u00e9tection, mesures de gaz et contr\u00f4le continu de l\u2019air ambiant.<\/p>","protected":false},"featured_media":5824,"comment_status":"closed","ping_status":"closed","template":"","meta":[],"product_brand":[],"product_cat":[288,450],"product_tag":[],"class_list":{"0":"post-5823","1":"product","2":"type-product","3":"status-publish","4":"has-post-thumbnail","6":"product_cat-detecteurs-de-flamme-fr","7":"product_cat-gas-detector","9":"first","10":"instock","11":"shipping-taxable","12":"product-type-simple"},"_links":{"self":[{"href":"https:\/\/wat-tunisia.com\/en\/wp-json\/wp\/v2\/product\/5823","targetHints":{"allow":["GET"]}}],"collection":[{"href":"https:\/\/wat-tunisia.com\/en\/wp-json\/wp\/v2\/product"}],"about":[{"href":"https:\/\/wat-tunisia.com\/en\/wp-json\/wp\/v2\/types\/product"}],"replies":[{"embeddable":true,"href":"https:\/\/wat-tunisia.com\/en\/wp-json\/wp\/v2\/comments?post=5823"}],"wp:featuredmedia":[{"embeddable":true,"href":"https:\/\/wat-tunisia.com\/en\/wp-json\/wp\/v2\/media\/5824"}],"wp:attachment":[{"href":"https:\/\/wat-tunisia.com\/en\/wp-json\/wp\/v2\/media?parent=5823"}],"wp:term":[{"taxonomy":"product_brand","embeddable":true,"href":"https:\/\/wat-tunisia.com\/en\/wp-json\/wp\/v2\/product_brand?post=5823"},{"taxonomy":"product_cat","embeddable":true,"href":"https:\/\/wat-tunisia.com\/en\/wp-json\/wp\/v2\/product_cat?post=5823"},{"taxonomy":"product_tag","embeddable":true,"href":"https:\/\/wat-tunisia.com\/en\/wp-json\/wp\/v2\/product_tag?post=5823"}],"curies":[{"name":"wp","href":"https:\/\/api.w.org\/{rel}","templated":true}]}}