{"id":5820,"date":"2025-11-23T22:01:02","date_gmt":"2025-11-23T21:01:02","guid":{"rendered":"https:\/\/wat-tunisia.com\/?post_type=product&#038;p=5820"},"modified":"2025-11-23T22:27:42","modified_gmt":"2025-11-23T21:27:42","slug":"hydrogen-flame-detector-rfd-2000x-h-copie","status":"publish","type":"product","link":"https:\/\/wat-tunisia.com\/en\/product\/hydrogen-flame-detector-rfd-2000x-h-copie\/","title":{"rendered":"DC100"},"content":{"rendered":"","protected":false},"excerpt":{"rendered":"<p class=\"\" data-start=\"0\" data-end=\"316\"><span dir=\"auto\">Le d\u00e9tecteur\u00a0<\/span><b><span dir=\"auto\">DC100<\/span><\/b><span dir=\"auto\">\u00a0est un appareil antid\u00e9flagrant con\u00e7u pour d\u00e9tecter les fuites de gaz inflammables sur les sites industriels et pr\u00e9venir les explosions et les incendies.<\/span><\/p>\n<p class=\"\" data-start=\"0\" data-end=\"316\"><span dir=\"auto\">\u00a0Il s&rsquo;agit d&rsquo;un d\u00e9tecteur \u00e9metteur \u00e0 affichage de terrain qui d\u00e9tecte les fuites de gaz en temps r\u00e9el et affiche les valeurs de concentration mesur\u00e9es sur un dispositif d&rsquo;affichage int\u00e9gr\u00e9.<\/span><\/p>\n<p class=\"\" data-start=\"318\" data-end=\"668\"><span dir=\"auto\">De plus, les valeurs de concentration d\u00e9tect\u00e9es sont converties en un signal de sortie standard CC 4\u201320 mA et transmises en externe, avec une distance de transmission maximale allant jusqu&rsquo;\u00e0 2000 m\u00e8tres.\u00a0<\/span><\/p>\n<p class=\"\" data-start=\"318\" data-end=\"668\"><span dir=\"auto\">En option, une carte PCB relais peut \u00eatre connect\u00e9e \u00e0 la carte PCB principale sous forme modulaire, offrant un total de trois sorties de contact (Alarme1, Alarme2 et D\u00e9faut).<\/span><\/p>","protected":false},"featured_media":5821,"comment_status":"closed","ping_status":"closed","template":"","meta":[],"product_brand":[],"product_cat":[288,450],"product_tag":[],"class_list":{"0":"post-5820","1":"product","2":"type-product","3":"status-publish","4":"has-post-thumbnail","6":"product_cat-detecteurs-de-flamme-fr","7":"product_cat-gas-detector","9":"first","10":"instock","11":"shipping-taxable","12":"product-type-simple"},"_links":{"self":[{"href":"https:\/\/wat-tunisia.com\/en\/wp-json\/wp\/v2\/product\/5820","targetHints":{"allow":["GET"]}}],"collection":[{"href":"https:\/\/wat-tunisia.com\/en\/wp-json\/wp\/v2\/product"}],"about":[{"href":"https:\/\/wat-tunisia.com\/en\/wp-json\/wp\/v2\/types\/product"}],"replies":[{"embeddable":true,"href":"https:\/\/wat-tunisia.com\/en\/wp-json\/wp\/v2\/comments?post=5820"}],"wp:featuredmedia":[{"embeddable":true,"href":"https:\/\/wat-tunisia.com\/en\/wp-json\/wp\/v2\/media\/5821"}],"wp:attachment":[{"href":"https:\/\/wat-tunisia.com\/en\/wp-json\/wp\/v2\/media?parent=5820"}],"wp:term":[{"taxonomy":"product_brand","embeddable":true,"href":"https:\/\/wat-tunisia.com\/en\/wp-json\/wp\/v2\/product_brand?post=5820"},{"taxonomy":"product_cat","embeddable":true,"href":"https:\/\/wat-tunisia.com\/en\/wp-json\/wp\/v2\/product_cat?post=5820"},{"taxonomy":"product_tag","embeddable":true,"href":"https:\/\/wat-tunisia.com\/en\/wp-json\/wp\/v2\/product_tag?post=5820"}],"curies":[{"name":"wp","href":"https:\/\/api.w.org\/{rel}","templated":true}]}}