{"id":5816,"date":"2025-11-23T21:52:06","date_gmt":"2025-11-23T20:52:06","guid":{"rendered":"https:\/\/wat-tunisia.com\/?post_type=product&#038;p=5816"},"modified":"2025-11-23T21:54:24","modified_gmt":"2025-11-23T20:54:24","slug":"hydrogen-flame-detector-rfd-2ftn-h","status":"publish","type":"product","link":"https:\/\/wat-tunisia.com\/en\/product\/hydrogen-flame-detector-rfd-2ftn-h\/","title":{"rendered":"Hydrogen Flame Detector | RFD-2FTN-H"},"content":{"rendered":"","protected":false},"excerpt":{"rendered":"<p><span dir=\"auto\">Le RFD-2FTN-H est un d\u00e9tecteur de flamme \u00e0 hydrog\u00e8ne de type UV\/IR avec des certifications internationales.<\/span><\/p>\n<p><span dir=\"auto\">D\u00e9tecter un incendie lorsque les capteurs UV et IR d\u00e9tectent simultan\u00e9ment la pr\u00e9sence d&rsquo;une flamme \u00e0 base d&rsquo;hydrog\u00e8ne et d&rsquo;hydrocarbures.<\/span><\/p>\n<p><span dir=\"auto\">Autorisations d&rsquo;exploitation en zones dangereuses.<\/span><\/p>\n<p><span dir=\"auto\">Options de sortie s\u00e9lectionnables par l&rsquo;utilisateur parmi les relais, la sortie par paliers 4-20\u00a0kHz et le RS-485.<\/span><\/p>","protected":false},"featured_media":5777,"comment_status":"closed","ping_status":"closed","template":"","meta":[],"product_brand":[],"product_cat":[288,448,444],"product_tag":[],"class_list":{"0":"post-5816","1":"product","2":"type-product","3":"status-publish","4":"has-post-thumbnail","6":"product_cat-detecteurs-de-flamme-fr","7":"product_cat-hydrogen-flame-detector","8":"product_cat-specialized-flame-detector","10":"first","11":"instock","12":"shipping-taxable","13":"product-type-simple"},"_links":{"self":[{"href":"https:\/\/wat-tunisia.com\/en\/wp-json\/wp\/v2\/product\/5816","targetHints":{"allow":["GET"]}}],"collection":[{"href":"https:\/\/wat-tunisia.com\/en\/wp-json\/wp\/v2\/product"}],"about":[{"href":"https:\/\/wat-tunisia.com\/en\/wp-json\/wp\/v2\/types\/product"}],"replies":[{"embeddable":true,"href":"https:\/\/wat-tunisia.com\/en\/wp-json\/wp\/v2\/comments?post=5816"}],"wp:featuredmedia":[{"embeddable":true,"href":"https:\/\/wat-tunisia.com\/en\/wp-json\/wp\/v2\/media\/5777"}],"wp:attachment":[{"href":"https:\/\/wat-tunisia.com\/en\/wp-json\/wp\/v2\/media?parent=5816"}],"wp:term":[{"taxonomy":"product_brand","embeddable":true,"href":"https:\/\/wat-tunisia.com\/en\/wp-json\/wp\/v2\/product_brand?post=5816"},{"taxonomy":"product_cat","embeddable":true,"href":"https:\/\/wat-tunisia.com\/en\/wp-json\/wp\/v2\/product_cat?post=5816"},{"taxonomy":"product_tag","embeddable":true,"href":"https:\/\/wat-tunisia.com\/en\/wp-json\/wp\/v2\/product_tag?post=5816"}],"curies":[{"name":"wp","href":"https:\/\/api.w.org\/{rel}","templated":true}]}}