{"id":5803,"date":"2025-11-23T21:30:42","date_gmt":"2025-11-23T20:30:42","guid":{"rendered":"https:\/\/wat-tunisia.com\/?post_type=product&#038;p=5803"},"modified":"2025-11-23T21:35:40","modified_gmt":"2025-11-23T20:35:40","slug":"ir3-flame-detector-rfd-3000","status":"publish","type":"product","link":"https:\/\/wat-tunisia.com\/en\/product\/ir3-flame-detector-rfd-3000\/","title":{"rendered":"IR3 Flame Detector | RFD-3000"},"content":{"rendered":"","protected":false},"excerpt":{"rendered":"<p><span dir=\"auto\">Le RFD-3000 est un d\u00e9tecteur de flamme triple IR (IR3) avec des certifications internationales.<\/span><\/p>\n<p><span dir=\"auto\">Identifier un incendie en analysant les longueurs d&rsquo;onde infrarouges d&rsquo;une flamme \u00e9loign\u00e9e.<\/span><\/p>\n<p><span dir=\"auto\">Port\u00e9e de d\u00e9tection maximale de 60 m\u00e8tres avec un c\u00f4ne de vision de 90 degr\u00e9s.<\/span><\/p>\n<p><span dir=\"auto\">Options de sortie s\u00e9lectionnables par l&rsquo;utilisateur parmi les relais, la sortie par paliers 4-20\u00a0kHz et le RS-485.<\/span><\/p>","protected":false},"featured_media":5804,"comment_status":"closed","ping_status":"closed","template":"","meta":[],"product_brand":[],"product_cat":[288,438],"product_tag":[],"class_list":{"0":"post-5803","1":"product","2":"type-product","3":"status-publish","4":"has-post-thumbnail","6":"product_cat-detecteurs-de-flamme-fr","7":"product_cat-ir3-flame-detector","9":"first","10":"instock","11":"shipping-taxable","12":"product-type-simple"},"_links":{"self":[{"href":"https:\/\/wat-tunisia.com\/en\/wp-json\/wp\/v2\/product\/5803","targetHints":{"allow":["GET"]}}],"collection":[{"href":"https:\/\/wat-tunisia.com\/en\/wp-json\/wp\/v2\/product"}],"about":[{"href":"https:\/\/wat-tunisia.com\/en\/wp-json\/wp\/v2\/types\/product"}],"replies":[{"embeddable":true,"href":"https:\/\/wat-tunisia.com\/en\/wp-json\/wp\/v2\/comments?post=5803"}],"wp:featuredmedia":[{"embeddable":true,"href":"https:\/\/wat-tunisia.com\/en\/wp-json\/wp\/v2\/media\/5804"}],"wp:attachment":[{"href":"https:\/\/wat-tunisia.com\/en\/wp-json\/wp\/v2\/media?parent=5803"}],"wp:term":[{"taxonomy":"product_brand","embeddable":true,"href":"https:\/\/wat-tunisia.com\/en\/wp-json\/wp\/v2\/product_brand?post=5803"},{"taxonomy":"product_cat","embeddable":true,"href":"https:\/\/wat-tunisia.com\/en\/wp-json\/wp\/v2\/product_cat?post=5803"},{"taxonomy":"product_tag","embeddable":true,"href":"https:\/\/wat-tunisia.com\/en\/wp-json\/wp\/v2\/product_tag?post=5803"}],"curies":[{"name":"wp","href":"https:\/\/api.w.org\/{rel}","templated":true}]}}