{"id":5799,"date":"2025-11-23T21:24:31","date_gmt":"2025-11-23T20:24:31","guid":{"rendered":"https:\/\/wat-tunisia.com\/?post_type=product&#038;p=5799"},"modified":"2025-11-23T21:28:49","modified_gmt":"2025-11-23T20:28:49","slug":"ir3-flame-detector-rfd-6x","status":"publish","type":"product","link":"https:\/\/wat-tunisia.com\/en\/product\/ir3-flame-detector-rfd-6x\/","title":{"rendered":"IR3 Flame Detector | RFD-6X"},"content":{"rendered":"","protected":false},"excerpt":{"rendered":"<p><b><span dir=\"auto\">Le RFD-6X<\/span><\/b><span dir=\"auto\">\u00a0est un d\u00e9tecteur de flamme triple IR (IR3).<\/span><\/p>\n<p><span dir=\"auto\">Identifier un incendie en analysant les longueurs d&rsquo;onde infrarouges d&rsquo;une flamme.<\/span><\/p>\n<p><span dir=\"auto\">Port\u00e9e de d\u00e9tection maximale de 50 m\u00e8tres avec un c\u00f4ne de vision de 90 degr\u00e9s.\u00a0<\/span><\/p>\n<p><span dir=\"auto\">Autorisations d&rsquo;exploitation en zones dangereuses.<\/span><\/p>\n<p><span dir=\"auto\">Options de sortie s\u00e9lectionnables par l&rsquo;utilisateur parmi les relais<\/span><\/p>","protected":false},"featured_media":5800,"comment_status":"closed","ping_status":"closed","template":"","meta":[],"product_brand":[],"product_cat":[288,438],"product_tag":[],"class_list":{"0":"post-5799","1":"product","2":"type-product","3":"status-publish","4":"has-post-thumbnail","6":"product_cat-detecteurs-de-flamme-fr","7":"product_cat-ir3-flame-detector","9":"first","10":"instock","11":"shipping-taxable","12":"product-type-simple"},"_links":{"self":[{"href":"https:\/\/wat-tunisia.com\/en\/wp-json\/wp\/v2\/product\/5799","targetHints":{"allow":["GET"]}}],"collection":[{"href":"https:\/\/wat-tunisia.com\/en\/wp-json\/wp\/v2\/product"}],"about":[{"href":"https:\/\/wat-tunisia.com\/en\/wp-json\/wp\/v2\/types\/product"}],"replies":[{"embeddable":true,"href":"https:\/\/wat-tunisia.com\/en\/wp-json\/wp\/v2\/comments?post=5799"}],"wp:featuredmedia":[{"embeddable":true,"href":"https:\/\/wat-tunisia.com\/en\/wp-json\/wp\/v2\/media\/5800"}],"wp:attachment":[{"href":"https:\/\/wat-tunisia.com\/en\/wp-json\/wp\/v2\/media?parent=5799"}],"wp:term":[{"taxonomy":"product_brand","embeddable":true,"href":"https:\/\/wat-tunisia.com\/en\/wp-json\/wp\/v2\/product_brand?post=5799"},{"taxonomy":"product_cat","embeddable":true,"href":"https:\/\/wat-tunisia.com\/en\/wp-json\/wp\/v2\/product_cat?post=5799"},{"taxonomy":"product_tag","embeddable":true,"href":"https:\/\/wat-tunisia.com\/en\/wp-json\/wp\/v2\/product_tag?post=5799"}],"curies":[{"name":"wp","href":"https:\/\/api.w.org\/{rel}","templated":true}]}}