{"id":5764,"date":"2025-11-22T12:26:34","date_gmt":"2025-11-22T11:26:34","guid":{"rendered":"https:\/\/wat-tunisia.com\/?post_type=product&#038;p=5764"},"modified":"2025-11-22T12:31:31","modified_gmt":"2025-11-22T11:31:31","slug":"cartouche-en-polypropylene-plisse-pp95bhf5l","status":"publish","type":"product","link":"https:\/\/wat-tunisia.com\/en\/product\/cartouche-en-polypropylene-plisse-pp95bhf5l\/","title":{"rendered":"Cartouche en polypropyl\u00e8ne pliss\u00e9 PP95BHF5L"},"content":{"rendered":"","protected":false},"excerpt":{"rendered":"<div class=\"woocommerce-product-details__short-description\">\n<div class=\"show-more\">\n<div class=\"woocommerce-product-details__short-description\">\n<div class=\"show-more\">\n<div class=\"woocommerce-product-details__short-description\">\n<div class=\"show-more\">\n<p>Les cartouches PP95BHF5L sont fabriqu\u00e9es en polypropyl\u00e8ne pliss\u00e9. Elles sont compos\u00e9es d\u2019un m\u00e9dia filtrant en polypropyl\u00e8ne \u00e0 3 couches, soutenu par une maille de drainage externe en PP et une maille de drainage interne \u00e9galement en PP (syst\u00e8me de filtration \u00e0 5 couches). Le support interne et les embouts sont en polypropyl\u00e8ne rigide moul\u00e9. La maille de drainage externe du syst\u00e8me de filtration 5 Layers garantit l\u2019alimentation continue en eau \u00e0 l\u2019int\u00e9rieur de chaque pli, m\u00eame en cas d\u2019encrassement important. La maille de drainage interne emp\u00eache la fermeture du pli due \u00e0 l\u2019augmentation de la pression provoqu\u00e9e par l\u2019accumulation de particules dans le m\u00e9dia filtrant, assurant en permanence le flux constant de l\u2019eau filtr\u00e9e vers le support interne de la cartouche. Gr\u00e2ce \u00e0 ce syst\u00e8me de filtration sp\u00e9cial \u00e0 5 couches, les cartouches PP95BHF5L offrent une dur\u00e9e de vie sup\u00e9rieure \u00e0 celle des cartouches filtrantes classiques de m\u00eame surface disponibles sur le march\u00e9. Ces cartouches sont id\u00e9ales pour la finition finale des eaux contenant des particules de taille homog\u00e8ne.<\/p>\n<p><a href=\"https:\/\/wat-tunisia.com\/wp-content\/uploads\/2025\/11\/PP95BHF5L.pdf\"><img loading=\"lazy\" decoding=\"async\" class=\"alignnone wp-image-5184\" src=\"https:\/\/wat-tunisia.com\/wp-content\/uploads\/2025\/11\/document_16064382-300x300.png\" alt=\"\" width=\"43\" height=\"38\" \/><\/a><a href=\"https:\/\/wat-tunisia.com\/wp-content\/uploads\/2025\/11\/PP95BHF5L.pdf\">\u00a0Fiche Technique<\/a><\/p>\n<\/div>\n<\/div>\n<\/div>\n<\/div>\n<\/div>\n<\/div>","protected":false},"featured_media":5766,"comment_status":"closed","ping_status":"closed","template":"","meta":[],"product_brand":[],"product_cat":[432,291,290,424],"product_tag":[],"class_list":{"0":"post-5764","1":"product","2":"type-product","3":"status-publish","4":"has-post-thumbnail","6":"product_cat-filterbig-bhf","7":"product_cat-filtre-a-cartouche-fr","8":"product_cat-filtres-liquides-fr","9":"product_cat-filtres-plisses","11":"first","12":"instock","13":"shipping-taxable","14":"product-type-simple"},"_links":{"self":[{"href":"https:\/\/wat-tunisia.com\/en\/wp-json\/wp\/v2\/product\/5764","targetHints":{"allow":["GET"]}}],"collection":[{"href":"https:\/\/wat-tunisia.com\/en\/wp-json\/wp\/v2\/product"}],"about":[{"href":"https:\/\/wat-tunisia.com\/en\/wp-json\/wp\/v2\/types\/product"}],"replies":[{"embeddable":true,"href":"https:\/\/wat-tunisia.com\/en\/wp-json\/wp\/v2\/comments?post=5764"}],"wp:featuredmedia":[{"embeddable":true,"href":"https:\/\/wat-tunisia.com\/en\/wp-json\/wp\/v2\/media\/5766"}],"wp:attachment":[{"href":"https:\/\/wat-tunisia.com\/en\/wp-json\/wp\/v2\/media?parent=5764"}],"wp:term":[{"taxonomy":"product_brand","embeddable":true,"href":"https:\/\/wat-tunisia.com\/en\/wp-json\/wp\/v2\/product_brand?post=5764"},{"taxonomy":"product_cat","embeddable":true,"href":"https:\/\/wat-tunisia.com\/en\/wp-json\/wp\/v2\/product_cat?post=5764"},{"taxonomy":"product_tag","embeddable":true,"href":"https:\/\/wat-tunisia.com\/en\/wp-json\/wp\/v2\/product_tag?post=5764"}],"curies":[{"name":"wp","href":"https:\/\/api.w.org\/{rel}","templated":true}]}}