{"id":5753,"date":"2025-11-22T12:10:29","date_gmt":"2025-11-22T11:10:29","guid":{"rendered":"https:\/\/wat-tunisia.com\/?post_type=product&#038;p=5753"},"modified":"2025-11-22T12:13:46","modified_gmt":"2025-11-22T11:13:46","slug":"cartouche-a-membrane-en-polyethersulfone-plissee-pes99g","status":"publish","type":"product","link":"https:\/\/wat-tunisia.com\/en\/product\/cartouche-a-membrane-en-polyethersulfone-plissee-pes99g\/","title":{"rendered":"Cartouche \u00e0 membrane en poly\u00e9thersulfone pliss\u00e9e PES99G+"},"content":{"rendered":"","protected":false},"excerpt":{"rendered":"<div class=\"woocommerce-product-details__short-description\">\n<div class=\"show-more\">\n<div class=\"woocommerce-product-details__short-description\">\n<div class=\"show-more\">\n<div class=\"woocommerce-product-details__short-description\">\n<div class=\"show-more\">\n<p>Les cartouches filtrantes st\u00e9rilisantes PES \u00e0 membrane pliss\u00e9e en poly\u00e9thersulfone sont disponibles en plusieurs longueurs : 9 3\/4&Prime;, 20&Prime;, 30&Prime; et 40&Prime;, et avec diff\u00e9rents degr\u00e9s de filtration : de 0,05 micron \u00e0 80 microns. Toutes les cartouches pliss\u00e9es en PES (poly\u00e9thersulfone) garantissent une filtration absolue et sont d\u00e9sinfectables \u00e0 chaud.<\/p>\n<p><a href=\"https:\/\/wat-tunisia.com\/wp-content\/uploads\/2025\/11\/PES99G.pdf\"><img loading=\"lazy\" decoding=\"async\" class=\"alignnone wp-image-5184\" src=\"https:\/\/wat-tunisia.com\/wp-content\/uploads\/2025\/11\/document_16064382-300x300.png\" alt=\"\" width=\"43\" height=\"38\" \/><\/a><a href=\"https:\/\/wat-tunisia.com\/wp-content\/uploads\/2025\/11\/PES99G.pdf\">\u00a0Fiche Technique<\/a><\/p>\n<\/div>\n<\/div>\n<\/div>\n<\/div>\n<\/div>\n<\/div>","protected":false},"featured_media":5748,"comment_status":"closed","ping_status":"closed","template":"","meta":[],"product_brand":[],"product_cat":[291,290,424,426],"product_tag":[],"class_list":{"0":"post-5753","1":"product","2":"type-product","3":"status-publish","4":"has-post-thumbnail","6":"product_cat-filtre-a-cartouche-fr","7":"product_cat-filtres-liquides-fr","8":"product_cat-filtres-plisses","9":"product_cat-standard","11":"first","12":"instock","13":"shipping-taxable","14":"product-type-simple"},"_links":{"self":[{"href":"https:\/\/wat-tunisia.com\/en\/wp-json\/wp\/v2\/product\/5753","targetHints":{"allow":["GET"]}}],"collection":[{"href":"https:\/\/wat-tunisia.com\/en\/wp-json\/wp\/v2\/product"}],"about":[{"href":"https:\/\/wat-tunisia.com\/en\/wp-json\/wp\/v2\/types\/product"}],"replies":[{"embeddable":true,"href":"https:\/\/wat-tunisia.com\/en\/wp-json\/wp\/v2\/comments?post=5753"}],"wp:featuredmedia":[{"embeddable":true,"href":"https:\/\/wat-tunisia.com\/en\/wp-json\/wp\/v2\/media\/5748"}],"wp:attachment":[{"href":"https:\/\/wat-tunisia.com\/en\/wp-json\/wp\/v2\/media?parent=5753"}],"wp:term":[{"taxonomy":"product_brand","embeddable":true,"href":"https:\/\/wat-tunisia.com\/en\/wp-json\/wp\/v2\/product_brand?post=5753"},{"taxonomy":"product_cat","embeddable":true,"href":"https:\/\/wat-tunisia.com\/en\/wp-json\/wp\/v2\/product_cat?post=5753"},{"taxonomy":"product_tag","embeddable":true,"href":"https:\/\/wat-tunisia.com\/en\/wp-json\/wp\/v2\/product_tag?post=5753"}],"curies":[{"name":"wp","href":"https:\/\/api.w.org\/{rel}","templated":true}]}}