{"id":5746,"date":"2025-11-22T11:59:51","date_gmt":"2025-11-22T10:59:51","guid":{"rendered":"https:\/\/wat-tunisia.com\/?post_type=product&#038;p=5746"},"modified":"2025-11-22T12:05:16","modified_gmt":"2025-11-22T11:05:16","slug":"cartouche-en-polypropylene-plisse-pp95g","status":"publish","type":"product","link":"https:\/\/wat-tunisia.com\/en\/product\/cartouche-en-polypropylene-plisse-pp95g\/","title":{"rendered":"Cartouche en polypropyl\u00e8ne pliss\u00e9 PP95G+"},"content":{"rendered":"","protected":false},"excerpt":{"rendered":"<div class=\"woocommerce-product-details__short-description\">\n<div class=\"show-more\">\n<div class=\"woocommerce-product-details__short-description\">\n<div class=\"show-more\">\n<div class=\"woocommerce-product-details__short-description\">\n<div class=\"show-more\">\n<p>Les cartouches filtrantes pliss\u00e9es PP95G+ sont fabriqu\u00e9es avec un tissu filtrant en polypropyl\u00e8ne, un support interne en polypropyl\u00e8ne et une cage externe en polypropyl\u00e8ne. Diff\u00e9rents degr\u00e9s de filtration sont disponibles avec une efficacit\u00e9 nominale de 95 %. Les cartouches filtrantes pliss\u00e9es sont disponibles en version DOE (double open end) ainsi qu\u2019avec plusieurs types de connexions (extr\u00e9mit\u00e9s) C2, C3, C7 et C8.<\/p>\n<p><a href=\"https:\/\/wat-tunisia.com\/wp-content\/uploads\/2025\/11\/PP95G.pdf\"><img loading=\"lazy\" decoding=\"async\" class=\"alignnone wp-image-5184\" src=\"https:\/\/wat-tunisia.com\/wp-content\/uploads\/2025\/11\/document_16064382-300x300.png\" alt=\"\" width=\"43\" height=\"38\" \/><\/a><a href=\"https:\/\/wat-tunisia.com\/wp-content\/uploads\/2025\/11\/PP95G.pdf\">\u00a0Fiche Technique<\/a><\/p>\n<\/div>\n<\/div>\n<\/div>\n<\/div>\n<\/div>\n<\/div>","protected":false},"featured_media":5748,"comment_status":"closed","ping_status":"closed","template":"","meta":[],"product_brand":[],"product_cat":[291,290,424,426],"product_tag":[],"class_list":{"0":"post-5746","1":"product","2":"type-product","3":"status-publish","4":"has-post-thumbnail","6":"product_cat-filtre-a-cartouche-fr","7":"product_cat-filtres-liquides-fr","8":"product_cat-filtres-plisses","9":"product_cat-standard","11":"first","12":"instock","13":"shipping-taxable","14":"product-type-simple"},"_links":{"self":[{"href":"https:\/\/wat-tunisia.com\/en\/wp-json\/wp\/v2\/product\/5746","targetHints":{"allow":["GET"]}}],"collection":[{"href":"https:\/\/wat-tunisia.com\/en\/wp-json\/wp\/v2\/product"}],"about":[{"href":"https:\/\/wat-tunisia.com\/en\/wp-json\/wp\/v2\/types\/product"}],"replies":[{"embeddable":true,"href":"https:\/\/wat-tunisia.com\/en\/wp-json\/wp\/v2\/comments?post=5746"}],"wp:featuredmedia":[{"embeddable":true,"href":"https:\/\/wat-tunisia.com\/en\/wp-json\/wp\/v2\/media\/5748"}],"wp:attachment":[{"href":"https:\/\/wat-tunisia.com\/en\/wp-json\/wp\/v2\/media?parent=5746"}],"wp:term":[{"taxonomy":"product_brand","embeddable":true,"href":"https:\/\/wat-tunisia.com\/en\/wp-json\/wp\/v2\/product_brand?post=5746"},{"taxonomy":"product_cat","embeddable":true,"href":"https:\/\/wat-tunisia.com\/en\/wp-json\/wp\/v2\/product_cat?post=5746"},{"taxonomy":"product_tag","embeddable":true,"href":"https:\/\/wat-tunisia.com\/en\/wp-json\/wp\/v2\/product_tag?post=5746"}],"curies":[{"name":"wp","href":"https:\/\/api.w.org\/{rel}","templated":true}]}}