{"id":5742,"date":"2025-11-22T11:46:13","date_gmt":"2025-11-22T10:46:13","guid":{"rendered":"https:\/\/wat-tunisia.com\/?post_type=product&#038;p=5742"},"modified":"2025-11-22T11:59:08","modified_gmt":"2025-11-22T10:59:08","slug":"cartouche-en-polypropylene-extrude-n95bl200","status":"publish","type":"product","link":"https:\/\/wat-tunisia.com\/en\/product\/cartouche-en-polypropylene-extrude-n95bl200\/","title":{"rendered":"Cartouche en polypropyl\u00e8ne extrud\u00e9 N95BL200"},"content":{"rendered":"","protected":false},"excerpt":{"rendered":"<div class=\"woocommerce-product-details__short-description\">\n<div class=\"show-more\">\n<div class=\"woocommerce-product-details__short-description\">\n<div class=\"show-more\">\n<div class=\"woocommerce-product-details__short-description\">\n<div class=\"show-more\">\n<p>Les cartouches N95BL sont fabriqu\u00e9es en polypropyl\u00e8ne extrud\u00e9 avec un support interne et des embouts en polypropyl\u00e8ne rigide moul\u00e9. Gr\u00e2ce \u00e0 la double couche filtrante \u00e0 double gradient, les cartouches N95BL offrent une tr\u00e8s grande capacit\u00e9 de r\u00e9tention. La premi\u00e8re couche retient les particules les plus grossi\u00e8res, tandis que la seconde effectue la finition finale en retenant les particules les plus fines. Ces cartouches sont id\u00e9ales pour le traitement d\u2019eaux peu affin\u00e9es pr\u00e9sentant une bonne teneur en solides en suspension (jusqu\u2019\u00e0 un maximum de 1 ppm) avec une distribution h\u00e9t\u00e9rog\u00e8ne des particules.<\/p>\n<p><a href=\"https:\/\/wat-tunisia.com\/wp-content\/uploads\/2025\/11\/N95BL200.pdf\"><img loading=\"lazy\" decoding=\"async\" class=\"alignnone wp-image-5184\" src=\"https:\/\/wat-tunisia.com\/wp-content\/uploads\/2025\/11\/document_16064382-300x300.png\" alt=\"\" width=\"43\" height=\"38\" \/><\/a><a href=\"https:\/\/wat-tunisia.com\/wp-content\/uploads\/2025\/11\/N95BL200.pdf\">\u00a0Fiche Technique<\/a><\/p>\n<\/div>\n<\/div>\n<\/div>\n<\/div>\n<\/div>\n<\/div>","protected":false},"featured_media":5744,"comment_status":"closed","ping_status":"closed","template":"","meta":[],"product_brand":[],"product_cat":[422,291,292,290],"product_tag":[],"class_list":{"0":"post-5742","1":"product","2":"type-product","3":"status-publish","4":"has-post-thumbnail","6":"product_cat-filterblue-filterblanc-filterblack-bl","7":"product_cat-filtre-a-cartouche-fr","8":"product_cat-filtres-de-profondeur-fr","9":"product_cat-filtres-liquides-fr","11":"first","12":"instock","13":"shipping-taxable","14":"product-type-simple"},"_links":{"self":[{"href":"https:\/\/wat-tunisia.com\/en\/wp-json\/wp\/v2\/product\/5742","targetHints":{"allow":["GET"]}}],"collection":[{"href":"https:\/\/wat-tunisia.com\/en\/wp-json\/wp\/v2\/product"}],"about":[{"href":"https:\/\/wat-tunisia.com\/en\/wp-json\/wp\/v2\/types\/product"}],"replies":[{"embeddable":true,"href":"https:\/\/wat-tunisia.com\/en\/wp-json\/wp\/v2\/comments?post=5742"}],"wp:featuredmedia":[{"embeddable":true,"href":"https:\/\/wat-tunisia.com\/en\/wp-json\/wp\/v2\/media\/5744"}],"wp:attachment":[{"href":"https:\/\/wat-tunisia.com\/en\/wp-json\/wp\/v2\/media?parent=5742"}],"wp:term":[{"taxonomy":"product_brand","embeddable":true,"href":"https:\/\/wat-tunisia.com\/en\/wp-json\/wp\/v2\/product_brand?post=5742"},{"taxonomy":"product_cat","embeddable":true,"href":"https:\/\/wat-tunisia.com\/en\/wp-json\/wp\/v2\/product_cat?post=5742"},{"taxonomy":"product_tag","embeddable":true,"href":"https:\/\/wat-tunisia.com\/en\/wp-json\/wp\/v2\/product_tag?post=5742"}],"curies":[{"name":"wp","href":"https:\/\/api.w.org\/{rel}","templated":true}]}}