{"id":5707,"date":"2025-11-21T12:12:28","date_gmt":"2025-11-21T11:12:28","guid":{"rendered":"https:\/\/wat-tunisia.com\/?post_type=product&#038;p=5707"},"modified":"2025-11-21T12:22:12","modified_gmt":"2025-11-21T11:22:12","slug":"capteur-de-point-de-rosee-compact","status":"publish","type":"product","link":"https:\/\/wat-tunisia.com\/en\/product\/capteur-de-point-de-rosee-compact\/","title":{"rendered":"Capteur de point de ros\u00e9e compact"},"content":{"rendered":"","protected":false},"excerpt":{"rendered":"<h3 style=\"color: #c1272d; margin-bottom: 10px; font-weight: 600;\">EE371<\/h3>\n<p>Le EE371 est d\u00e9di\u00e9 \u00e0 la mesure pr\u00e9cise et fiable du point de ros\u00e9e (Td) dans la gamme -60&#8230;60 \u00b0C Td, avec une pression nominale allant jusqu&rsquo;\u00e0 100 bar. Il est id\u00e9al pour les r\u00e9seaux d&rsquo;air comprim\u00e9 et le contr\u00f4le des proces industriels. Outre le point de ros\u00e9e, l&rsquo;appareil mesure \u00e9galement le point de gel (Tf) ou la concentration volumique (Wv).<\/p>\n<p><a href=\"https:\/\/wat-tunisia.com\/wp-content\/uploads\/2025\/11\/fiche_technique_EE371.pdf\"><img loading=\"lazy\" decoding=\"async\" class=\"alignnone wp-image-5184\" src=\"https:\/\/wat-tunisia.com\/wp-content\/uploads\/2025\/11\/document_16064382-300x300.png\" alt=\"\" width=\"43\" height=\"38\" \/><\/a><a href=\"https:\/\/wat-tunisia.com\/wp-content\/uploads\/2025\/11\/fiche_technique_EE371.pdf\">\u00a0Fiche Technique<\/a><\/p>","protected":false},"featured_media":5709,"comment_status":"closed","ping_status":"closed","template":"","meta":[],"product_brand":[],"product_cat":[416,280,414],"product_tag":[],"class_list":{"0":"post-5707","1":"product","2":"type-product","3":"status-publish","4":"has-post-thumbnail","6":"product_cat-capteurs-transmetteurs-pour-points-de-rosee-faibles","7":"product_cat-instruments-de-mesure-fr","8":"product_cat-mesure-point-rosee","10":"first","11":"instock","12":"shipping-taxable","13":"product-type-simple"},"_links":{"self":[{"href":"https:\/\/wat-tunisia.com\/en\/wp-json\/wp\/v2\/product\/5707","targetHints":{"allow":["GET"]}}],"collection":[{"href":"https:\/\/wat-tunisia.com\/en\/wp-json\/wp\/v2\/product"}],"about":[{"href":"https:\/\/wat-tunisia.com\/en\/wp-json\/wp\/v2\/types\/product"}],"replies":[{"embeddable":true,"href":"https:\/\/wat-tunisia.com\/en\/wp-json\/wp\/v2\/comments?post=5707"}],"wp:featuredmedia":[{"embeddable":true,"href":"https:\/\/wat-tunisia.com\/en\/wp-json\/wp\/v2\/media\/5709"}],"wp:attachment":[{"href":"https:\/\/wat-tunisia.com\/en\/wp-json\/wp\/v2\/media?parent=5707"}],"wp:term":[{"taxonomy":"product_brand","embeddable":true,"href":"https:\/\/wat-tunisia.com\/en\/wp-json\/wp\/v2\/product_brand?post=5707"},{"taxonomy":"product_cat","embeddable":true,"href":"https:\/\/wat-tunisia.com\/en\/wp-json\/wp\/v2\/product_cat?post=5707"},{"taxonomy":"product_tag","embeddable":true,"href":"https:\/\/wat-tunisia.com\/en\/wp-json\/wp\/v2\/product_tag?post=5707"}],"curies":[{"name":"wp","href":"https:\/\/api.w.org\/{rel}","templated":true}]}}