{"id":5703,"date":"2025-11-21T11:59:14","date_gmt":"2025-11-21T10:59:14","guid":{"rendered":"https:\/\/wat-tunisia.com\/?post_type=product&#038;p=5703"},"modified":"2025-11-21T12:12:02","modified_gmt":"2025-11-21T11:12:02","slug":"etalonnage-humidite-avec-etalonneur-dhumidite","status":"publish","type":"product","link":"https:\/\/wat-tunisia.com\/en\/product\/etalonnage-humidite-avec-etalonneur-dhumidite\/","title":{"rendered":"\u00c9talonnage humidit\u00e9 avec \u00e9talonneur d&rsquo;humidit\u00e9"},"content":{"rendered":"","protected":false},"excerpt":{"rendered":"<h3 style=\"color: #c1272d; margin-bottom: 10px; font-weight: 600;\">Humor 20<\/h3>\n<p>Les calibrations d&rsquo;humidit\u00e9 pr\u00e9cises, reproductibles et tra\u00e7ables, deviennent de plus en plus importantes.\u00a0Le g\u00e9n\u00e9rateur d&rsquo;humidit\u00e9 Humor 20 developp\u00e9 par E+E est l&rsquo;instrument de r\u00e9f\u00e9rence id\u00e9al et est tra\u00e7able vers les \u00e9talons internationaux.<\/p>\n<p><a href=\"https:\/\/wat-tunisia.com\/wp-content\/uploads\/2025\/11\/FicheTechnique_HUMOR20.pdf\"><img loading=\"lazy\" decoding=\"async\" class=\"alignnone wp-image-5184\" src=\"https:\/\/wat-tunisia.com\/wp-content\/uploads\/2025\/11\/document_16064382-300x300.png\" alt=\"\" width=\"43\" height=\"38\" \/><\/a><a href=\"https:\/\/wat-tunisia.com\/wp-content\/uploads\/2025\/11\/FicheTechnique_HUMOR20.pdf\">\u00a0Fiche Technique<\/a><\/p>","protected":false},"featured_media":5704,"comment_status":"closed","ping_status":"closed","template":"","meta":[],"product_brand":[],"product_cat":[287,281,280],"product_tag":[],"class_list":{"0":"post-5703","1":"product","2":"type-product","3":"status-publish","4":"has-post-thumbnail","6":"product_cat-etalonnage-humidite-fr","7":"product_cat-humidite-fr","8":"product_cat-instruments-de-mesure-fr","10":"first","11":"instock","12":"shipping-taxable","13":"product-type-simple"},"_links":{"self":[{"href":"https:\/\/wat-tunisia.com\/en\/wp-json\/wp\/v2\/product\/5703","targetHints":{"allow":["GET"]}}],"collection":[{"href":"https:\/\/wat-tunisia.com\/en\/wp-json\/wp\/v2\/product"}],"about":[{"href":"https:\/\/wat-tunisia.com\/en\/wp-json\/wp\/v2\/types\/product"}],"replies":[{"embeddable":true,"href":"https:\/\/wat-tunisia.com\/en\/wp-json\/wp\/v2\/comments?post=5703"}],"wp:featuredmedia":[{"embeddable":true,"href":"https:\/\/wat-tunisia.com\/en\/wp-json\/wp\/v2\/media\/5704"}],"wp:attachment":[{"href":"https:\/\/wat-tunisia.com\/en\/wp-json\/wp\/v2\/media?parent=5703"}],"wp:term":[{"taxonomy":"product_brand","embeddable":true,"href":"https:\/\/wat-tunisia.com\/en\/wp-json\/wp\/v2\/product_brand?post=5703"},{"taxonomy":"product_cat","embeddable":true,"href":"https:\/\/wat-tunisia.com\/en\/wp-json\/wp\/v2\/product_cat?post=5703"},{"taxonomy":"product_tag","embeddable":true,"href":"https:\/\/wat-tunisia.com\/en\/wp-json\/wp\/v2\/product_tag?post=5703"}],"curies":[{"name":"wp","href":"https:\/\/api.w.org\/{rel}","templated":true}]}}