{"id":5700,"date":"2025-11-21T11:47:38","date_gmt":"2025-11-21T10:47:38","guid":{"rendered":"https:\/\/wat-tunisia.com\/?post_type=product&#038;p=5700"},"modified":"2025-11-21T11:58:16","modified_gmt":"2025-11-21T10:58:16","slug":"element-de-mesure-numerique-de-lhumidite-et-de-la-temperature","status":"publish","type":"product","link":"https:\/\/wat-tunisia.com\/en\/product\/element-de-mesure-numerique-de-lhumidite-et-de-la-temperature\/","title":{"rendered":"\u00c9l\u00e9ment de mesure num\u00e9rique de l&rsquo;humidit\u00e9 et de la temp\u00e9rature"},"content":{"rendered":"","protected":false},"excerpt":{"rendered":"<h3 style=\"color: #c1272d; margin-bottom: 10px; font-weight: 600;\">HTE501<\/h3>\n<p>La nouvelle g\u00e9n\u00e9ration de capteurs num\u00e9riques RH\/T allie pr\u00e9cision et fiabilit\u00e9 pour r\u00e9pondre aux exigences actuelles et futures les plus \u00e9lev\u00e9es. Le chauffage \u00e0 courant constant int\u00e9gr\u00e9 ainsi que le rev\u00eatement innovant et \u00e9prouv\u00e9 de la marque E+E garantissent des performances exceptionnelles, m\u00eame dans les environnements difficiles. Dans un bo\u00eetier DFN de seulement 2,5 x 2,5 mm, le HTE501 offre une pr\u00e9cision exceptionnelle de \u00b11,8 %HR, hyst\u00e9r\u00e9sis incluse, associ\u00e9e au calcul du point de ros\u00e9e et \u00e0 un maximum de 8 appareils sur une interface I2 C. En outre, le capteur convainc par sa capacit\u00e9 de stockage et de traitement des donn\u00e9es. En outre, le capteur convainc par ses plages d&rsquo;application de -40 \u00e0 +135 \u00b0C et de 0 \u00e0 100 %HR, ce qui en fait l&rsquo;appareil de mesure id\u00e9al pour les t\u00e2ches exigeantes.<\/p>\n<p><a href=\"https:\/\/wat-tunisia.com\/wp-content\/uploads\/2025\/11\/datasheet_HTE501.pdf\"><img loading=\"lazy\" decoding=\"async\" class=\"alignnone wp-image-5184\" src=\"https:\/\/wat-tunisia.com\/wp-content\/uploads\/2025\/11\/document_16064382-300x300.png\" alt=\"\" width=\"43\" height=\"38\" \/><\/a><a href=\"https:\/\/wat-tunisia.com\/wp-content\/uploads\/2025\/11\/datasheet_HTE501.pdf\">\u00a0Fiche Technique<\/a><\/p>","protected":false},"featured_media":5697,"comment_status":"closed","ping_status":"closed","template":"","meta":[],"product_brand":[],"product_cat":[286,281,280],"product_tag":[],"class_list":{"0":"post-5700","1":"product","2":"type-product","3":"status-publish","4":"has-post-thumbnail","6":"product_cat-elements-de-detection-dhumidite-numeriques-fr","7":"product_cat-humidite-fr","8":"product_cat-instruments-de-mesure-fr","10":"first","11":"instock","12":"shipping-taxable","13":"product-type-simple"},"_links":{"self":[{"href":"https:\/\/wat-tunisia.com\/en\/wp-json\/wp\/v2\/product\/5700","targetHints":{"allow":["GET"]}}],"collection":[{"href":"https:\/\/wat-tunisia.com\/en\/wp-json\/wp\/v2\/product"}],"about":[{"href":"https:\/\/wat-tunisia.com\/en\/wp-json\/wp\/v2\/types\/product"}],"replies":[{"embeddable":true,"href":"https:\/\/wat-tunisia.com\/en\/wp-json\/wp\/v2\/comments?post=5700"}],"wp:featuredmedia":[{"embeddable":true,"href":"https:\/\/wat-tunisia.com\/en\/wp-json\/wp\/v2\/media\/5697"}],"wp:attachment":[{"href":"https:\/\/wat-tunisia.com\/en\/wp-json\/wp\/v2\/media?parent=5700"}],"wp:term":[{"taxonomy":"product_brand","embeddable":true,"href":"https:\/\/wat-tunisia.com\/en\/wp-json\/wp\/v2\/product_brand?post=5700"},{"taxonomy":"product_cat","embeddable":true,"href":"https:\/\/wat-tunisia.com\/en\/wp-json\/wp\/v2\/product_cat?post=5700"},{"taxonomy":"product_tag","embeddable":true,"href":"https:\/\/wat-tunisia.com\/en\/wp-json\/wp\/v2\/product_tag?post=5700"}],"curies":[{"name":"wp","href":"https:\/\/api.w.org\/{rel}","templated":true}]}}