{"id":5696,"date":"2025-11-21T11:33:28","date_gmt":"2025-11-21T10:33:28","guid":{"rendered":"https:\/\/wat-tunisia.com\/?post_type=product&#038;p=5696"},"modified":"2025-11-21T11:47:05","modified_gmt":"2025-11-21T10:47:05","slug":"cost-optimised-digital-humidity-and-temperature-sensing-element","status":"publish","type":"product","link":"https:\/\/wat-tunisia.com\/en\/product\/cost-optimised-digital-humidity-and-temperature-sensing-element\/","title":{"rendered":"Cost Optimised Digital Humidity and Temperature Sensing Element"},"content":{"rendered":"","protected":false},"excerpt":{"rendered":"<h3 style=\"color: #c1272d; margin-bottom: 10px; font-weight: 600;\">HTE301<\/h3>\n<p>Le HTE301 est la nouvelle g\u00e9n\u00e9ration de la s\u00e9rie de capteurs d&rsquo;humidit\u00e9 relative\/temp\u00e9rature num\u00e9riques HTEx01. Ce capteur offre une pr\u00e9cision jusqu&rsquo;\u00e0 1,8 % HR (hyst\u00e9r\u00e9sis incluse), un \u00e9l\u00e9ment chauffant \u00e0 courant constant et un rev\u00eatement int\u00e9gr\u00e9. Gr\u00e2ce \u00e0 sa valeur enti\u00e8re non sign\u00e9e de 16 bits et \u00e0 un brochage diff\u00e9rent de celui du HTE501, le HTE301 permet une mise \u00e0 niveau ais\u00e9e de votre application existante, avec un minimum d&rsquo;efforts d&rsquo;int\u00e9gration.<\/p>\n<p><a href=\"https:\/\/wat-tunisia.com\/wp-content\/uploads\/2025\/11\/datasheet_HTE301.pdf\"><img loading=\"lazy\" decoding=\"async\" class=\"alignnone wp-image-5184\" src=\"https:\/\/wat-tunisia.com\/wp-content\/uploads\/2025\/11\/document_16064382-300x300.png\" alt=\"\" width=\"43\" height=\"38\" \/><\/a><a href=\"https:\/\/wat-tunisia.com\/wp-content\/uploads\/2025\/11\/datasheet_HTE301.pdf\">\u00a0Fiche Technique<\/a><\/p>","protected":false},"featured_media":5697,"comment_status":"closed","ping_status":"closed","template":"","meta":[],"product_brand":[],"product_cat":[286,281,280],"product_tag":[],"class_list":{"0":"post-5696","1":"product","2":"type-product","3":"status-publish","4":"has-post-thumbnail","6":"product_cat-elements-de-detection-dhumidite-numeriques-fr","7":"product_cat-humidite-fr","8":"product_cat-instruments-de-mesure-fr","10":"first","11":"instock","12":"shipping-taxable","13":"product-type-simple"},"_links":{"self":[{"href":"https:\/\/wat-tunisia.com\/en\/wp-json\/wp\/v2\/product\/5696","targetHints":{"allow":["GET"]}}],"collection":[{"href":"https:\/\/wat-tunisia.com\/en\/wp-json\/wp\/v2\/product"}],"about":[{"href":"https:\/\/wat-tunisia.com\/en\/wp-json\/wp\/v2\/types\/product"}],"replies":[{"embeddable":true,"href":"https:\/\/wat-tunisia.com\/en\/wp-json\/wp\/v2\/comments?post=5696"}],"wp:featuredmedia":[{"embeddable":true,"href":"https:\/\/wat-tunisia.com\/en\/wp-json\/wp\/v2\/media\/5697"}],"wp:attachment":[{"href":"https:\/\/wat-tunisia.com\/en\/wp-json\/wp\/v2\/media?parent=5696"}],"wp:term":[{"taxonomy":"product_brand","embeddable":true,"href":"https:\/\/wat-tunisia.com\/en\/wp-json\/wp\/v2\/product_brand?post=5696"},{"taxonomy":"product_cat","embeddable":true,"href":"https:\/\/wat-tunisia.com\/en\/wp-json\/wp\/v2\/product_cat?post=5696"},{"taxonomy":"product_tag","embeddable":true,"href":"https:\/\/wat-tunisia.com\/en\/wp-json\/wp\/v2\/product_tag?post=5696"}],"curies":[{"name":"wp","href":"https:\/\/api.w.org\/{rel}","templated":true}]}}