{"id":5692,"date":"2025-11-21T11:22:07","date_gmt":"2025-11-21T10:22:07","guid":{"rendered":"https:\/\/wat-tunisia.com\/?post_type=product&#038;p=5692"},"modified":"2025-11-21T11:32:59","modified_gmt":"2025-11-21T10:32:59","slug":"appareil-de-mesure-portable-multifonctions","status":"publish","type":"product","link":"https:\/\/wat-tunisia.com\/en\/product\/appareil-de-mesure-portable-multifonctions\/","title":{"rendered":"Appareil de mesure portable multifonctions"},"content":{"rendered":"","protected":false},"excerpt":{"rendered":"<h3 style=\"color: #c1272d; margin-bottom: 10px; font-weight: 600;\">Omniport 40<\/h3>\n<p class=\"bodytext\">Avec l&rsquo;Omniport 40, E+E Elektronik lance la nouvelle g\u00e9n\u00e9ration de son appareil de mesure portatif \u00e9prouv\u00e9. L&rsquo;appareil se caract\u00e9rise par une large gamme d&rsquo;options de mesure avec jusqu&rsquo;\u00e0 sept variables mesur\u00e9es, un confort maximal et une grande efficacit\u00e9. L&rsquo;Omniport 40 est particuli\u00e8rement adapt\u00e9 aux applications dans les domaines de la maintenance, de la surveillance des processus ou de l&rsquo;entretien. Associ\u00e9 \u00e0 une base de donn\u00e9es p\u00e9troli\u00e8re int\u00e9gr\u00e9e, \u00e0 des fonctions \u00e9tendues d&rsquo;enregistrement des donn\u00e9es et \u00e0 une utilisation conviviale et flexible, l&rsquo;Omniport 40 est le compagnon id\u00e9al pour les applications exigeantes sur le terrain ou pendant les travaux de maintenance.<\/p>\n<p class=\"bodytext\"><strong>Polyvalent, efficace et confortable, il vous permet de gagner jusqu&rsquo;\u00e0 50% de temps avec un seul appareil.<\/strong><\/p>\n<ul class=\"epluselist\">\n<li>Gagnez jusqu&rsquo;\u00e0 50 % de temps gr\u00e2ce \u00e0 la collecte parall\u00e8le des donn\u00e9es de mesure<\/li>\n<li>Analyse pr\u00e9cise et effort minimis\u00e9 gr\u00e2ce \u00e0 des points de mesure pr\u00e9d\u00e9finis<\/li>\n<li>R\u00e9duisez les co\u00fbts de maintenance : contr\u00f4le fiable de la qualit\u00e9 de l&rsquo;huile gr\u00e2ce \u00e0 une biblioth\u00e8que d&rsquo;huiles int\u00e9gr\u00e9e<\/li>\n<\/ul>\n<p><a href=\"https:\/\/wat-tunisia.com\/wp-content\/uploads\/2025\/11\/FicheTechnique_Omniport40.pdf\"><img loading=\"lazy\" decoding=\"async\" class=\"alignnone wp-image-5184\" src=\"https:\/\/wat-tunisia.com\/wp-content\/uploads\/2025\/11\/document_16064382-300x300.png\" alt=\"\" width=\"43\" height=\"38\" \/><\/a><a href=\"https:\/\/wat-tunisia.com\/wp-content\/uploads\/2025\/11\/FicheTechnique_Omniport40.pdf\">\u00a0Fiche Technique<\/a><\/p>","protected":false},"featured_media":5693,"comment_status":"closed","ping_status":"closed","template":"","meta":[],"product_brand":[],"product_cat":[281,280,284],"product_tag":[],"class_list":{"0":"post-5692","1":"product","2":"type-product","3":"status-publish","4":"has-post-thumbnail","6":"product_cat-humidite-fr","7":"product_cat-instruments-de-mesure-fr","8":"product_cat-instruments-de-mesure-portables-pour-humidite-temperature-fr","10":"first","11":"instock","12":"shipping-taxable","13":"product-type-simple"},"_links":{"self":[{"href":"https:\/\/wat-tunisia.com\/en\/wp-json\/wp\/v2\/product\/5692","targetHints":{"allow":["GET"]}}],"collection":[{"href":"https:\/\/wat-tunisia.com\/en\/wp-json\/wp\/v2\/product"}],"about":[{"href":"https:\/\/wat-tunisia.com\/en\/wp-json\/wp\/v2\/types\/product"}],"replies":[{"embeddable":true,"href":"https:\/\/wat-tunisia.com\/en\/wp-json\/wp\/v2\/comments?post=5692"}],"wp:featuredmedia":[{"embeddable":true,"href":"https:\/\/wat-tunisia.com\/en\/wp-json\/wp\/v2\/media\/5693"}],"wp:attachment":[{"href":"https:\/\/wat-tunisia.com\/en\/wp-json\/wp\/v2\/media?parent=5692"}],"wp:term":[{"taxonomy":"product_brand","embeddable":true,"href":"https:\/\/wat-tunisia.com\/en\/wp-json\/wp\/v2\/product_brand?post=5692"},{"taxonomy":"product_cat","embeddable":true,"href":"https:\/\/wat-tunisia.com\/en\/wp-json\/wp\/v2\/product_cat?post=5692"},{"taxonomy":"product_tag","embeddable":true,"href":"https:\/\/wat-tunisia.com\/en\/wp-json\/wp\/v2\/product_tag?post=5692"}],"curies":[{"name":"wp","href":"https:\/\/api.w.org\/{rel}","templated":true}]}}