{"id":5688,"date":"2025-11-21T11:14:26","date_gmt":"2025-11-21T10:14:26","guid":{"rendered":"https:\/\/wat-tunisia.com\/?post_type=product&#038;p=5688"},"modified":"2025-11-21T11:20:04","modified_gmt":"2025-11-21T10:20:04","slug":"humidity-and-temperature-module-for-oem-applications","status":"publish","type":"product","link":"https:\/\/wat-tunisia.com\/en\/product\/humidity-and-temperature-module-for-oem-applications\/","title":{"rendered":"Humidity and Temperature Module for OEM Applications"},"content":{"rendered":"","protected":false},"excerpt":{"rendered":"<h3 style=\"color: #c1272d; margin-bottom: 10px; font-weight: 600;\">EE99-1<\/h3>\n<p>L&rsquo;EE99-1 utilise des \u00e9l\u00e9ments de d\u00e9tection d&rsquo;humidit\u00e9 E+E haut de gamme fabriqu\u00e9s selon une technologie de couche mince de pointe, qui sont la condition pr\u00e9alable \u00e0 une pr\u00e9cision de mesure exceptionnelle.<\/p>\n<p><a href=\"https:\/\/wat-tunisia.com\/wp-content\/uploads\/2025\/11\/Fiche_technique_EE99-1.pdf\"><img loading=\"lazy\" decoding=\"async\" class=\"alignnone wp-image-5184\" src=\"https:\/\/wat-tunisia.com\/wp-content\/uploads\/2025\/11\/document_16064382-300x300.png\" alt=\"\" width=\"43\" height=\"38\" \/><\/a><a href=\"https:\/\/wat-tunisia.com\/wp-content\/uploads\/2025\/11\/Fiche_technique_EE99-1.pdf\">\u00a0Fiche Technique<\/a><\/p>","protected":false},"featured_media":5689,"comment_status":"closed","ping_status":"closed","template":"","meta":[],"product_brand":[],"product_cat":[285,281,280],"product_tag":[],"class_list":{"0":"post-5688","1":"product","2":"type-product","3":"status-publish","4":"has-post-thumbnail","6":"product_cat-capteurs-dhumidite-oem-et-sondes-fr","7":"product_cat-humidite-fr","8":"product_cat-instruments-de-mesure-fr","10":"first","11":"instock","12":"shipping-taxable","13":"product-type-simple"},"_links":{"self":[{"href":"https:\/\/wat-tunisia.com\/en\/wp-json\/wp\/v2\/product\/5688","targetHints":{"allow":["GET"]}}],"collection":[{"href":"https:\/\/wat-tunisia.com\/en\/wp-json\/wp\/v2\/product"}],"about":[{"href":"https:\/\/wat-tunisia.com\/en\/wp-json\/wp\/v2\/types\/product"}],"replies":[{"embeddable":true,"href":"https:\/\/wat-tunisia.com\/en\/wp-json\/wp\/v2\/comments?post=5688"}],"wp:featuredmedia":[{"embeddable":true,"href":"https:\/\/wat-tunisia.com\/en\/wp-json\/wp\/v2\/media\/5689"}],"wp:attachment":[{"href":"https:\/\/wat-tunisia.com\/en\/wp-json\/wp\/v2\/media?parent=5688"}],"wp:term":[{"taxonomy":"product_brand","embeddable":true,"href":"https:\/\/wat-tunisia.com\/en\/wp-json\/wp\/v2\/product_brand?post=5688"},{"taxonomy":"product_cat","embeddable":true,"href":"https:\/\/wat-tunisia.com\/en\/wp-json\/wp\/v2\/product_cat?post=5688"},{"taxonomy":"product_tag","embeddable":true,"href":"https:\/\/wat-tunisia.com\/en\/wp-json\/wp\/v2\/product_tag?post=5688"}],"curies":[{"name":"wp","href":"https:\/\/api.w.org\/{rel}","templated":true}]}}