{"id":5680,"date":"2025-11-21T10:59:09","date_gmt":"2025-11-21T09:59:09","guid":{"rendered":"https:\/\/wat-tunisia.com\/?post_type=product&#038;p=5680"},"modified":"2025-11-21T11:07:12","modified_gmt":"2025-11-21T10:07:12","slug":"sonde-dhumidite-et-de-temperature-avec-interface-numerique","status":"publish","type":"product","link":"https:\/\/wat-tunisia.com\/en\/product\/sonde-dhumidite-et-de-temperature-avec-interface-numerique\/","title":{"rendered":"Sonde d\u2019humidit\u00e9 et de temp\u00e9rature avec interface num\u00e9rique"},"content":{"rendered":"","protected":false},"excerpt":{"rendered":"<h3 style=\"color: #c1272d; margin-bottom: 10px; font-weight: 600;\">EE072<\/h3>\n<p class=\"bodytext\">La sonde EE072 r\u00e9pond aux exigences les plus \u00e9lev\u00e9es dans les applications de r\u00e9gulation climatique et de process exigeantes, telles que l\u2019agriculture, l\u2019\u00e9levage, l\u2019agroalimentaire, la pharmacie, les salles blanches, l\u2019ext\u00e9rieur, les canons \u00e0 neige et les transports. Outre l\u2019humidit\u00e9 relative (HR) et la temp\u00e9rature (T), la sonde calcule d&rsquo;autres grandeurs li\u00e9es \u00e0 l&rsquo;humidit\u00e9.<\/p>\n<ul class=\"epluselist\">\n<li>Mesure HR\/T haute pr\u00e9cision avec technologie couche mince<\/li>\n<li>Rev\u00eatement de capteur E+E pour une protection contre les contaminations<\/li>\n<li>Fonctionnement fiable en environnements difficiles et avec condensation<\/li>\n<li>Bo\u00eetier IP65 en acier inoxydable ou polycarbonate<\/li>\n<\/ul>\n<p><a href=\"https:\/\/wat-tunisia.com\/wp-content\/uploads\/2025\/11\/fiche_technique_EE072.pdf\"><img loading=\"lazy\" decoding=\"async\" class=\"alignnone wp-image-5184\" src=\"https:\/\/wat-tunisia.com\/wp-content\/uploads\/2025\/11\/document_16064382-300x300.png\" alt=\"\" width=\"43\" height=\"38\" \/><\/a><a href=\"https:\/\/wat-tunisia.com\/wp-content\/uploads\/2025\/11\/fiche_technique_EE072.pdf\">\u00a0Fiche Technique<\/a><\/p>","protected":false},"featured_media":5681,"comment_status":"closed","ping_status":"closed","template":"","meta":[],"product_brand":[],"product_cat":[285,281,280],"product_tag":[],"class_list":{"0":"post-5680","1":"product","2":"type-product","3":"status-publish","4":"has-post-thumbnail","6":"product_cat-capteurs-dhumidite-oem-et-sondes-fr","7":"product_cat-humidite-fr","8":"product_cat-instruments-de-mesure-fr","10":"first","11":"instock","12":"shipping-taxable","13":"product-type-simple"},"_links":{"self":[{"href":"https:\/\/wat-tunisia.com\/en\/wp-json\/wp\/v2\/product\/5680","targetHints":{"allow":["GET"]}}],"collection":[{"href":"https:\/\/wat-tunisia.com\/en\/wp-json\/wp\/v2\/product"}],"about":[{"href":"https:\/\/wat-tunisia.com\/en\/wp-json\/wp\/v2\/types\/product"}],"replies":[{"embeddable":true,"href":"https:\/\/wat-tunisia.com\/en\/wp-json\/wp\/v2\/comments?post=5680"}],"wp:featuredmedia":[{"embeddable":true,"href":"https:\/\/wat-tunisia.com\/en\/wp-json\/wp\/v2\/media\/5681"}],"wp:attachment":[{"href":"https:\/\/wat-tunisia.com\/en\/wp-json\/wp\/v2\/media?parent=5680"}],"wp:term":[{"taxonomy":"product_brand","embeddable":true,"href":"https:\/\/wat-tunisia.com\/en\/wp-json\/wp\/v2\/product_brand?post=5680"},{"taxonomy":"product_cat","embeddable":true,"href":"https:\/\/wat-tunisia.com\/en\/wp-json\/wp\/v2\/product_cat?post=5680"},{"taxonomy":"product_tag","embeddable":true,"href":"https:\/\/wat-tunisia.com\/en\/wp-json\/wp\/v2\/product_tag?post=5680"}],"curies":[{"name":"wp","href":"https:\/\/api.w.org\/{rel}","templated":true}]}}