{"id":5668,"date":"2025-11-21T10:22:41","date_gmt":"2025-11-21T09:22:41","guid":{"rendered":"https:\/\/wat-tunisia.com\/?post_type=product&#038;p=5668"},"modified":"2025-11-21T10:33:39","modified_gmt":"2025-11-21T09:33:39","slug":"oem-humidity-and-temperature-sensor","status":"publish","type":"product","link":"https:\/\/wat-tunisia.com\/en\/product\/oem-humidity-and-temperature-sensor\/","title":{"rendered":"OEM Humidity and Temperature Sensor"},"content":{"rendered":"","protected":false},"excerpt":{"rendered":"<h3 style=\"color: #c1272d; margin-bottom: 10px; font-weight: 600;\">EE040<\/h3>\n<p class=\"bodytext\"><span dir=\"auto\">Le capteur compact d&rsquo;humidit\u00e9 et de temp\u00e9rature EE040 offre une grande pr\u00e9cision et une stabilit\u00e9 \u00e0 long terme \u00e0 un rapport prix\/performance exceptionnel.<\/span><\/p>\n<p><a href=\"https:\/\/wat-tunisia.com\/wp-content\/uploads\/2025\/11\/fiche_technique_EE040.pdf\"><img loading=\"lazy\" decoding=\"async\" class=\"alignnone wp-image-5184\" src=\"https:\/\/wat-tunisia.com\/wp-content\/uploads\/2025\/11\/document_16064382-300x300.png\" alt=\"\" width=\"43\" height=\"38\" \/><\/a><a href=\"https:\/\/wat-tunisia.com\/wp-content\/uploads\/2025\/11\/fiche_technique_EE040.pdf\">\u00a0Fiche Technique<\/a><\/p>","protected":false},"featured_media":5671,"comment_status":"closed","ping_status":"closed","template":"","meta":[],"product_brand":[],"product_cat":[285,281,280],"product_tag":[],"class_list":{"0":"post-5668","1":"product","2":"type-product","3":"status-publish","4":"has-post-thumbnail","6":"product_cat-capteurs-dhumidite-oem-et-sondes-fr","7":"product_cat-humidite-fr","8":"product_cat-instruments-de-mesure-fr","10":"first","11":"instock","12":"shipping-taxable","13":"product-type-simple"},"_links":{"self":[{"href":"https:\/\/wat-tunisia.com\/en\/wp-json\/wp\/v2\/product\/5668","targetHints":{"allow":["GET"]}}],"collection":[{"href":"https:\/\/wat-tunisia.com\/en\/wp-json\/wp\/v2\/product"}],"about":[{"href":"https:\/\/wat-tunisia.com\/en\/wp-json\/wp\/v2\/types\/product"}],"replies":[{"embeddable":true,"href":"https:\/\/wat-tunisia.com\/en\/wp-json\/wp\/v2\/comments?post=5668"}],"wp:featuredmedia":[{"embeddable":true,"href":"https:\/\/wat-tunisia.com\/en\/wp-json\/wp\/v2\/media\/5671"}],"wp:attachment":[{"href":"https:\/\/wat-tunisia.com\/en\/wp-json\/wp\/v2\/media?parent=5668"}],"wp:term":[{"taxonomy":"product_brand","embeddable":true,"href":"https:\/\/wat-tunisia.com\/en\/wp-json\/wp\/v2\/product_brand?post=5668"},{"taxonomy":"product_cat","embeddable":true,"href":"https:\/\/wat-tunisia.com\/en\/wp-json\/wp\/v2\/product_cat?post=5668"},{"taxonomy":"product_tag","embeddable":true,"href":"https:\/\/wat-tunisia.com\/en\/wp-json\/wp\/v2\/product_tag?post=5668"}],"curies":[{"name":"wp","href":"https:\/\/api.w.org\/{rel}","templated":true}]}}