{"id":5660,"date":"2025-11-21T10:00:29","date_gmt":"2025-11-21T09:00:29","guid":{"rendered":"https:\/\/wat-tunisia.com\/?post_type=product&#038;p=5660"},"modified":"2025-11-21T10:12:41","modified_gmt":"2025-11-21T09:12:41","slug":"sonde-numerique-de-temperature-et-dhumidite-jusqua-120-c","status":"publish","type":"product","link":"https:\/\/wat-tunisia.com\/en\/product\/sonde-numerique-de-temperature-et-dhumidite-jusqua-120-c\/","title":{"rendered":"Sonde num\u00e9rique de temp\u00e9rature et d&rsquo;humidit\u00e9 jusqu&rsquo;\u00e0 120 \u00b0C"},"content":{"rendered":"","protected":false},"excerpt":{"rendered":"<h3 style=\"color: #c1272d; margin-bottom: 10px; font-weight: 600;\">HTP501<\/h3>\n<p>La sonde num\u00e9rique d&rsquo;humidit\u00e9 et de temp\u00e9rature HTP501 est con\u00e7ue pour \u00eatre utilis\u00e9e dans les chambres de s\u00e9chage et autres applications industrielles exigeantes. La sonde inox offre une excellente pr\u00e9cision de mesure et peut \u00eatre utilis\u00e9e \u00e0 des temp\u00e9ratures allant de -40 \u00e0 +120 \u00b0C. Les valeurs mesur\u00e9es sont disponibles sur l&rsquo;interface RS485 avec le protocole Modbus RTU.<\/p>\n<p><a href=\"https:\/\/wat-tunisia.com\/wp-content\/uploads\/2025\/11\/datasheet_HTP501.pdf\"><img loading=\"lazy\" decoding=\"async\" class=\"alignnone wp-image-5184\" src=\"https:\/\/wat-tunisia.com\/wp-content\/uploads\/2025\/11\/document_16064382-300x300.png\" alt=\"\" width=\"43\" height=\"38\" \/><\/a><a href=\"https:\/\/wat-tunisia.com\/wp-content\/uploads\/2025\/11\/datasheet_HTP501.pdf\">\u00a0Fiche Technique<\/a><\/p>","protected":false},"featured_media":5661,"comment_status":"closed","ping_status":"closed","template":"","meta":[],"product_brand":[],"product_cat":[285,281,280],"product_tag":[],"class_list":{"0":"post-5660","1":"product","2":"type-product","3":"status-publish","4":"has-post-thumbnail","6":"product_cat-capteurs-dhumidite-oem-et-sondes-fr","7":"product_cat-humidite-fr","8":"product_cat-instruments-de-mesure-fr","10":"first","11":"instock","12":"shipping-taxable","13":"product-type-simple"},"_links":{"self":[{"href":"https:\/\/wat-tunisia.com\/en\/wp-json\/wp\/v2\/product\/5660","targetHints":{"allow":["GET"]}}],"collection":[{"href":"https:\/\/wat-tunisia.com\/en\/wp-json\/wp\/v2\/product"}],"about":[{"href":"https:\/\/wat-tunisia.com\/en\/wp-json\/wp\/v2\/types\/product"}],"replies":[{"embeddable":true,"href":"https:\/\/wat-tunisia.com\/en\/wp-json\/wp\/v2\/comments?post=5660"}],"wp:featuredmedia":[{"embeddable":true,"href":"https:\/\/wat-tunisia.com\/en\/wp-json\/wp\/v2\/media\/5661"}],"wp:attachment":[{"href":"https:\/\/wat-tunisia.com\/en\/wp-json\/wp\/v2\/media?parent=5660"}],"wp:term":[{"taxonomy":"product_brand","embeddable":true,"href":"https:\/\/wat-tunisia.com\/en\/wp-json\/wp\/v2\/product_brand?post=5660"},{"taxonomy":"product_cat","embeddable":true,"href":"https:\/\/wat-tunisia.com\/en\/wp-json\/wp\/v2\/product_cat?post=5660"},{"taxonomy":"product_tag","embeddable":true,"href":"https:\/\/wat-tunisia.com\/en\/wp-json\/wp\/v2\/product_tag?post=5660"}],"curies":[{"name":"wp","href":"https:\/\/api.w.org\/{rel}","templated":true}]}}