{"id":5656,"date":"2025-11-21T08:53:39","date_gmt":"2025-11-21T07:53:39","guid":{"rendered":"https:\/\/wat-tunisia.com\/?post_type=product&#038;p=5656"},"modified":"2025-11-21T09:59:02","modified_gmt":"2025-11-21T08:59:02","slug":"sonde-dhumidite-et-temperature-avec-sorties-analogiques","status":"publish","type":"product","link":"https:\/\/wat-tunisia.com\/en\/product\/sonde-dhumidite-et-temperature-avec-sorties-analogiques\/","title":{"rendered":"Sonde d\u2019humidit\u00e9 et temp\u00e9rature avec sorties analogiques"},"content":{"rendered":"","protected":false},"excerpt":{"rendered":"<h3 style=\"color: #c1272d; margin-bottom: 10px; font-weight: 600;\">HTP201<\/h3>\n<p class=\"bodytext\">Gr\u00e2ce \u00e0 son excellent rapport qualit\u00e9-prix, le HTP201 est la solution id\u00e9ale pour une mesure fiable et \u00e9conomique de l&rsquo;humidit\u00e9 relative (HR) et de la temp\u00e9rature (T) dans de nombreux secteurs industriels.<\/p>\n<ul class=\"epluselist\">\n<li>Excellente stabilit\u00e9 \u00e0 long terme m\u00eame dans les environnements poussi\u00e9reux et sales<\/li>\n<li>Rev\u00eatement de protection E+E et pastilles de soudure scell\u00e9es<\/li>\n<li>Faible auto-\u00e9chauffement gr\u00e2ce \u00e0 une conception innovante de la carte \u00e9lectronique<\/li>\n<li>Bo\u00eetier IP65 robuste en acier inoxydable ou en polycarbonate<\/li>\n<\/ul>\n<p><a href=\"https:\/\/wat-tunisia.com\/wp-content\/uploads\/2025\/11\/datasheet_HTP201.pdf\"><img loading=\"lazy\" decoding=\"async\" class=\"alignnone wp-image-5184\" src=\"https:\/\/wat-tunisia.com\/wp-content\/uploads\/2025\/11\/document_16064382-300x300.png\" alt=\"\" width=\"43\" height=\"38\" \/><\/a><a href=\"https:\/\/wat-tunisia.com\/wp-content\/uploads\/2025\/11\/datasheet_HTP201.pdf\">\u00a0Fiche Technique<\/a><\/p>","protected":false},"featured_media":5657,"comment_status":"closed","ping_status":"closed","template":"","meta":[],"product_brand":[],"product_cat":[285,281,280],"product_tag":[],"class_list":{"0":"post-5656","1":"product","2":"type-product","3":"status-publish","4":"has-post-thumbnail","6":"product_cat-capteurs-dhumidite-oem-et-sondes-fr","7":"product_cat-humidite-fr","8":"product_cat-instruments-de-mesure-fr","10":"first","11":"instock","12":"shipping-taxable","13":"product-type-simple"},"_links":{"self":[{"href":"https:\/\/wat-tunisia.com\/en\/wp-json\/wp\/v2\/product\/5656","targetHints":{"allow":["GET"]}}],"collection":[{"href":"https:\/\/wat-tunisia.com\/en\/wp-json\/wp\/v2\/product"}],"about":[{"href":"https:\/\/wat-tunisia.com\/en\/wp-json\/wp\/v2\/types\/product"}],"replies":[{"embeddable":true,"href":"https:\/\/wat-tunisia.com\/en\/wp-json\/wp\/v2\/comments?post=5656"}],"wp:featuredmedia":[{"embeddable":true,"href":"https:\/\/wat-tunisia.com\/en\/wp-json\/wp\/v2\/media\/5657"}],"wp:attachment":[{"href":"https:\/\/wat-tunisia.com\/en\/wp-json\/wp\/v2\/media?parent=5656"}],"wp:term":[{"taxonomy":"product_brand","embeddable":true,"href":"https:\/\/wat-tunisia.com\/en\/wp-json\/wp\/v2\/product_brand?post=5656"},{"taxonomy":"product_cat","embeddable":true,"href":"https:\/\/wat-tunisia.com\/en\/wp-json\/wp\/v2\/product_cat?post=5656"},{"taxonomy":"product_tag","embeddable":true,"href":"https:\/\/wat-tunisia.com\/en\/wp-json\/wp\/v2\/product_tag?post=5656"}],"curies":[{"name":"wp","href":"https:\/\/api.w.org\/{rel}","templated":true}]}}