{"id":5653,"date":"2025-11-20T23:29:22","date_gmt":"2025-11-20T22:29:22","guid":{"rendered":"https:\/\/wat-tunisia.com\/?post_type=product&#038;p=5653"},"modified":"2025-11-20T23:47:22","modified_gmt":"2025-11-20T22:47:22","slug":"capteur-dhumidite-chauffe-pour-radiosondes","status":"publish","type":"product","link":"https:\/\/wat-tunisia.com\/en\/product\/capteur-dhumidite-chauffe-pour-radiosondes\/","title":{"rendered":"Capteur d\u2019humidit\u00e9 chauff\u00e9 pour radiosondes"},"content":{"rendered":"","protected":false},"excerpt":{"rendered":"<h3 style=\"color: #c1272d; margin-bottom: 10px; font-weight: 600;\">HMC03M<\/h3>\n<p class=\"bodytext\">Le HMC03M est optimis\u00e9 pour des temps de r\u00e9ponse tr\u00e8s courts en mesure d&rsquo;humidit\u00e9 relative m\u00eame \u00e0 tr\u00e8s basse temp\u00e9rature et en altitude. Il combine, sur un substrat de silicium, un capteur capacitif d&rsquo;humidit\u00e9 relative et une r\u00e9sistance chauffante (chauffe).<\/p>","protected":false},"featured_media":5654,"comment_status":"closed","ping_status":"closed","template":"","meta":[],"product_brand":[],"product_cat":[283,281,280],"product_tag":[],"class_list":{"0":"post-5653","1":"product","2":"type-product","3":"status-publish","4":"has-post-thumbnail","6":"product_cat-applications-industrielles-fr","7":"product_cat-humidite-fr","8":"product_cat-instruments-de-mesure-fr","10":"first","11":"instock","12":"shipping-taxable","13":"product-type-simple"},"_links":{"self":[{"href":"https:\/\/wat-tunisia.com\/en\/wp-json\/wp\/v2\/product\/5653","targetHints":{"allow":["GET"]}}],"collection":[{"href":"https:\/\/wat-tunisia.com\/en\/wp-json\/wp\/v2\/product"}],"about":[{"href":"https:\/\/wat-tunisia.com\/en\/wp-json\/wp\/v2\/types\/product"}],"replies":[{"embeddable":true,"href":"https:\/\/wat-tunisia.com\/en\/wp-json\/wp\/v2\/comments?post=5653"}],"wp:featuredmedia":[{"embeddable":true,"href":"https:\/\/wat-tunisia.com\/en\/wp-json\/wp\/v2\/media\/5654"}],"wp:attachment":[{"href":"https:\/\/wat-tunisia.com\/en\/wp-json\/wp\/v2\/media?parent=5653"}],"wp:term":[{"taxonomy":"product_brand","embeddable":true,"href":"https:\/\/wat-tunisia.com\/en\/wp-json\/wp\/v2\/product_brand?post=5653"},{"taxonomy":"product_cat","embeddable":true,"href":"https:\/\/wat-tunisia.com\/en\/wp-json\/wp\/v2\/product_cat?post=5653"},{"taxonomy":"product_tag","embeddable":true,"href":"https:\/\/wat-tunisia.com\/en\/wp-json\/wp\/v2\/product_tag?post=5653"}],"curies":[{"name":"wp","href":"https:\/\/api.w.org\/{rel}","templated":true}]}}