{"id":5650,"date":"2025-11-20T23:19:29","date_gmt":"2025-11-20T22:19:29","guid":{"rendered":"https:\/\/wat-tunisia.com\/?post_type=product&#038;p=5650"},"modified":"2025-11-20T23:28:33","modified_gmt":"2025-11-20T22:28:33","slug":"capteur-dhumidite-pour-ballons-meteorologiques","status":"publish","type":"product","link":"https:\/\/wat-tunisia.com\/en\/product\/capteur-dhumidite-pour-ballons-meteorologiques\/","title":{"rendered":"Capteur d&rsquo;humidit\u00e9 pour ballons m\u00e9t\u00e9orologiques"},"content":{"rendered":"","protected":false},"excerpt":{"rendered":"<h3 style=\"color: #c1272d; margin-bottom: 10px; font-weight: 600;\">HC103M2<\/h3>\n<p class=\"bodytext\">Le capteur HC103M2 est bas\u00e9 sur le m\u00eame design que le\u00a0HC103 avec un temps de r\u00e9ponse bien plus rapide (t63). Il a \u00e9t\u00e9 r\u00e9duit \u00e0 moins de 3 secondes, ce qui est deux fois plus rapide que le HC103.<\/p>","protected":false},"featured_media":5651,"comment_status":"closed","ping_status":"closed","template":"","meta":[],"product_brand":[],"product_cat":[283,281,280],"product_tag":[],"class_list":{"0":"post-5650","1":"product","2":"type-product","3":"status-publish","4":"has-post-thumbnail","6":"product_cat-applications-industrielles-fr","7":"product_cat-humidite-fr","8":"product_cat-instruments-de-mesure-fr","10":"first","11":"instock","12":"shipping-taxable","13":"product-type-simple"},"_links":{"self":[{"href":"https:\/\/wat-tunisia.com\/en\/wp-json\/wp\/v2\/product\/5650","targetHints":{"allow":["GET"]}}],"collection":[{"href":"https:\/\/wat-tunisia.com\/en\/wp-json\/wp\/v2\/product"}],"about":[{"href":"https:\/\/wat-tunisia.com\/en\/wp-json\/wp\/v2\/types\/product"}],"replies":[{"embeddable":true,"href":"https:\/\/wat-tunisia.com\/en\/wp-json\/wp\/v2\/comments?post=5650"}],"wp:featuredmedia":[{"embeddable":true,"href":"https:\/\/wat-tunisia.com\/en\/wp-json\/wp\/v2\/media\/5651"}],"wp:attachment":[{"href":"https:\/\/wat-tunisia.com\/en\/wp-json\/wp\/v2\/media?parent=5650"}],"wp:term":[{"taxonomy":"product_brand","embeddable":true,"href":"https:\/\/wat-tunisia.com\/en\/wp-json\/wp\/v2\/product_brand?post=5650"},{"taxonomy":"product_cat","embeddable":true,"href":"https:\/\/wat-tunisia.com\/en\/wp-json\/wp\/v2\/product_cat?post=5650"},{"taxonomy":"product_tag","embeddable":true,"href":"https:\/\/wat-tunisia.com\/en\/wp-json\/wp\/v2\/product_tag?post=5650"}],"curies":[{"name":"wp","href":"https:\/\/api.w.org\/{rel}","templated":true}]}}