{"id":5642,"date":"2025-11-20T22:59:38","date_gmt":"2025-11-20T21:59:38","guid":{"rendered":"https:\/\/wat-tunisia.com\/?post_type=product&#038;p=5642"},"modified":"2025-11-20T23:07:27","modified_gmt":"2025-11-20T22:07:27","slug":"transmetteur-humidite-temperature-pour-applications-en-securite-intrinseque","status":"publish","type":"product","link":"https:\/\/wat-tunisia.com\/en\/product\/transmetteur-humidite-temperature-pour-applications-en-securite-intrinseque\/","title":{"rendered":"Transmetteur Humidit\u00e9 \/ Temp\u00e9rature pour applications en s\u00e9curit\u00e9 intrins\u00e8que"},"content":{"rendered":"","protected":false},"excerpt":{"rendered":"<h3 style=\"color: #c1272d; margin-bottom: 10px; font-weight: 600;\">EE300EX<\/h3>\n<p class=\"bodytext\">Le transmetteur d&rsquo;humidit\u00e9 \/ temp\u00e9rature EE300Ex est con\u00e7u sp\u00e9cifiquement pour des mesures en zones explosives. Il est conforme aux classifications\u00a0<strong>Europ\u00e9ennes (ATEX)<\/strong>,\u00a0<strong>Internationales (IECEx),<\/strong>\u00a0<strong>Am\u00e9ricaines \/ Canadiennes (FM), Chine (NEPSI) et Cor\u00e9e (KCs)<\/strong>. L&rsquo;appareil peut donc \u00eatre utilis\u00e9 \u00e0 la fois en zones explosives gaz et poussi\u00e8re.<\/p>\n<p><a href=\"https:\/\/wat-tunisia.com\/wp-content\/uploads\/2025\/11\/datasheet_EE300EX-HT.pdf\"><img loading=\"lazy\" decoding=\"async\" class=\"alignnone wp-image-5184\" src=\"https:\/\/wat-tunisia.com\/wp-content\/uploads\/2025\/11\/document_16064382-300x300.png\" alt=\"\" width=\"43\" height=\"38\" \/><\/a><a href=\"https:\/\/wat-tunisia.com\/wp-content\/uploads\/2025\/11\/datasheet_EE300EX-HT.pdf\"> Fiche Technique<\/a><\/p>","protected":false},"featured_media":5643,"comment_status":"closed","ping_status":"closed","template":"","meta":[],"product_brand":[],"product_cat":[283,281,280],"product_tag":[],"class_list":{"0":"post-5642","1":"product","2":"type-product","3":"status-publish","4":"has-post-thumbnail","6":"product_cat-applications-industrielles-fr","7":"product_cat-humidite-fr","8":"product_cat-instruments-de-mesure-fr","10":"first","11":"instock","12":"shipping-taxable","13":"product-type-simple"},"_links":{"self":[{"href":"https:\/\/wat-tunisia.com\/en\/wp-json\/wp\/v2\/product\/5642","targetHints":{"allow":["GET"]}}],"collection":[{"href":"https:\/\/wat-tunisia.com\/en\/wp-json\/wp\/v2\/product"}],"about":[{"href":"https:\/\/wat-tunisia.com\/en\/wp-json\/wp\/v2\/types\/product"}],"replies":[{"embeddable":true,"href":"https:\/\/wat-tunisia.com\/en\/wp-json\/wp\/v2\/comments?post=5642"}],"wp:featuredmedia":[{"embeddable":true,"href":"https:\/\/wat-tunisia.com\/en\/wp-json\/wp\/v2\/media\/5643"}],"wp:attachment":[{"href":"https:\/\/wat-tunisia.com\/en\/wp-json\/wp\/v2\/media?parent=5642"}],"wp:term":[{"taxonomy":"product_brand","embeddable":true,"href":"https:\/\/wat-tunisia.com\/en\/wp-json\/wp\/v2\/product_brand?post=5642"},{"taxonomy":"product_cat","embeddable":true,"href":"https:\/\/wat-tunisia.com\/en\/wp-json\/wp\/v2\/product_cat?post=5642"},{"taxonomy":"product_tag","embeddable":true,"href":"https:\/\/wat-tunisia.com\/en\/wp-json\/wp\/v2\/product_tag?post=5642"}],"curies":[{"name":"wp","href":"https:\/\/api.w.org\/{rel}","templated":true}]}}