{"id":5638,"date":"2025-11-20T22:48:11","date_gmt":"2025-11-20T21:48:11","guid":{"rendered":"https:\/\/wat-tunisia.com\/?post_type=product&#038;p=5638"},"modified":"2025-11-20T22:58:55","modified_gmt":"2025-11-20T21:58:55","slug":"capteur-dhumidite-et-de-temperature-haut-de-gamme","status":"publish","type":"product","link":"https:\/\/wat-tunisia.com\/en\/product\/capteur-dhumidite-et-de-temperature-haut-de-gamme\/","title":{"rendered":"Capteur d&rsquo;humidit\u00e9 et de temp\u00e9rature haut de gamme"},"content":{"rendered":"","protected":false},"excerpt":{"rendered":"<h3 style=\"color: #c1272d; margin-bottom: 10px; font-weight: 600;\">EE310<\/h3>\n<p class=\"bodytext\">L&rsquo;EE310 est optimis\u00e9 pour une fiabilit\u00e9 optimale dans les applications industrielles de -80 \u00b0C (-112 \u00b0F) \u00e0 180 \u00b0C (356 \u00b0F) et 20 bars (290 psi). Outre la mesure tr\u00e8s pr\u00e9cise de l&rsquo;humidit\u00e9 relative (RH) et de la temp\u00e9rature (T), l&rsquo;appareil calcule tous les autres param\u00e8tres li\u00e9s \u00e0 l&rsquo;humidit\u00e9. Le EE310 utilise des \u00e9l\u00e9ments de d\u00e9tection d&rsquo;humidit\u00e9 E+E haut de gamme fabriqu\u00e9s dans une technologie de film mince de pointe, ce qui permet d&rsquo;obtenir une pr\u00e9cision de mesure exceptionnelle.<\/p>\n<p><a href=\"https:\/\/wat-tunisia.com\/wp-content\/uploads\/2025\/11\/Fiche_technique_EE310.pdf\"><img loading=\"lazy\" decoding=\"async\" class=\"alignnone wp-image-5184\" src=\"https:\/\/wat-tunisia.com\/wp-content\/uploads\/2025\/11\/document_16064382-300x300.png\" alt=\"\" width=\"43\" height=\"38\" \/><\/a><a href=\"https:\/\/wat-tunisia.com\/wp-content\/uploads\/2025\/11\/Fiche_technique_EE310.pdf\"> Fiche Technique<\/a><\/p>","protected":false},"featured_media":5639,"comment_status":"closed","ping_status":"closed","template":"","meta":[],"product_brand":[],"product_cat":[283,281,280],"product_tag":[],"class_list":{"0":"post-5638","1":"product","2":"type-product","3":"status-publish","4":"has-post-thumbnail","6":"product_cat-applications-industrielles-fr","7":"product_cat-humidite-fr","8":"product_cat-instruments-de-mesure-fr","10":"first","11":"instock","12":"shipping-taxable","13":"product-type-simple"},"_links":{"self":[{"href":"https:\/\/wat-tunisia.com\/en\/wp-json\/wp\/v2\/product\/5638","targetHints":{"allow":["GET"]}}],"collection":[{"href":"https:\/\/wat-tunisia.com\/en\/wp-json\/wp\/v2\/product"}],"about":[{"href":"https:\/\/wat-tunisia.com\/en\/wp-json\/wp\/v2\/types\/product"}],"replies":[{"embeddable":true,"href":"https:\/\/wat-tunisia.com\/en\/wp-json\/wp\/v2\/comments?post=5638"}],"wp:featuredmedia":[{"embeddable":true,"href":"https:\/\/wat-tunisia.com\/en\/wp-json\/wp\/v2\/media\/5639"}],"wp:attachment":[{"href":"https:\/\/wat-tunisia.com\/en\/wp-json\/wp\/v2\/media?parent=5638"}],"wp:term":[{"taxonomy":"product_brand","embeddable":true,"href":"https:\/\/wat-tunisia.com\/en\/wp-json\/wp\/v2\/product_brand?post=5638"},{"taxonomy":"product_cat","embeddable":true,"href":"https:\/\/wat-tunisia.com\/en\/wp-json\/wp\/v2\/product_cat?post=5638"},{"taxonomy":"product_tag","embeddable":true,"href":"https:\/\/wat-tunisia.com\/en\/wp-json\/wp\/v2\/product_tag?post=5638"}],"curies":[{"name":"wp","href":"https:\/\/api.w.org\/{rel}","templated":true}]}}