{"id":5634,"date":"2025-11-20T22:37:44","date_gmt":"2025-11-20T21:37:44","guid":{"rendered":"https:\/\/wat-tunisia.com\/?post_type=product&#038;p=5634"},"modified":"2025-11-20T22:47:25","modified_gmt":"2025-11-20T21:47:25","slug":"sonde-dhumidite-et-de-temperature-chauffee-pour-la-meteorologie","status":"publish","type":"product","link":"https:\/\/wat-tunisia.com\/en\/product\/sonde-dhumidite-et-de-temperature-chauffee-pour-la-meteorologie\/","title":{"rendered":"Sonde d\u2018humidit\u00e9 et de temp\u00e9rature chauff\u00e9e pour la m\u00e9t\u00e9orologie"},"content":{"rendered":"","protected":false},"excerpt":{"rendered":"<h3 style=\"color: #c1272d; margin-bottom: 10px; font-weight: 600;\">EE260<\/h3>\n<p class=\"bodytext\">La sonde d&rsquo;humidit\u00e9 et de temp\u00e9rature EE260 avec capteur d&rsquo;humidit\u00e9 et sonde chauff\u00e9s fournit des r\u00e9sultats de mesures pr\u00e9cis et fiables m\u00eame dans des conditions de haute d&rsquo;humidit\u00e9.<\/p>\n<p><a href=\"https:\/\/wat-tunisia.com\/wp-content\/uploads\/2025\/11\/fiche_technique_EE260.pdf\"><img loading=\"lazy\" decoding=\"async\" class=\"alignnone wp-image-5184\" src=\"https:\/\/wat-tunisia.com\/wp-content\/uploads\/2025\/11\/document_16064382-300x300.png\" alt=\"\" width=\"43\" height=\"38\" \/><\/a><a href=\"https:\/\/wat-tunisia.com\/wp-content\/uploads\/2025\/11\/fiche_technique_EE260.pdf\"> Fiche Technique<\/a><\/p>","protected":false},"featured_media":5635,"comment_status":"closed","ping_status":"closed","template":"","meta":[],"product_brand":[],"product_cat":[283,281,280],"product_tag":[],"class_list":{"0":"post-5634","1":"product","2":"type-product","3":"status-publish","4":"has-post-thumbnail","6":"product_cat-applications-industrielles-fr","7":"product_cat-humidite-fr","8":"product_cat-instruments-de-mesure-fr","10":"first","11":"instock","12":"shipping-taxable","13":"product-type-simple"},"_links":{"self":[{"href":"https:\/\/wat-tunisia.com\/en\/wp-json\/wp\/v2\/product\/5634","targetHints":{"allow":["GET"]}}],"collection":[{"href":"https:\/\/wat-tunisia.com\/en\/wp-json\/wp\/v2\/product"}],"about":[{"href":"https:\/\/wat-tunisia.com\/en\/wp-json\/wp\/v2\/types\/product"}],"replies":[{"embeddable":true,"href":"https:\/\/wat-tunisia.com\/en\/wp-json\/wp\/v2\/comments?post=5634"}],"wp:featuredmedia":[{"embeddable":true,"href":"https:\/\/wat-tunisia.com\/en\/wp-json\/wp\/v2\/media\/5635"}],"wp:attachment":[{"href":"https:\/\/wat-tunisia.com\/en\/wp-json\/wp\/v2\/media?parent=5634"}],"wp:term":[{"taxonomy":"product_brand","embeddable":true,"href":"https:\/\/wat-tunisia.com\/en\/wp-json\/wp\/v2\/product_brand?post=5634"},{"taxonomy":"product_cat","embeddable":true,"href":"https:\/\/wat-tunisia.com\/en\/wp-json\/wp\/v2\/product_cat?post=5634"},{"taxonomy":"product_tag","embeddable":true,"href":"https:\/\/wat-tunisia.com\/en\/wp-json\/wp\/v2\/product_tag?post=5634"}],"curies":[{"name":"wp","href":"https:\/\/api.w.org\/{rel}","templated":true}]}}