{"id":5621,"date":"2025-11-20T21:59:34","date_gmt":"2025-11-20T20:59:34","guid":{"rendered":"https:\/\/wat-tunisia.com\/?post_type=product&#038;p=5621"},"modified":"2025-11-21T10:47:59","modified_gmt":"2025-11-21T09:47:59","slug":"transmetteur-dhumidite-et-de-temperature-pour-haute-humidite-permanente-2","status":"publish","type":"product","link":"https:\/\/wat-tunisia.com\/en\/product\/transmetteur-dhumidite-et-de-temperature-pour-haute-humidite-permanente-2\/","title":{"rendered":"Transmetteur d\u2019humidit\u00e9 et de temp\u00e9rature pour haute humidit\u00e9 permanente"},"content":{"rendered":"","protected":false},"excerpt":{"rendered":"<h3 style=\"color: #c1272d; margin-bottom: 10px; font-weight: 600;\">EE211<\/h3>\n<p class=\"bodytext\">Le capteur d&rsquo;humidit\u00e9 et de temp\u00e9rature EE211 est con\u00e7u pour des mesures pr\u00e9cises et stables \u00e0 long terme dans des environnements \u00e0 humidit\u00e9 \u00e9lev\u00e9e (&gt;85\u202f% HR) et soumis \u00e0 la condensation. Il int\u00e8gre un capteur d&rsquo;humidit\u00e9 chauff\u00e9 et une sonde de temp\u00e9rature rempla\u00e7able.<\/p>\n<ul class=\"epluselist\">\n<li>Performances fiables en pr\u00e9sence d&rsquo;humidit\u00e9 \u00e9lev\u00e9e et de condensation<\/li>\n<li>Capteur d\u2019humidit\u00e9 chauff\u00e9 et sonde de temp\u00e9rature \u00e9changeable \u00e0 chaud<\/li>\n<li>Bo\u00eetier robuste IP65 \/ NEMA 4X avec rev\u00eatement de capteur E+E<\/li>\n<li>Modbus RTU + sorties analogiques ; configuration facile via USB et PCS10<\/li>\n<\/ul>\n<p><a href=\"https:\/\/wat-tunisia.com\/wp-content\/uploads\/2025\/11\/FicheTechnique_EE211-1.pdf\"><img loading=\"lazy\" decoding=\"async\" class=\"alignnone wp-image-5184\" src=\"https:\/\/wat-tunisia.com\/wp-content\/uploads\/2025\/11\/document_16064382-300x300.png\" alt=\"\" width=\"43\" height=\"38\" \/><\/a><a href=\"https:\/\/wat-tunisia.com\/wp-content\/uploads\/2025\/11\/FicheTechnique_EE211-1.pdf\"> Fiche Technique<\/a><\/p>","protected":false},"featured_media":5623,"comment_status":"closed","ping_status":"closed","template":"","meta":[],"product_brand":[],"product_cat":[282,283,281,280],"product_tag":[],"class_list":{"0":"post-5621","1":"product","2":"type-product","3":"status-publish","4":"has-post-thumbnail","6":"product_cat-application-hvac-fr","7":"product_cat-applications-industrielles-fr","8":"product_cat-humidite-fr","9":"product_cat-instruments-de-mesure-fr","11":"first","12":"instock","13":"shipping-taxable","14":"product-type-simple"},"_links":{"self":[{"href":"https:\/\/wat-tunisia.com\/en\/wp-json\/wp\/v2\/product\/5621","targetHints":{"allow":["GET"]}}],"collection":[{"href":"https:\/\/wat-tunisia.com\/en\/wp-json\/wp\/v2\/product"}],"about":[{"href":"https:\/\/wat-tunisia.com\/en\/wp-json\/wp\/v2\/types\/product"}],"replies":[{"embeddable":true,"href":"https:\/\/wat-tunisia.com\/en\/wp-json\/wp\/v2\/comments?post=5621"}],"wp:featuredmedia":[{"embeddable":true,"href":"https:\/\/wat-tunisia.com\/en\/wp-json\/wp\/v2\/media\/5623"}],"wp:attachment":[{"href":"https:\/\/wat-tunisia.com\/en\/wp-json\/wp\/v2\/media?parent=5621"}],"wp:term":[{"taxonomy":"product_brand","embeddable":true,"href":"https:\/\/wat-tunisia.com\/en\/wp-json\/wp\/v2\/product_brand?post=5621"},{"taxonomy":"product_cat","embeddable":true,"href":"https:\/\/wat-tunisia.com\/en\/wp-json\/wp\/v2\/product_cat?post=5621"},{"taxonomy":"product_tag","embeddable":true,"href":"https:\/\/wat-tunisia.com\/en\/wp-json\/wp\/v2\/product_tag?post=5621"}],"curies":[{"name":"wp","href":"https:\/\/api.w.org\/{rel}","templated":true}]}}