{"id":5616,"date":"2025-11-20T21:44:45","date_gmt":"2025-11-20T20:44:45","guid":{"rendered":"https:\/\/wat-tunisia.com\/?post_type=product&#038;p=5616"},"modified":"2025-11-21T10:46:31","modified_gmt":"2025-11-21T09:46:31","slug":"transmetteur-dhumidite-et-temperature-pour-applications-exigeantes-en-controle-climatique-2","status":"publish","type":"product","link":"https:\/\/wat-tunisia.com\/en\/product\/transmetteur-dhumidite-et-temperature-pour-applications-exigeantes-en-controle-climatique-2\/","title":{"rendered":"Transmetteur d\u2019humidit\u00e9 et temp\u00e9rature pour applications exigeantes en contr\u00f4le climatique"},"content":{"rendered":"","protected":false},"excerpt":{"rendered":"<h3 style=\"color: #c1272d; margin-bottom: 10px; font-weight: 600;\">EE210<\/h3>\n<p>La nouvelle g\u00e9n\u00e9ration de mesure d\u2019humidit\u00e9 et de temp\u00e9rature est d\u00e9sormais disponible :\u00a0HTS401 \u2013 Capteur modulaire d\u2019humidit\u00e9 et de temp\u00e9rature pour la r\u00e9gulation climatique exigeante<\/p>\n<p><a href=\"https:\/\/wat-tunisia.com\/wp-content\/uploads\/2025\/11\/FicheTechnique_EE210.pdf\"><img loading=\"lazy\" decoding=\"async\" class=\"alignnone wp-image-5184\" src=\"https:\/\/wat-tunisia.com\/wp-content\/uploads\/2025\/11\/document_16064382-300x300.png\" alt=\"\" width=\"43\" height=\"38\" \/><\/a><a href=\"https:\/\/wat-tunisia.com\/wp-content\/uploads\/2025\/11\/FicheTechnique_EE210.pdf\"> Fiche Technique<\/a><\/p>","protected":false},"featured_media":5619,"comment_status":"closed","ping_status":"closed","template":"","meta":[],"product_brand":[],"product_cat":[282,283,281,280],"product_tag":[],"class_list":{"0":"post-5616","1":"product","2":"type-product","3":"status-publish","4":"has-post-thumbnail","6":"product_cat-application-hvac-fr","7":"product_cat-applications-industrielles-fr","8":"product_cat-humidite-fr","9":"product_cat-instruments-de-mesure-fr","11":"first","12":"instock","13":"shipping-taxable","14":"product-type-simple"},"_links":{"self":[{"href":"https:\/\/wat-tunisia.com\/en\/wp-json\/wp\/v2\/product\/5616","targetHints":{"allow":["GET"]}}],"collection":[{"href":"https:\/\/wat-tunisia.com\/en\/wp-json\/wp\/v2\/product"}],"about":[{"href":"https:\/\/wat-tunisia.com\/en\/wp-json\/wp\/v2\/types\/product"}],"replies":[{"embeddable":true,"href":"https:\/\/wat-tunisia.com\/en\/wp-json\/wp\/v2\/comments?post=5616"}],"wp:featuredmedia":[{"embeddable":true,"href":"https:\/\/wat-tunisia.com\/en\/wp-json\/wp\/v2\/media\/5619"}],"wp:attachment":[{"href":"https:\/\/wat-tunisia.com\/en\/wp-json\/wp\/v2\/media?parent=5616"}],"wp:term":[{"taxonomy":"product_brand","embeddable":true,"href":"https:\/\/wat-tunisia.com\/en\/wp-json\/wp\/v2\/product_brand?post=5616"},{"taxonomy":"product_cat","embeddable":true,"href":"https:\/\/wat-tunisia.com\/en\/wp-json\/wp\/v2\/product_cat?post=5616"},{"taxonomy":"product_tag","embeddable":true,"href":"https:\/\/wat-tunisia.com\/en\/wp-json\/wp\/v2\/product_tag?post=5616"}],"curies":[{"name":"wp","href":"https:\/\/api.w.org\/{rel}","templated":true}]}}