{"id":5604,"date":"2025-11-20T21:09:42","date_gmt":"2025-11-20T20:09:42","guid":{"rendered":"https:\/\/wat-tunisia.com\/?post_type=product&#038;p=5604"},"modified":"2025-11-20T21:21:46","modified_gmt":"2025-11-20T20:21:46","slug":"transmetteur-dhumidite-et-temperature-pour-haute-humidite-et-pollution-chimique","status":"publish","type":"product","link":"https:\/\/wat-tunisia.com\/en\/product\/transmetteur-dhumidite-et-temperature-pour-haute-humidite-et-pollution-chimique\/","title":{"rendered":"Transmetteur d\u2019humidit\u00e9 et temp\u00e9rature pour haute humidit\u00e9 et pollution chimique"},"content":{"rendered":"","protected":false},"excerpt":{"rendered":"<h3 style=\"color: #c1272d; margin-bottom: 10px; font-weight: 600;\">HTS801<\/h3>\n<p>Le\u00a0<strong>HTS801<\/strong>\u00a0est con\u00e7u pour r\u00e9pondre aux exigences les plus \u00e9lev\u00e9es en mati\u00e8re de\u00a0<strong>mesure pr\u00e9cise et stable \u00e0 long terme de l&rsquo;humidit\u00e9 relative (RH) et de la temp\u00e9rature (T)<\/strong>\u00a0dans des environnements industriels exigeants avec une humidit\u00e9 constante et une contamination chimique. Con\u00e7u pour fonctionner de mani\u00e8re fiable dans des conditions extr\u00eames, il garantit des mesures pr\u00e9cises entre\u00a0<strong>-80\u202f\u00b0C et +180\u202f\u00b0C<\/strong>\u00a0et jusqu\u2019\u00e0\u00a0<strong>300 bar.<\/strong><\/p>\n<p><a href=\"https:\/\/wat-tunisia.com\/wp-content\/uploads\/2025\/11\/Fiche_Technique_HTS801.pdf\"><img loading=\"lazy\" decoding=\"async\" class=\"alignnone wp-image-5184\" src=\"https:\/\/wat-tunisia.com\/wp-content\/uploads\/2025\/11\/document_16064382-300x300.png\" alt=\"\" width=\"43\" height=\"38\" \/><\/a><a href=\"https:\/\/wat-tunisia.com\/wp-content\/uploads\/2025\/11\/Fiche_Technique_HTS801.pdf\"> Fiche Technique<\/a><\/p>","protected":false},"featured_media":5606,"comment_status":"closed","ping_status":"closed","template":"","meta":[],"product_brand":[],"product_cat":[283,281,280],"product_tag":[],"class_list":{"0":"post-5604","1":"product","2":"type-product","3":"status-publish","4":"has-post-thumbnail","6":"product_cat-applications-industrielles-fr","7":"product_cat-humidite-fr","8":"product_cat-instruments-de-mesure-fr","10":"first","11":"instock","12":"shipping-taxable","13":"product-type-simple"},"_links":{"self":[{"href":"https:\/\/wat-tunisia.com\/en\/wp-json\/wp\/v2\/product\/5604","targetHints":{"allow":["GET"]}}],"collection":[{"href":"https:\/\/wat-tunisia.com\/en\/wp-json\/wp\/v2\/product"}],"about":[{"href":"https:\/\/wat-tunisia.com\/en\/wp-json\/wp\/v2\/types\/product"}],"replies":[{"embeddable":true,"href":"https:\/\/wat-tunisia.com\/en\/wp-json\/wp\/v2\/comments?post=5604"}],"wp:featuredmedia":[{"embeddable":true,"href":"https:\/\/wat-tunisia.com\/en\/wp-json\/wp\/v2\/media\/5606"}],"wp:attachment":[{"href":"https:\/\/wat-tunisia.com\/en\/wp-json\/wp\/v2\/media?parent=5604"}],"wp:term":[{"taxonomy":"product_brand","embeddable":true,"href":"https:\/\/wat-tunisia.com\/en\/wp-json\/wp\/v2\/product_brand?post=5604"},{"taxonomy":"product_cat","embeddable":true,"href":"https:\/\/wat-tunisia.com\/en\/wp-json\/wp\/v2\/product_cat?post=5604"},{"taxonomy":"product_tag","embeddable":true,"href":"https:\/\/wat-tunisia.com\/en\/wp-json\/wp\/v2\/product_tag?post=5604"}],"curies":[{"name":"wp","href":"https:\/\/api.w.org\/{rel}","templated":true}]}}