{"id":5600,"date":"2025-11-20T20:37:10","date_gmt":"2025-11-20T19:37:10","guid":{"rendered":"https:\/\/wat-tunisia.com\/?post_type=product&#038;p=5600"},"modified":"2025-11-21T10:51:11","modified_gmt":"2025-11-21T09:51:11","slug":"boitier-modulaire-pour-sonde","status":"publish","type":"product","link":"https:\/\/wat-tunisia.com\/en\/product\/boitier-modulaire-pour-sonde\/","title":{"rendered":"Bo\u00eetier modulaire pour sonde"},"content":{"rendered":"","protected":false},"excerpt":{"rendered":"<h3 style=\"color: #c1272d; margin-bottom: 10px; font-weight: 600;\">Sigma 05<\/h3>\n<p>Le Sigma 05 est un bo\u00eetier modulaire pour les sondes intelligentes E+E avec des sorties analogiques et un afficheur. Avec des sondes connectables et interchangeables, le bo\u00eetier modulaire est adapt\u00e9 m\u00eame en environnement s\u00e9v\u00e8re et exigeant. Le Sigma 05 est disponible avec bo\u00eetier polycarbonate ou m\u00e9tallique.<\/p>\n<p><a href=\"https:\/\/wat-tunisia.com\/wp-content\/uploads\/2025\/11\/Fiche_technique_Sigma05.pdf\"><img loading=\"lazy\" decoding=\"async\" class=\"alignnone wp-image-5184\" src=\"https:\/\/wat-tunisia.com\/wp-content\/uploads\/2025\/11\/document_16064382-300x300.png\" alt=\"\" width=\"43\" height=\"38\" \/><\/a><a href=\"https:\/\/wat-tunisia.com\/wp-content\/uploads\/2025\/11\/Fiche_technique_Sigma05.pdf\"> Fiche Technique<\/a><\/p>","protected":false},"featured_media":5602,"comment_status":"closed","ping_status":"closed","template":"","meta":[],"product_brand":[],"product_cat":[282,283,281,280],"product_tag":[],"class_list":{"0":"post-5600","1":"product","2":"type-product","3":"status-publish","4":"has-post-thumbnail","6":"product_cat-application-hvac-fr","7":"product_cat-applications-industrielles-fr","8":"product_cat-humidite-fr","9":"product_cat-instruments-de-mesure-fr","11":"first","12":"instock","13":"shipping-taxable","14":"product-type-simple"},"_links":{"self":[{"href":"https:\/\/wat-tunisia.com\/en\/wp-json\/wp\/v2\/product\/5600","targetHints":{"allow":["GET"]}}],"collection":[{"href":"https:\/\/wat-tunisia.com\/en\/wp-json\/wp\/v2\/product"}],"about":[{"href":"https:\/\/wat-tunisia.com\/en\/wp-json\/wp\/v2\/types\/product"}],"replies":[{"embeddable":true,"href":"https:\/\/wat-tunisia.com\/en\/wp-json\/wp\/v2\/comments?post=5600"}],"wp:featuredmedia":[{"embeddable":true,"href":"https:\/\/wat-tunisia.com\/en\/wp-json\/wp\/v2\/media\/5602"}],"wp:attachment":[{"href":"https:\/\/wat-tunisia.com\/en\/wp-json\/wp\/v2\/media?parent=5600"}],"wp:term":[{"taxonomy":"product_brand","embeddable":true,"href":"https:\/\/wat-tunisia.com\/en\/wp-json\/wp\/v2\/product_brand?post=5600"},{"taxonomy":"product_cat","embeddable":true,"href":"https:\/\/wat-tunisia.com\/en\/wp-json\/wp\/v2\/product_cat?post=5600"},{"taxonomy":"product_tag","embeddable":true,"href":"https:\/\/wat-tunisia.com\/en\/wp-json\/wp\/v2\/product_tag?post=5600"}],"curies":[{"name":"wp","href":"https:\/\/api.w.org\/{rel}","templated":true}]}}