{"id":5596,"date":"2025-11-20T12:36:00","date_gmt":"2025-11-20T11:36:00","guid":{"rendered":"https:\/\/wat-tunisia.com\/?post_type=product&#038;p=5596"},"modified":"2025-11-21T10:50:01","modified_gmt":"2025-11-21T09:50:01","slug":"capteur-modulaire-de-temperature-et-dhumidite","status":"publish","type":"product","link":"https:\/\/wat-tunisia.com\/en\/product\/capteur-modulaire-de-temperature-et-dhumidite\/","title":{"rendered":"Capteur modulaire de temp\u00e9rature et d&rsquo;humidit\u00e9"},"content":{"rendered":"","protected":false},"excerpt":{"rendered":"<h3 style=\"color: #c1272d; margin-bottom: 10px; font-weight: 600;\">EE212<\/h3>\n<p class=\"bodytext\">Le capteur d&rsquo;humidit\u00e9 (HR) et de temp\u00e9rature (T) EE212 avec module de d\u00e9tection interchangeable est optimis\u00e9 pour les applications de r\u00e9gulation climatique exigeantes dans divers secteurs industriels.<\/p>\n<ul class=\"epluselist\">\n<li>Module de d\u00e9tection robuste et interchangeable (Hot-Swap)<\/li>\n<li>Protection contre la contamination et la condensation<\/li>\n<li>Bo\u00eetier robuste IP65 \/ NEMA 4X avec rev\u00eatement de capteur E+E<\/li>\n<li>Modbus RTU + sorties analogiques ; configuration via logiciel PCS10<\/li>\n<\/ul>\n<p><a href=\"https:\/\/wat-tunisia.com\/wp-content\/uploads\/2025\/11\/datasheet_EE212.pdf\"><img loading=\"lazy\" decoding=\"async\" class=\"alignnone wp-image-5184\" src=\"https:\/\/wat-tunisia.com\/wp-content\/uploads\/2025\/11\/document_16064382-300x300.png\" alt=\"\" width=\"43\" height=\"38\" \/><\/a><a href=\"https:\/\/wat-tunisia.com\/wp-content\/uploads\/2025\/11\/datasheet_EE212.pdf\"> Fiche Technique<\/a><\/p>","protected":false},"featured_media":5598,"comment_status":"closed","ping_status":"closed","template":"","meta":[],"product_brand":[],"product_cat":[282,283,281,280],"product_tag":[],"class_list":{"0":"post-5596","1":"product","2":"type-product","3":"status-publish","4":"has-post-thumbnail","6":"product_cat-application-hvac-fr","7":"product_cat-applications-industrielles-fr","8":"product_cat-humidite-fr","9":"product_cat-instruments-de-mesure-fr","11":"first","12":"instock","13":"shipping-taxable","14":"product-type-simple"},"_links":{"self":[{"href":"https:\/\/wat-tunisia.com\/en\/wp-json\/wp\/v2\/product\/5596","targetHints":{"allow":["GET"]}}],"collection":[{"href":"https:\/\/wat-tunisia.com\/en\/wp-json\/wp\/v2\/product"}],"about":[{"href":"https:\/\/wat-tunisia.com\/en\/wp-json\/wp\/v2\/types\/product"}],"replies":[{"embeddable":true,"href":"https:\/\/wat-tunisia.com\/en\/wp-json\/wp\/v2\/comments?post=5596"}],"wp:featuredmedia":[{"embeddable":true,"href":"https:\/\/wat-tunisia.com\/en\/wp-json\/wp\/v2\/media\/5598"}],"wp:attachment":[{"href":"https:\/\/wat-tunisia.com\/en\/wp-json\/wp\/v2\/media?parent=5596"}],"wp:term":[{"taxonomy":"product_brand","embeddable":true,"href":"https:\/\/wat-tunisia.com\/en\/wp-json\/wp\/v2\/product_brand?post=5596"},{"taxonomy":"product_cat","embeddable":true,"href":"https:\/\/wat-tunisia.com\/en\/wp-json\/wp\/v2\/product_cat?post=5596"},{"taxonomy":"product_tag","embeddable":true,"href":"https:\/\/wat-tunisia.com\/en\/wp-json\/wp\/v2\/product_tag?post=5596"}],"curies":[{"name":"wp","href":"https:\/\/api.w.org\/{rel}","templated":true}]}}