{"id":5574,"date":"2025-11-20T11:31:48","date_gmt":"2025-11-20T10:31:48","guid":{"rendered":"https:\/\/wat-tunisia.com\/?post_type=product&#038;p=5574"},"modified":"2025-11-20T11:41:05","modified_gmt":"2025-11-20T10:41:05","slug":"recepteur-multi-canaux","status":"publish","type":"product","link":"https:\/\/wat-tunisia.com\/en\/product\/recepteur-multi-canaux\/","title":{"rendered":"R\u00e9cepteur Multi-canaux"},"content":{"rendered":"<h3><span style=\"font-size: 16px;\">Sp\u00e9cifications du Produit<\/span><\/h3>\n<table>\n<tbody>\n<tr>\n<th>Unit\u00e9<\/th>\n<th>Unit\u00e9 commune (Unit\u00e9 d\u2019alarme)<\/th>\n<th>Canal (Unit\u00e9 d\u2019indication de densit\u00e9)<\/th>\n<\/tr>\n<tr>\n<td><strong>Affichage de fonctionnement<\/strong><\/td>\n<td>8-LED (Alimentation, alarme 3 niveaux, anomalie, arr\u00eat buzzer, communication donn\u00e9es PC &amp; canal)<\/td>\n<td>6-LED (Alimentation, alarme 3 niveaux, anomalie, veille pour maintenance)<\/td>\n<\/tr>\n<tr>\n<td><strong>Affichage de mesure<\/strong><\/td>\n<td>\u2013<\/td>\n<td>Afficheur FND 4 chiffres &amp; Barre-graphe (32 segments, LED 3 couleurs)<\/td>\n<\/tr>\n<tr>\n<td><strong>Plage de mesure<\/strong><\/td>\n<td>\u2013<\/td>\n<td>1~9999 (programmable) (%LEL, ppm, %Vol)<\/td>\n<\/tr>\n<tr>\n<td><strong>Affichage d\u2019alarme<\/strong><\/td>\n<td>Visuel : alarme 3 niveaux, LED anomalie \u2013 Audible : buzzer<\/td>\n<td>Visuel : alarme 3 niveaux, LED anomalie<\/td>\n<\/tr>\n<tr>\n<td><strong>Signal de sortie d\u2019alarme<\/strong><\/td>\n<td>Alarme 3 niveaux, anomalie, Buzzer, contact relais AC250V 3A (SPDT)<\/td>\n<td>Alarme 3 niveaux, anomalie, Buzzer, contact relais AC250V 3A (SPDT)<\/td>\n<\/tr>\n<tr>\n<td><strong>R\u00e9glage des niveaux d\u2019alarme<\/strong><\/td>\n<td>\u2013<\/td>\n<td>Programmable dans la plage de d\u00e9tection<\/td>\n<\/tr>\n<tr>\n<td><strong>Signal d\u2019entr\u00e9e<\/strong><\/td>\n<td>\u2013<\/td>\n<td>4\u201320 mA DC (2 fils ou 3 fils)<\/td>\n<\/tr>\n<tr>\n<td><strong>Signal de sortie<\/strong><\/td>\n<td>RS-485 isol\u00e9, communication Modbus (Option)<\/td>\n<td>4\u201320 mA DC<\/td>\n<\/tr>\n<tr>\n<td><strong>Signal de r\u00e9initialisation<\/strong><\/td>\n<td>Interrupteur de r\u00e9initialisation et t\u00e9l\u00e9commande<\/td>\n<td>Interrupteur de r\u00e9initialisation<\/td>\n<\/tr>\n<tr>\n<td><strong>Mode de programmation<\/strong><\/td>\n<td>Interrupteur de r\u00e9initialisation et t\u00e9l\u00e9commande<\/td>\n<td>Valeur d\u2019alarme (niveau 1, 2, 3), Temps d\u2019alarme (Instantan\u00e9 &amp; D\u00e9lai 1~30 min), Bande morte d\u2019alarme, Sortie relais on\/off<\/td>\n<\/tr>\n<tr>\n<td><strong>Temp\u00e9rature de fonctionnement<\/strong><\/td>\n<td colspan=\"2\">-20\u00b0C ~ 60\u00b0C<\/td>\n<\/tr>\n<tr>\n<td><strong>Humidit\u00e9 de fonctionnement<\/strong><\/td>\n<td colspan=\"2\">5 ~ 99% HR (non-condensante)<\/td>\n<\/tr>\n<tr>\n<td><strong>Alimentation batterie<\/strong><\/td>\n<td colspan=\"2\">Unit\u00e9 d\u2019alimentation de secours (Option) 24V DC \/ 600mAh, 1300mAh (Option)<\/td>\n<\/tr>\n<\/tbody>\n<\/table>","protected":false},"excerpt":{"rendered":"<h3 style=\"color: #c1272d; margin-bottom: 10px; font-weight: 600;\">GTC-200A<\/h3>\n<p><a href=\"https:\/\/wat-tunisia.com\/wp-content\/uploads\/2025\/11\/GTC_200A_Catalog_250304.pdf\"><img loading=\"lazy\" decoding=\"async\" class=\"alignnone wp-image-5184\" src=\"https:\/\/wat-tunisia.com\/wp-content\/uploads\/2025\/11\/document_16064382-300x300.png\" alt=\"\" width=\"43\" height=\"38\" \/><\/a><a href=\"https:\/\/wat-tunisia.com\/wp-content\/uploads\/2025\/11\/GTC_200A_Catalog_250304.pdf\"> Fiche Technique<\/a><\/p>","protected":false},"featured_media":5578,"comment_status":"closed","ping_status":"closed","template":"","meta":[],"product_brand":[],"product_cat":[272,277],"product_tag":[],"class_list":{"0":"post-5574","1":"product","2":"type-product","3":"status-publish","4":"has-post-thumbnail","6":"product_cat-detecteur-de-gaz-fr","7":"product_cat-systemes-de-controle-fr","9":"first","10":"instock","11":"shipping-taxable","12":"product-type-simple"},"_links":{"self":[{"href":"https:\/\/wat-tunisia.com\/en\/wp-json\/wp\/v2\/product\/5574","targetHints":{"allow":["GET"]}}],"collection":[{"href":"https:\/\/wat-tunisia.com\/en\/wp-json\/wp\/v2\/product"}],"about":[{"href":"https:\/\/wat-tunisia.com\/en\/wp-json\/wp\/v2\/types\/product"}],"replies":[{"embeddable":true,"href":"https:\/\/wat-tunisia.com\/en\/wp-json\/wp\/v2\/comments?post=5574"}],"wp:featuredmedia":[{"embeddable":true,"href":"https:\/\/wat-tunisia.com\/en\/wp-json\/wp\/v2\/media\/5578"}],"wp:attachment":[{"href":"https:\/\/wat-tunisia.com\/en\/wp-json\/wp\/v2\/media?parent=5574"}],"wp:term":[{"taxonomy":"product_brand","embeddable":true,"href":"https:\/\/wat-tunisia.com\/en\/wp-json\/wp\/v2\/product_brand?post=5574"},{"taxonomy":"product_cat","embeddable":true,"href":"https:\/\/wat-tunisia.com\/en\/wp-json\/wp\/v2\/product_cat?post=5574"},{"taxonomy":"product_tag","embeddable":true,"href":"https:\/\/wat-tunisia.com\/en\/wp-json\/wp\/v2\/product_tag?post=5574"}],"curies":[{"name":"wp","href":"https:\/\/api.w.org\/{rel}","templated":true}]}}