{"id":5568,"date":"2025-11-20T10:50:45","date_gmt":"2025-11-20T09:50:45","guid":{"rendered":"https:\/\/wat-tunisia.com\/?post_type=product&#038;p=5568"},"modified":"2025-11-20T11:01:48","modified_gmt":"2025-11-20T10:01:48","slug":"recepteur-20-chaines","status":"publish","type":"product","link":"https:\/\/wat-tunisia.com\/en\/product\/recepteur-20-chaines\/","title":{"rendered":"R\u00e9cepteur 20 cha\u00eenes"},"content":{"rendered":"<h3><span style=\"font-size: 16px;\">Sp\u00e9cifications du Produit<\/span><\/h3>\n<table>\n<thead>\n<tr>\n<th><strong>\u00c9l\u00e9ment<\/strong><\/th>\n<th><strong>Description<\/strong><\/th>\n<\/tr>\n<\/thead>\n<tbody>\n<tr>\n<td><strong>Capacit\u00e9<\/strong><\/td>\n<td>Jusqu\u2019\u00e0 10 canaux avec l\u2019unit\u00e9 de base, jusqu\u2019\u00e0 20 canaux avec une unit\u00e9 d\u2019extension<\/td>\n<\/tr>\n<tr>\n<td><strong>Dimensions<\/strong><\/td>\n<td>430(L) \u00d7 250(H) \u00d7 164(P) mm<\/td>\n<\/tr>\n<tr>\n<td><strong>Poids<\/strong><\/td>\n<td>Max 8,5 kg<\/td>\n<\/tr>\n<tr>\n<td><strong>Mat\u00e9riau du bo\u00eetier<\/strong><\/td>\n<td>ABS PC<\/td>\n<\/tr>\n<tr>\n<td><strong>Affichage<\/strong><\/td>\n<td>\u00c9cran tactile 10,1&Prime; (Type r\u00e9sistif)<\/td>\n<\/tr>\n<tr>\n<td><strong>Langues<\/strong><\/td>\n<td>Cor\u00e9en, Anglais, Chinois<\/td>\n<\/tr>\n<tr>\n<td><strong>Indicateurs visuels<\/strong><\/td>\n<td>5 LED syst\u00e8me (Alimentation, Batterie, Alarme, Service, Statut) ;<br \/>\n3 LED par canal (Vert : Normal \/ Jaune : D\u00e9faut \/ Rouge : Alarme)<\/td>\n<\/tr>\n<tr>\n<td><strong>Alerte sonore<\/strong><\/td>\n<td>Buzzer pi\u00e9zo 90 dB (\u00e0 1 m) \u2013 Alarme ;<br \/>\nHaut-parleur 2 W \u2013 Guidage vocal \/ Alarme<\/td>\n<\/tr>\n<tr>\n<td><strong>Boutons<\/strong><\/td>\n<td>R\u00e9initialisation \/ Silence alarme<\/td>\n<\/tr>\n<tr>\n<td><strong>Entr\u00e9es 4\u201320 mA<\/strong><\/td>\n<td>4\u201320 mA DC (2 fils ou 3 fils) ;<br \/>\nJusqu\u2019\u00e0 10 canaux avec unit\u00e9 de base, jusqu\u2019\u00e0 20 avec extension<\/td>\n<\/tr>\n<tr>\n<td><strong>Sorties relais<\/strong><\/td>\n<td>AC250V 5A, DC30V 5A (contact SPDT) ;<br \/>\nJusqu\u2019\u00e0 20 canaux (base), jusqu\u2019\u00e0 40 (avec extension)<\/td>\n<\/tr>\n<tr>\n<td><strong>Sorties 4\u201320 mA<\/strong><\/td>\n<td>4\u201320 mA DC (2 fils) ;<br \/>\nJusqu\u2019\u00e0 10 canaux (base), jusqu\u2019\u00e0 20 (avec extension)<\/td>\n<\/tr>\n<tr>\n<td><strong>Temp\u00e9rature de fonctionnement<\/strong><\/td>\n<td>\u221210\u00b0C \u00e0 55\u00b0C<\/td>\n<\/tr>\n<tr>\n<td><strong>Humidit\u00e9 de fonctionnement<\/strong><\/td>\n<td>5 % \u00e0 95 % HR<\/td>\n<\/tr>\n<tr>\n<td><strong>Indice de protection<\/strong><\/td>\n<td>IP65<\/td>\n<\/tr>\n<tr>\n<td><strong>Alimentation AC<\/strong><\/td>\n<td>AC 110\/220V, 50\u201360 Hz \u00b16 %, consommation max 150 W<\/td>\n<\/tr>\n<tr>\n<td><strong>Alimentation DC<\/strong><\/td>\n<td>DC 18\u201332 V (24 V nominal) \/ max 150 W<\/td>\n<\/tr>\n<tr>\n<td><strong>Batterie de secours<\/strong><\/td>\n<td>Batterie Lithium-ion 21,8 V \/ 5100 mAh (\u226530 min pour syst\u00e8me typique)<\/td>\n<\/tr>\n<tr>\n<td><strong>Interface externe<\/strong><\/td>\n<td>TCP\/IP, MODBUS<\/td>\n<\/tr>\n<tr>\n<td><strong>Enregistrement<\/strong><\/td>\n<td>Donn\u00e9es et \u00e9v\u00e9nements enregistr\u00e9s<\/td>\n<\/tr>\n<tr>\n<td><strong>Outil de configuration<\/strong><\/td>\n<td>Programme WinApp<\/td>\n<\/tr>\n<\/tbody>\n<\/table>","protected":false},"excerpt":{"rendered":"<h3 style=\"color: #c1272d; margin-bottom: 10px; font-weight: 600;\">ASC-100<\/h3>\n<p><a href=\"https:\/\/wat-tunisia.com\/wp-content\/uploads\/2025\/11\/ASC_100_Catalog_250304.pdf\"><img loading=\"lazy\" decoding=\"async\" class=\"alignnone wp-image-5184\" src=\"https:\/\/wat-tunisia.com\/wp-content\/uploads\/2025\/11\/document_16064382-300x300.png\" alt=\"\" width=\"43\" height=\"38\" \/><\/a><a href=\"https:\/\/wat-tunisia.com\/wp-content\/uploads\/2025\/11\/ASC_100_Catalog_250304.pdf\"> Fiche Technique<\/a><\/p>","protected":false},"featured_media":5572,"comment_status":"closed","ping_status":"closed","template":"","meta":[],"product_brand":[],"product_cat":[272,277],"product_tag":[],"class_list":{"0":"post-5568","1":"product","2":"type-product","3":"status-publish","4":"has-post-thumbnail","6":"product_cat-detecteur-de-gaz-fr","7":"product_cat-systemes-de-controle-fr","9":"first","10":"instock","11":"shipping-taxable","12":"product-type-simple"},"_links":{"self":[{"href":"https:\/\/wat-tunisia.com\/en\/wp-json\/wp\/v2\/product\/5568","targetHints":{"allow":["GET"]}}],"collection":[{"href":"https:\/\/wat-tunisia.com\/en\/wp-json\/wp\/v2\/product"}],"about":[{"href":"https:\/\/wat-tunisia.com\/en\/wp-json\/wp\/v2\/types\/product"}],"replies":[{"embeddable":true,"href":"https:\/\/wat-tunisia.com\/en\/wp-json\/wp\/v2\/comments?post=5568"}],"wp:featuredmedia":[{"embeddable":true,"href":"https:\/\/wat-tunisia.com\/en\/wp-json\/wp\/v2\/media\/5572"}],"wp:attachment":[{"href":"https:\/\/wat-tunisia.com\/en\/wp-json\/wp\/v2\/media?parent=5568"}],"wp:term":[{"taxonomy":"product_brand","embeddable":true,"href":"https:\/\/wat-tunisia.com\/en\/wp-json\/wp\/v2\/product_brand?post=5568"},{"taxonomy":"product_cat","embeddable":true,"href":"https:\/\/wat-tunisia.com\/en\/wp-json\/wp\/v2\/product_cat?post=5568"},{"taxonomy":"product_tag","embeddable":true,"href":"https:\/\/wat-tunisia.com\/en\/wp-json\/wp\/v2\/product_tag?post=5568"}],"curies":[{"name":"wp","href":"https:\/\/api.w.org\/{rel}","templated":true}]}}