{"id":5539,"date":"2025-11-19T10:45:13","date_gmt":"2025-11-19T09:45:13","guid":{"rendered":"https:\/\/wat-tunisia.com\/?post_type=product&#038;p=5539"},"modified":"2025-11-19T12:14:27","modified_gmt":"2025-11-19T11:14:27","slug":"echantillonnage-portable-detecteur-de-gaz-2","status":"publish","type":"product","link":"https:\/\/wat-tunisia.com\/en\/product\/echantillonnage-portable-detecteur-de-gaz-2\/","title":{"rendered":"\u00c9chantillonnage portable d\u00e9tecteur de gaz"},"content":{"rendered":"<h3>Sp\u00e9cifications du capteur<\/h3>\n<p style=\"text-align: left;\">* = Reportez-vous \u00e0 la plage de mesure des gaz toxiques<\/p>\n<table>\n<thead>\n<tr>\n<th><strong>M\u00e9thode de mesure<\/strong><\/th>\n<th><strong>Gaz mesur\u00e9<\/strong><\/th>\n<th><strong>Plage de mesure<\/strong><\/th>\n<th><strong>Temps de r\u00e9ponse<\/strong><\/th>\n<\/tr>\n<\/thead>\n<tbody>\n<tr>\n<td><strong>Cellule catalytique<\/strong><\/td>\n<td>Gaz inflammable<\/td>\n<td>0 ~ 100% LIE<\/td>\n<td>&lt; 15 sec \/ 90% de l&rsquo;\u00e9chelle<\/td>\n<\/tr>\n<tr>\n<td><strong>Cellule semi-conductrice \u00e0 fil chaud<\/strong><\/td>\n<td>Gaz inflammable<\/td>\n<td>0 ~ 2000 ppm<\/td>\n<td>&lt; 15 sec \/ 90% de l&rsquo;\u00e9chelle<\/td>\n<\/tr>\n<tr>\n<td><strong>Cellule \u00e0 conductivit\u00e9 thermique<\/strong><\/td>\n<td>Gaz inflammable<\/td>\n<td>0 ~ 100% Vol<\/td>\n<td>&lt; 15 sec \/ 90% de l&rsquo;\u00e9chelle<\/td>\n<\/tr>\n<tr>\n<td><strong>Cellule galvanique<\/strong><\/td>\n<td>O\u2082<\/td>\n<td>*<\/td>\n<td>&lt; 15 sec \/ 90% de l&rsquo;\u00e9chelle<\/td>\n<\/tr>\n<tr>\n<td><strong>Cellule \u00e9lectrochimique<\/strong><\/td>\n<td>Gaz toxique<\/td>\n<td>*<\/td>\n<td>&lt; 45 sec \/ 90% de l&rsquo;\u00e9chelle<\/td>\n<\/tr>\n<tr>\n<td><strong>D\u00e9tecteur par photo-ionisation (PID)<\/strong><\/td>\n<td>COV (gaz organiques volatils)<\/td>\n<td>5 ~ 300 ppm<\/td>\n<td>Variable selon le gaz<\/td>\n<\/tr>\n<tr>\n<td><strong>Cellule semi-conductrice<\/strong><\/td>\n<td>COV (gaz organiques volatils)<\/td>\n<td>5 ~ 300 ppm<\/td>\n<td>Variable selon le gaz<\/td>\n<\/tr>\n<\/tbody>\n<\/table>\n<h3>Sp\u00e9cifications du d\u00e9tecteur<\/h3>\n<div class=\"ds-scroll-area _1210dd7\">\n<table>\n<thead>\n<tr>\n<th><strong>\u00c9l\u00e9ment<\/strong><\/th>\n<th><strong>Sp\u00e9cification<\/strong><\/th>\n<\/tr>\n<\/thead>\n<tbody>\n<tr>\n<td><strong>Type de mesure<\/strong><\/td>\n<td>Type \u00e0 \u00e9chantillonnage automatique<\/td>\n<\/tr>\n<tr>\n<td><strong>Pr\u00e9cision<\/strong><\/td>\n<td>\u00b13 % \/ pleine \u00e9chelle<\/td>\n<\/tr>\n<tr>\n<td><strong>Contr\u00f4le des param\u00e8tres<\/strong><\/td>\n<td>Touche avant \u00e0 membrane (Alimentation, \u00c9talonnage, Maintenance, R\u00e9glage d&rsquo;alarme, R\u00e9initialisation)<\/td>\n<\/tr>\n<tr>\n<td><strong>Affichage du mode de fonctionnement<\/strong><\/td>\n<td>3 LED (Alimentation, 2 alarmes color\u00e9es \u00e0 2 niveaux, 1 d\u00e9faut)<\/td>\n<\/tr>\n<tr>\n<td><strong>Affichage de la valeur mesur\u00e9e<\/strong><\/td>\n<td>Affichage LCD (4 chiffres)<\/td>\n<\/tr>\n<tr>\n<td><strong>M\u00e9thode d\u2019\u00e9chantillonnage<\/strong><\/td>\n<td>Pompe \u00e0 membrane<\/td>\n<\/tr>\n<tr>\n<td><strong>Diam\u00e8tre du tube d\u2019\u00e9chantillonnage<\/strong><\/td>\n<td>OD 1\/4&Prime; (standard)<\/td>\n<\/tr>\n<tr>\n<td><strong>D\u00e9bit<\/strong><\/td>\n<td>100 ~ 650 mL\/min (normal : 300 ~ 500 mL\/min)<\/td>\n<\/tr>\n<tr>\n<td><strong>Mat\u00e9riau<\/strong><\/td>\n<td>PC-ABS (Polycarbonate + ABS)<\/td>\n<\/tr>\n<tr>\n<td><strong>Alimentation<\/strong><\/td>\n<td><strong>Batterie :<\/strong> DC 7,3 V \/ 5,5 Ah<br \/>\n<strong>Entr\u00e9e :<\/strong> AC 100 ~ 230 V, 50\/60 Hz (Multiprise)<br \/>\n<strong>Sortie :<\/strong> DC 12 V, 2,0 A<\/td>\n<\/tr>\n<tr>\n<td><strong>Temp\u00e9rature de fonctionnement<\/strong><\/td>\n<td>-20\u00b0C ~ 50\u00b0C<\/td>\n<\/tr>\n<tr>\n<td><strong>Humidit\u00e9 de fonctionnement<\/strong><\/td>\n<td>5 ~ 99 % HR (non condensante)<\/td>\n<\/tr>\n<tr>\n<td><strong>Dimensions<\/strong><\/td>\n<td>208 (L) \u00d7 95 (H) \u00d7 100 (P) mm<\/td>\n<\/tr>\n<tr>\n<td><strong>Poids<\/strong><\/td>\n<td>1,1 kg<\/td>\n<\/tr>\n<\/tbody>\n<\/table>\n<\/div>","protected":false},"excerpt":{"rendered":"<h3 style=\"color: #c1272d; margin-bottom: 10px; font-weight: 600;\">GPD-100<\/h3>\n<ul>\n<li>Detects gases such as combustible, toxic, oxygen or VOCs.<\/li>\n<li>Quickly detects gases in desired areas using a high-performance pump.<\/li>\n<li>Designed with a rechargeable battery, it operates continuously for 10 hours when fully charged.<\/li>\n<li>Uses a detachable cartridge-type sensor.<\/li>\n<li>The color LCD display provides a variety of information.<\/li>\n<\/ul>\n<p><a href=\"https:\/\/wat-tunisia.com\/wp-content\/uploads\/2025\/11\/GPD_100_Catalog_250926.pdf\"><img loading=\"lazy\" decoding=\"async\" class=\"alignnone wp-image-5184\" src=\"https:\/\/wat-tunisia.com\/wp-content\/uploads\/2025\/11\/document_16064382-300x300.png\" alt=\"\" width=\"43\" height=\"38\" \/><\/a><a href=\"https:\/\/wat-tunisia.com\/wp-content\/uploads\/2025\/11\/GPD_100_Catalog_250926.pdf\"> Fiche Technique<\/a><\/p>","protected":false},"featured_media":5540,"comment_status":"closed","ping_status":"closed","template":"","meta":[],"product_brand":[],"product_cat":[272,275],"product_tag":[],"class_list":{"0":"post-5539","1":"product","2":"type-product","3":"status-publish","4":"has-post-thumbnail","6":"product_cat-detecteur-de-gaz-fr","7":"product_cat-detecteur-de-gaz-portable-fr","9":"first","10":"instock","11":"shipping-taxable","12":"product-type-simple"},"_links":{"self":[{"href":"https:\/\/wat-tunisia.com\/en\/wp-json\/wp\/v2\/product\/5539","targetHints":{"allow":["GET"]}}],"collection":[{"href":"https:\/\/wat-tunisia.com\/en\/wp-json\/wp\/v2\/product"}],"about":[{"href":"https:\/\/wat-tunisia.com\/en\/wp-json\/wp\/v2\/types\/product"}],"replies":[{"embeddable":true,"href":"https:\/\/wat-tunisia.com\/en\/wp-json\/wp\/v2\/comments?post=5539"}],"wp:featuredmedia":[{"embeddable":true,"href":"https:\/\/wat-tunisia.com\/en\/wp-json\/wp\/v2\/media\/5540"}],"wp:attachment":[{"href":"https:\/\/wat-tunisia.com\/en\/wp-json\/wp\/v2\/media?parent=5539"}],"wp:term":[{"taxonomy":"product_brand","embeddable":true,"href":"https:\/\/wat-tunisia.com\/en\/wp-json\/wp\/v2\/product_brand?post=5539"},{"taxonomy":"product_cat","embeddable":true,"href":"https:\/\/wat-tunisia.com\/en\/wp-json\/wp\/v2\/product_cat?post=5539"},{"taxonomy":"product_tag","embeddable":true,"href":"https:\/\/wat-tunisia.com\/en\/wp-json\/wp\/v2\/product_tag?post=5539"}],"curies":[{"name":"wp","href":"https:\/\/api.w.org\/{rel}","templated":true}]}}