{"id":5535,"date":"2025-11-19T10:32:27","date_gmt":"2025-11-19T09:32:27","guid":{"rendered":"https:\/\/wat-tunisia.com\/?post_type=product&#038;p=5535"},"modified":"2025-11-19T10:43:33","modified_gmt":"2025-11-19T09:43:33","slug":"echantillonnage-portable-detecteur-de-gaz","status":"publish","type":"product","link":"https:\/\/wat-tunisia.com\/en\/product\/echantillonnage-portable-detecteur-de-gaz\/","title":{"rendered":"\u00c9chantillonnage portable d\u00e9tecteur de gaz"},"content":{"rendered":"<h3>Sp\u00e9cifications du capteur<\/h3>\n<p style=\"text-align: left;\">* = Reportez-vous \u00e0 la plage de mesure des gaz toxiques<\/p>\n<table style=\"height: 112px;\" width=\"779\">\n<tbody>\n<tr>\n<th>M\u00e9thode de mesure<\/th>\n<th>Gaz mesur\u00e9<\/th>\n<th>Plage de mesure<\/th>\n<th>Temps de r\u00e9ponse<\/th>\n<\/tr>\n<tr>\n<td rowspan=\"3\"><strong>Infrarouge<\/strong><\/td>\n<td>Gaz frigorig\u00e8ne<\/td>\n<td>0 ~ 2000 ppm<\/td>\n<td>&lt; 10 sec \/ 90% de l\u2019\u00e9chelle<\/td>\n<\/tr>\n<tr>\n<td>Gaz inflammable<\/td>\n<td>0 ~ 100% LIE<\/td>\n<td>&lt; 10 sec \/ 90% de l\u2019\u00e9chelle<\/td>\n<\/tr>\n<tr>\n<td>Gaz toxique<\/td>\n<td>*<\/td>\n<td>&lt; 10 sec \/ 90% de l\u2019\u00e9chelle<\/td>\n<\/tr>\n<\/tbody>\n<\/table>\n<h3>Sp\u00e9cifications du d\u00e9tecteur<\/h3>\n<div class=\"ds-scroll-area _1210dd7\">\n<table>\n<thead>\n<tr>\n<th>\u00c9l\u00e9ment<\/th>\n<th>Sp\u00e9cification<\/th>\n<\/tr>\n<\/thead>\n<tbody>\n<tr>\n<td><strong>Type de mesure<\/strong><\/td>\n<td>Type \u00e0 \u00e9chantillonnage automatique<\/td>\n<\/tr>\n<tr>\n<td><strong>Pr\u00e9cision<\/strong><\/td>\n<td>\u00b13 % \/ pleine \u00e9chelle<\/td>\n<\/tr>\n<tr>\n<td><strong>Contr\u00f4le des param\u00e8tres<\/strong><\/td>\n<td>Interrupteur frontal (\u00c9talonnage, Maintenance, R\u00e9glage d\u2019alarme)<\/td>\n<\/tr>\n<tr>\n<td><strong>Affichage du mode de fonctionnement<\/strong><\/td>\n<td>Affichage 5 LED (Alimentation, Alarme 2 niveaux, D\u00e9faut, \u00c9tat de charge)<\/td>\n<\/tr>\n<tr>\n<td><strong>Affichage de la valeur mesur\u00e9e<\/strong><\/td>\n<td>\u00c9cran LCD TFT couleur 2,0&Prime; (Valeur du gaz, D\u00e9bit, etc.)<\/td>\n<\/tr>\n<tr>\n<td><strong>Alimentation<\/strong><\/td>\n<td>Batterie Lithium-Ion 16,8 V \/ 2750 mAh<\/td>\n<\/tr>\n<tr>\n<td><strong>Fonction de charge<\/strong><\/td>\n<td>USB Type-C (Compatible PD 3.0, BC 1.2)<\/td>\n<\/tr>\n<tr>\n<td><strong>Temps de charge<\/strong><\/td>\n<td>2 heures et 30 minutes (bas\u00e9 sur PD 20V \/ 25W)<\/td>\n<\/tr>\n<tr>\n<td><strong>Autonomie de fonctionnement<\/strong><\/td>\n<td>15 heures de fonctionnement continu (bas\u00e9 sur un d\u00e9bit de 500 mL\/min)<\/td>\n<\/tr>\n<tr>\n<td><strong>Niveau sonore d&rsquo;alarme<\/strong><\/td>\n<td>90 dB \u00e0 1 m<\/td>\n<\/tr>\n<tr>\n<td><strong>M\u00e9thode d\u2019\u00e9chantillonnage<\/strong><\/td>\n<td>Pompe \u00e0 membrane<\/td>\n<\/tr>\n<tr>\n<td><strong>Diam\u00e8tre ext\u00e9rieur du tube d\u2019\u00e9chantillonnage<\/strong><\/td>\n<td>OD 1\/4&Prime; (standard)<\/td>\n<\/tr>\n<tr>\n<td><strong>D\u00e9bit<\/strong><\/td>\n<td>100 ~ 1000 mL\/min (normal : 500 mL\/min)<\/td>\n<\/tr>\n<tr>\n<td><strong>Mat\u00e9riau<\/strong><\/td>\n<td>Avant : PolycarbonateC\u00f4t\u00e9s : Acier<\/td>\n<\/tr>\n<tr>\n<td><strong>Temp\u00e9rature de charge<\/strong><\/td>\n<td>0\u00b0C ~ 45\u00b0C<\/td>\n<\/tr>\n<tr>\n<td><strong>Temp\u00e9rature de stockage<\/strong><\/td>\n<td>\u221220\u00b0C ~ 25\u00b0C<\/td>\n<\/tr>\n<tr>\n<td><strong>Temp\u00e9rature de fonctionnement<\/strong><\/td>\n<td>10\u00b0C ~ 60\u00b0C<\/td>\n<\/tr>\n<tr>\n<td><strong>Humidit\u00e9 de fonctionnement<\/strong><\/td>\n<td>30 ~ 85 % HR (non condensante)<\/td>\n<\/tr>\n<tr>\n<td><strong>Dimensions<\/strong><\/td>\n<td>70 (L) \u00d7 170 (H) \u00d7 170 (P) mm<\/td>\n<\/tr>\n<tr>\n<td><strong>Poids<\/strong><\/td>\n<td>1,9 kg<\/td>\n<\/tr>\n<\/tbody>\n<\/table>\n<\/div>","protected":false},"excerpt":{"rendered":"<h3 style=\"color: #c1272d; margin-bottom: 10px; font-weight: 600;\">GTD-5000 Portable<\/h3>\n<ul>\n<li>D\u00e9tecte les gaz combustibles, toxiques et les gaz contenant du fr\u00e9on.<\/li>\n<li>Dot\u00e9 d&rsquo;un algorithme de filtrage pour \u00e9liminer les interf\u00e9rences gazeuses.<\/li>\n<li>Utilise la technologie infrarouge pour une r\u00e9ponse rapide.<\/li>\n<li>\u00c9quip\u00e9 d&rsquo;une batterie rechargeable offrant jusqu&rsquo;\u00e0 15 heures d&rsquo;autonomie.<\/li>\n<li>Int\u00e8gre une fonction de r\u00e9gulation du d\u00e9bit pour un volume et une vitesse d&rsquo;aspiration constants.<\/li>\n<\/ul>\n<p><a href=\"https:\/\/wat-tunisia.com\/wp-content\/uploads\/2025\/11\/GTD_5000_Portable_Catalog_250926.pdf\"><img loading=\"lazy\" decoding=\"async\" class=\"alignnone wp-image-5184\" src=\"https:\/\/wat-tunisia.com\/wp-content\/uploads\/2025\/11\/document_16064382-300x300.png\" alt=\"\" width=\"43\" height=\"38\" \/><\/a><a href=\"https:\/\/wat-tunisia.com\/wp-content\/uploads\/2025\/11\/GTD_5000_Portable_Catalog_250926.pdf\"> Fiche Technique<\/a><\/p>","protected":false},"featured_media":5536,"comment_status":"closed","ping_status":"closed","template":"","meta":[],"product_brand":[],"product_cat":[272,275],"product_tag":[],"class_list":{"0":"post-5535","1":"product","2":"type-product","3":"status-publish","4":"has-post-thumbnail","6":"product_cat-detecteur-de-gaz-fr","7":"product_cat-detecteur-de-gaz-portable-fr","9":"first","10":"instock","11":"shipping-taxable","12":"product-type-simple"},"_links":{"self":[{"href":"https:\/\/wat-tunisia.com\/en\/wp-json\/wp\/v2\/product\/5535","targetHints":{"allow":["GET"]}}],"collection":[{"href":"https:\/\/wat-tunisia.com\/en\/wp-json\/wp\/v2\/product"}],"about":[{"href":"https:\/\/wat-tunisia.com\/en\/wp-json\/wp\/v2\/types\/product"}],"replies":[{"embeddable":true,"href":"https:\/\/wat-tunisia.com\/en\/wp-json\/wp\/v2\/comments?post=5535"}],"wp:featuredmedia":[{"embeddable":true,"href":"https:\/\/wat-tunisia.com\/en\/wp-json\/wp\/v2\/media\/5536"}],"wp:attachment":[{"href":"https:\/\/wat-tunisia.com\/en\/wp-json\/wp\/v2\/media?parent=5535"}],"wp:term":[{"taxonomy":"product_brand","embeddable":true,"href":"https:\/\/wat-tunisia.com\/en\/wp-json\/wp\/v2\/product_brand?post=5535"},{"taxonomy":"product_cat","embeddable":true,"href":"https:\/\/wat-tunisia.com\/en\/wp-json\/wp\/v2\/product_cat?post=5535"},{"taxonomy":"product_tag","embeddable":true,"href":"https:\/\/wat-tunisia.com\/en\/wp-json\/wp\/v2\/product_tag?post=5535"}],"curies":[{"name":"wp","href":"https:\/\/api.w.org\/{rel}","templated":true}]}}