{"id":5529,"date":"2025-11-19T09:37:28","date_gmt":"2025-11-19T08:37:28","guid":{"rendered":"https:\/\/wat-tunisia.com\/?post_type=product&#038;p=5529"},"modified":"2025-11-19T12:14:59","modified_gmt":"2025-11-19T11:14:59","slug":"detecteur-de-gaz-sans-fil","status":"publish","type":"product","link":"https:\/\/wat-tunisia.com\/en\/product\/detecteur-de-gaz-sans-fil\/","title":{"rendered":"D\u00e9tecteur de gaz sans fil"},"content":{"rendered":"<h3>Sp\u00e9cifications du capteur<\/h3>\n<table>\n<thead>\n<tr>\n<th>M\u00e9thode de mesure<\/th>\n<th>Cellule galvanique<\/th>\n<th>Cellule \u00e9lectrochimique<\/th>\n<th>IR 2 faisceaux \/ 4 faisceaux<\/th>\n<\/tr>\n<\/thead>\n<tbody>\n<tr>\n<td><strong>Gaz mesur\u00e9<\/strong><\/td>\n<td>Oxyg\u00e8ne<\/td>\n<td>Gaz toxique<\/td>\n<td>Gaz hydrocarbure, CO\u2082<\/td>\n<\/tr>\n<tr>\n<td><strong>Plage de mesure<\/strong><\/td>\n<td>0 ~ 25% VOL<\/td>\n<td>0 ~ 50 ppm (H\u2082S)<br \/>\n0 ~ 200 ppm (CO)<br \/>\n0 ~ 1000 ppm (NH\u2083), etc.<\/td>\n<td>0 ~ 100% LIE<br \/>\n0 ~ 5% VOL (CO\u2082)<\/td>\n<\/tr>\n<tr>\n<td><strong>Temps de r\u00e9ponse<\/strong><\/td>\n<td>&lt; 15 sec<\/td>\n<td>&lt; 50 sec<\/td>\n<td>&lt; 25 sec<\/td>\n<\/tr>\n<tr>\n<td><strong>Mat\u00e9riau<\/strong><\/td>\n<td>Acier inoxydable 316<\/td>\n<td>Acier inoxydable 316<\/td>\n<td>Acier inoxydable 316<\/td>\n<\/tr>\n<tr>\n<td><strong>Dimensions \/ Poids<\/strong><\/td>\n<td>65 (L) \u00d7 65 (H) \u00d7 65 (P) mm \/ 0,8 kg<\/td>\n<td>65 (L) \u00d7 65 (H) \u00d7 65 (P) mm \/ 0,8 kg<\/td>\n<td>65 (L) \u00d7 65 (H) \u00d7 65 (P) mm \/ 0,8 kg<\/td>\n<\/tr>\n<\/tbody>\n<\/table>\n<h3>Sp\u00e9cifications du d\u00e9tecteur<\/h3>\n<div class=\"ds-scroll-area _1210dd7\">\n<table>\n<thead>\n<tr>\n<th>\u00c9l\u00e9ment<\/th>\n<th>Sp\u00e9cification<\/th>\n<\/tr>\n<\/thead>\n<tbody>\n<tr>\n<td><strong>Type de mesure<\/strong><\/td>\n<td>Type \u00e0 diffusion<\/td>\n<\/tr>\n<tr>\n<td><strong>Pr\u00e9cision<\/strong><\/td>\n<td>\u00b13 % \/ pleine \u00e9chelle<\/td>\n<\/tr>\n<tr>\n<td><strong>Contr\u00f4le des param\u00e8tres<\/strong><\/td>\n<td>Commande non intrusive avec barre magn\u00e9tique + communication sans fil Bluetooth (\u00c9talonnage, Maintenance, R\u00e9glage alarme)<\/td>\n<\/tr>\n<tr>\n<td><strong>Affichage du mode de fonctionnement<\/strong><\/td>\n<td>Alimentation, Alarme, LED de d\u00e9faut<\/td>\n<\/tr>\n<tr>\n<td><strong>Affichage des valeurs mesur\u00e9es<\/strong><\/td>\n<td>\u00c9cran LCD monochrome 2&Prime; avec r\u00e9tro\u00e9clairage (Valeur du gaz, gaz cible, d\u00e9faut, etc.)<\/td>\n<\/tr>\n<tr>\n<td><strong>Sortie du signal d\u2019alarme (Mos Relay)<\/strong><\/td>\n<td>119 mA @ 28VDC \/ Contact relais N.O. (1 niveau d\u2019alarme)<\/td>\n<\/tr>\n<tr>\n<td><strong>Signal de sortie sans fil<\/strong><\/td>\n<td>Wireless HART\u00ae HART 7.9 (Taux de mise \u00e0 jour \u2265 60 sec) \/ 2,4 GHz ISM, 10 dBm<\/td>\n<\/tr>\n<tr>\n<td><strong>Alimentation externe (Option)<\/strong><\/td>\n<td>24 VDC nominal, 18 \u00e0 31 VDC \/ Max 2,85 W (119 mA @ 24 VDC)<\/td>\n<\/tr>\n<tr>\n<td><strong>Batterie<\/strong><\/td>\n<td>Pack batterie : Lithium Thionyl \/ Cellules Chlorure 3,6 V \/ Dur\u00e9e maximale : 3 ans<\/td>\n<\/tr>\n<tr>\n<td><strong>Mat\u00e9riau<\/strong><\/td>\n<td>Alliage d\u2019aluminium ou acier inoxydable<\/td>\n<\/tr>\n<tr>\n<td><strong>Entr\u00e9e de c\u00e2ble<\/strong><\/td>\n<td>M20 \u00d7 1,5P (standard) \/ M25 \u00d7 1,5P, NPT 1\/2&Prime;, NPT 3\/4&Prime;, PF 1\/2&Prime;, PF 3\/4&Prime;<\/td>\n<\/tr>\n<tr>\n<td><strong>Temp\u00e9rature de fonctionnement<\/strong><\/td>\n<td>-40\u00b0C ~ 60\u00b0C<\/td>\n<\/tr>\n<tr>\n<td><strong>Humidit\u00e9 de fonctionnement<\/strong><\/td>\n<td>0 ~ 99 % HR (sans condensation)<\/td>\n<\/tr>\n<tr>\n<td><strong>Interfaces suppl\u00e9mentaires<\/strong><\/td>\n<td>Bluetooth, Port de maintenance HART<\/td>\n<\/tr>\n<tr>\n<td><strong>Contr\u00f4le de d\u00e9fauts<\/strong><\/td>\n<td>Tension d\u2019alimentation \/ Courant \/ M\u00e9moire (RAM, Flash, EEPROM) \/ \u00c9tat capteur \/ V\u00e9rification configuration \/ Test syst\u00e8me<\/td>\n<\/tr>\n<tr>\n<td><strong>Dimensions<\/strong><\/td>\n<td>120 (L) \u00d7 284 (H) \u00d7 180 (P) mm<\/td>\n<\/tr>\n<tr>\n<td><strong>Poids<\/strong><\/td>\n<td>2,7 kg (alliage aluminium) \/ 5 kg (acier inoxydable)<\/td>\n<\/tr>\n<\/tbody>\n<\/table>\n<\/div>","protected":false},"excerpt":{"rendered":"<h3 style=\"color: #c1272d; margin-bottom: 10px; font-weight: 600;\">G-Finder\u2122 Universel W1<\/h3>\n<ul>\n<li>Il s&rsquo;agit d&rsquo;un d\u00e9tecteur de gaz sans fil bas\u00e9 sur la technologie HART, ne n\u00e9cessitant ni alimentation ni c\u00e2bles de communication.<\/li>\n<li>Sa port\u00e9e de communication peut atteindre 500 m (ou 1,5 km avec une configuration \u00e0 3 sauts) et contourner les obstacles.<\/li>\n<li>La port\u00e9e peut \u00eatre \u00e9tendue gr\u00e2ce \u00e0 une antenne d\u00e9port\u00e9e.<\/li>\n<li>Il offre une autonomie de trois ans sans remplacement ni recharge de batterie.<\/li>\n<li>Il \u00e9met une notification de pr\u00e9-alarme un mois avant l&rsquo;\u00e9puisement de la batterie (sa conception facilite le remplacement de celle-ci sur site).<\/li>\n<li>Son \u00e9metteur universel assure une compatibilit\u00e9 imm\u00e9diate avec diff\u00e9rents types de capteurs.<\/li>\n<li>Il int\u00e8gre la premi\u00e8re communication sans fil de niveau de s\u00e9curit\u00e9 SIL2 au monde et des fonctions d&rsquo;autodiagnostic des capteurs.<\/li>\n<li>Il est compatible Bluetooth et se connecte \u00e0 une application pour smartphone.<\/li>\n<\/ul>\n<p><a href=\"https:\/\/wat-tunisia.com\/wp-content\/uploads\/2025\/11\/GFU_W1_Catalog_250912.pdf\"><img loading=\"lazy\" decoding=\"async\" class=\"alignnone wp-image-5184\" src=\"https:\/\/wat-tunisia.com\/wp-content\/uploads\/2025\/11\/document_16064382-300x300.png\" alt=\"\" width=\"43\" height=\"38\" \/><\/a><a href=\"https:\/\/wat-tunisia.com\/wp-content\/uploads\/2025\/11\/GFU_W1_Catalog_250912.pdf\"> Fiche Technique<\/a><\/p>","protected":false},"featured_media":5530,"comment_status":"closed","ping_status":"closed","template":"","meta":[],"product_brand":[],"product_cat":[272,274],"product_tag":[],"class_list":{"0":"post-5529","1":"product","2":"type-product","3":"status-publish","4":"has-post-thumbnail","6":"product_cat-detecteur-de-gaz-fr","7":"product_cat-detecteur-de-gaz-sans-fil-fr","9":"first","10":"instock","11":"shipping-taxable","12":"product-type-simple"},"_links":{"self":[{"href":"https:\/\/wat-tunisia.com\/en\/wp-json\/wp\/v2\/product\/5529","targetHints":{"allow":["GET"]}}],"collection":[{"href":"https:\/\/wat-tunisia.com\/en\/wp-json\/wp\/v2\/product"}],"about":[{"href":"https:\/\/wat-tunisia.com\/en\/wp-json\/wp\/v2\/types\/product"}],"replies":[{"embeddable":true,"href":"https:\/\/wat-tunisia.com\/en\/wp-json\/wp\/v2\/comments?post=5529"}],"wp:featuredmedia":[{"embeddable":true,"href":"https:\/\/wat-tunisia.com\/en\/wp-json\/wp\/v2\/media\/5530"}],"wp:attachment":[{"href":"https:\/\/wat-tunisia.com\/en\/wp-json\/wp\/v2\/media?parent=5529"}],"wp:term":[{"taxonomy":"product_brand","embeddable":true,"href":"https:\/\/wat-tunisia.com\/en\/wp-json\/wp\/v2\/product_brand?post=5529"},{"taxonomy":"product_cat","embeddable":true,"href":"https:\/\/wat-tunisia.com\/en\/wp-json\/wp\/v2\/product_cat?post=5529"},{"taxonomy":"product_tag","embeddable":true,"href":"https:\/\/wat-tunisia.com\/en\/wp-json\/wp\/v2\/product_tag?post=5529"}],"curies":[{"name":"wp","href":"https:\/\/api.w.org\/{rel}","templated":true}]}}