{"id":5525,"date":"2025-11-19T09:17:23","date_gmt":"2025-11-19T08:17:23","guid":{"rendered":"https:\/\/wat-tunisia.com\/?post_type=product&#038;p=5525"},"modified":"2025-11-19T12:15:46","modified_gmt":"2025-11-19T11:15:46","slug":"detecteur-de-gaz-multi","status":"publish","type":"product","link":"https:\/\/wat-tunisia.com\/en\/product\/detecteur-de-gaz-multi\/","title":{"rendered":"D\u00e9tecteur de gaz Multi"},"content":{"rendered":"<h3>Sp\u00e9cifications du capteur<\/h3>\n<table style=\"height: 250px;\" width=\"979\">\n<tbody>\n<tr>\n<th>M\u00e9thode de mesure<\/th>\n<th>Gaz mesurable<\/th>\n<th>Plage de mesure<\/th>\n<th>Temps de r\u00e9ponse<\/th>\n<\/tr>\n<tr>\n<td rowspan=\"2\"><strong>Infrarouge<\/strong><\/td>\n<td>Gaz frigorig\u00e8ne<\/td>\n<td>0 ~ 2000 ppm<\/td>\n<td>&lt; 15 sec \/ 90% de l\u2019\u00e9chelle<\/td>\n<\/tr>\n<tr>\n<td>Gaz inflammable<\/td>\n<td>0 ~ 5000 ppm100% LIE<\/td>\n<td>&lt; 15 sec \/ 90% de l\u2019\u00e9chelle<\/td>\n<\/tr>\n<tr>\n<td><strong>Cellule catalytique<\/strong><\/td>\n<td>Gaz inflammable<\/td>\n<td>0 ~ 5000 ppm100% LIE<\/td>\n<td>&lt; 15 sec \/ 90% de l\u2019\u00e9chelle<\/td>\n<\/tr>\n<tr>\n<td rowspan=\"2\"><strong>Cellule \u00e9lectrochimique<\/strong><\/td>\n<td>O\u2082<\/td>\n<td>Plage normale : 0 ~ 30%<\/td>\n<td>&lt; 15 sec \/ 90% de l\u2019\u00e9chelle<\/td>\n<\/tr>\n<tr>\n<td>Gaz toxique<\/td>\n<td>Sp\u00e9cification personnalis\u00e9e<\/td>\n<td>&lt; 45 sec \/ 90% de l\u2019\u00e9chelle<\/td>\n<\/tr>\n<\/tbody>\n<\/table>\n<h3>Sp\u00e9cifications du d\u00e9tecteur<\/h3>\n<div class=\"ds-scroll-area _1210dd7\">\n<table>\n<thead>\n<tr>\n<th><strong>\u00c9l\u00e9ment<\/strong><\/th>\n<th><strong>Sp\u00e9cification<\/strong><\/th>\n<\/tr>\n<\/thead>\n<tbody>\n<tr>\n<td><strong>Type de mesure<\/strong><\/td>\n<td>Type \u00e0 \u00e9chantillonnage automatique<\/td>\n<\/tr>\n<tr>\n<td><strong>Pr\u00e9cision<\/strong><\/td>\n<td>\u00b13 % \/ pleine \u00e9chelle<\/td>\n<\/tr>\n<tr>\n<td><strong>Contr\u00f4le des param\u00e8tres<\/strong><\/td>\n<td>Interrupteur en fa\u00e7ade (\u00c9talonnage, Maintenance, R\u00e9glage d\u2019alarme)<\/td>\n<\/tr>\n<tr>\n<td><strong>Affichage du mode de fonctionnement<\/strong><\/td>\n<td>Alimentation \/ Alarme \/ D\u00e9faut \/ LED d\u2019\u00e9tat<\/td>\n<\/tr>\n<tr>\n<td><strong>Affichage des valeurs de mesure<\/strong><\/td>\n<td>\u00c9cran LCD graphique couleur (Valeur du gaz, nom du gaz, d\u00e9bit, erreurs, etc.)<\/td>\n<\/tr>\n<tr>\n<td><strong>Sortie signal d\u2019alarme<\/strong><\/td>\n<td>4 gaz \u2013 3A @ 250VAC, 5A @ 28VDC \/ Contact relais 3SPST (Alarme, Relais)<\/td>\n<\/tr>\n<tr>\n<td><strong>Signal de sortie<\/strong><\/td>\n<td><strong>4 gaz \u2013 Analogique :<\/strong> sortie analogique 4\u201320 mA<br \/>\n<strong>Signal de maintenance :<\/strong> 3 mA<br \/>\n<strong>Signal d\u2019\u00e9talonnage :<\/strong> 3 mA<br \/>\n<strong>Signal de d\u00e9faut :<\/strong> 0 mA ou 1,5 \/ 2,0 \/ 2,5 mA<br \/>\n<strong>Num\u00e9rique :<\/strong> RS-485 Modbus \/ PoE (alimentation par Ethernet) (option)<\/td>\n<\/tr>\n<tr>\n<td><strong>M\u00e9thode d\u2019\u00e9chantillonnage<\/strong><\/td>\n<td>Pompe \u00e0 membrane<\/td>\n<\/tr>\n<tr>\n<td><strong>Taille de l\u2019entr\u00e9e d\u2019\u00e9chantillonnage<\/strong><\/td>\n<td>OD 1\/4&Prime; (standard)<\/td>\n<\/tr>\n<tr>\n<td><strong>D\u00e9bit<\/strong><\/td>\n<td>0 ~ 1000 mL\/min (Normal : 500 mL\/min)<\/td>\n<\/tr>\n<tr>\n<td><strong>Mat\u00e9riau<\/strong><\/td>\n<td>Polycarbonate<\/td>\n<\/tr>\n<tr>\n<td><strong>Port de c\u00e2ble<\/strong><\/td>\n<td>Connecteur PG (PG11\u2013PG25)<\/td>\n<\/tr>\n<tr>\n<td><strong>Type de montage<\/strong><\/td>\n<td>Montage mural<\/td>\n<\/tr>\n<tr>\n<td><strong>Temp\u00e9rature de fonctionnement<\/strong><\/td>\n<td>-10\u00b0C ~ 50\u00b0C<\/td>\n<\/tr>\n<tr>\n<td><strong>Humidit\u00e9 de fonctionnement<\/strong><\/td>\n<td>5 ~ 99% HR (non condensante)<\/td>\n<\/tr>\n<tr>\n<td><strong>Dimensions<\/strong><\/td>\n<td>280 (L) \u00d7 244 (H) \u00d7 154 (P) mm<\/td>\n<\/tr>\n<tr>\n<td><strong>Poids<\/strong><\/td>\n<td>3,5 kg<\/td>\n<\/tr>\n<tr>\n<td><strong>Puissance de fonctionnement<\/strong><\/td>\n<td>Type standard : 12 W @ 24VDC (Max)PoE : 12,95 W @ 48VDC (Max)<\/td>\n<\/tr>\n<\/tbody>\n<\/table>\n<\/div>","protected":false},"excerpt":{"rendered":"<h3 style=\"color: #c1272d; margin-bottom: 10px; font-weight: 600;\">S\u00e9rie GTM<\/h3>\n<ul>\n<li>It detects gases such as combustible \/ toxic \/ freon \/ VOC<\/li>\n<li>Apply algorithm to prevent malfunction for interference gas (PA, Ethanol, FC3283 and Alcohol types)<\/li>\n<li>Fast response of gas leakage with a high efficient pump inside<\/li>\n<li>Detection gas from low to high concentration owing to various detection principle<\/li>\n<li>Stable quality and proved detection principle for service life<\/li>\n<li>Built in Data &amp; Event Logging<\/li>\n<li>Parameter setting with Color graphic LCD<\/li>\n<li>Self diagnosis function<\/li>\n<li>Flow Sensor to control flow rate automatically<\/li>\n<li>2-stage alarm, 1-trouble display and relay contact output<\/li>\n<li>4-20mA output signal<\/li>\n<li>Easy configuration of monitoring by RS-485 Modbus (Isolated) and PoE communication (option)<\/li>\n<li>Calibration and maintenance by one-man<\/li>\n<\/ul>\n<p><a href=\"https:\/\/wat-tunisia.com\/wp-content\/uploads\/2025\/11\/GTM_Series_Catalog_241028.pdf\"><img loading=\"lazy\" decoding=\"async\" class=\"alignnone wp-image-5184\" src=\"https:\/\/wat-tunisia.com\/wp-content\/uploads\/2025\/11\/document_16064382-300x300.png\" alt=\"\" width=\"43\" height=\"38\" \/><\/a><a href=\"https:\/\/wat-tunisia.com\/wp-content\/uploads\/2025\/11\/GTM_Series_Catalog_241028.pdf\"> Fiche Technique<\/a><\/p>","protected":false},"featured_media":5527,"comment_status":"closed","ping_status":"closed","template":"","meta":[],"product_brand":[],"product_cat":[272,273],"product_tag":[],"class_list":{"0":"post-5525","1":"product","2":"type-product","3":"status-publish","4":"has-post-thumbnail","6":"product_cat-detecteur-de-gaz-fr","7":"product_cat-detecteur-de-gaz-fixe-fr","9":"first","10":"instock","11":"shipping-taxable","12":"product-type-simple"},"_links":{"self":[{"href":"https:\/\/wat-tunisia.com\/en\/wp-json\/wp\/v2\/product\/5525","targetHints":{"allow":["GET"]}}],"collection":[{"href":"https:\/\/wat-tunisia.com\/en\/wp-json\/wp\/v2\/product"}],"about":[{"href":"https:\/\/wat-tunisia.com\/en\/wp-json\/wp\/v2\/types\/product"}],"replies":[{"embeddable":true,"href":"https:\/\/wat-tunisia.com\/en\/wp-json\/wp\/v2\/comments?post=5525"}],"wp:featuredmedia":[{"embeddable":true,"href":"https:\/\/wat-tunisia.com\/en\/wp-json\/wp\/v2\/media\/5527"}],"wp:attachment":[{"href":"https:\/\/wat-tunisia.com\/en\/wp-json\/wp\/v2\/media?parent=5525"}],"wp:term":[{"taxonomy":"product_brand","embeddable":true,"href":"https:\/\/wat-tunisia.com\/en\/wp-json\/wp\/v2\/product_brand?post=5525"},{"taxonomy":"product_cat","embeddable":true,"href":"https:\/\/wat-tunisia.com\/en\/wp-json\/wp\/v2\/product_cat?post=5525"},{"taxonomy":"product_tag","embeddable":true,"href":"https:\/\/wat-tunisia.com\/en\/wp-json\/wp\/v2\/product_tag?post=5525"}],"curies":[{"name":"wp","href":"https:\/\/api.w.org\/{rel}","templated":true}]}}