{"id":5520,"date":"2025-11-19T08:32:39","date_gmt":"2025-11-19T07:32:39","guid":{"rendered":"https:\/\/wat-tunisia.com\/?post_type=product&#038;p=5520"},"modified":"2025-11-19T09:14:29","modified_gmt":"2025-11-19T08:14:29","slug":"detecteur-de-gaz-type-de-recepteur-de-gaz","status":"publish","type":"product","link":"https:\/\/wat-tunisia.com\/en\/product\/detecteur-de-gaz-type-de-recepteur-de-gaz\/","title":{"rendered":"D\u00e9tecteur de gaz Type de r\u00e9cepteur de gaz"},"content":{"rendered":"<h3>Sp\u00e9cifications du capteur<\/h3>\n<p style=\"text-align: left;\">* = Reportez-vous \u00e0 la plage de mesure des gaz toxiques<\/p>\n<table style=\"height: 232px;\" width=\"1300\">\n<tbody>\n<tr>\n<th>\u00a0M\u00e9thode de mesure<\/th>\n<th>Cellule galvanique<\/th>\n<th colspan=\"2\">Cellule \u00e9lectrochimique<\/th>\n<th>Cellule catalytique<\/th>\n<th>Cellule semi-conductrice \u00e0 fil chaud<\/th>\n<th>Cellule \u00e0 conductivit\u00e9 thermique<\/th>\n<\/tr>\n<tr>\n<td><strong>Gaz mesur\u00e9<\/strong><\/td>\n<td>O\u2082<\/td>\n<td width=\"87\">O\u2082<\/td>\n<td width=\"89\">Gaz toxique<\/td>\n<td>Gaz inflammable<\/td>\n<td>Gaz inflammable<\/td>\n<td>Gaz inflammable<\/td>\n<\/tr>\n<tr>\n<td><strong>Plage de mesure<\/strong><\/td>\n<td>*<\/td>\n<td width=\"87\">*<\/td>\n<td width=\"89\">*<\/td>\n<td>0 ~ 100% LIE<\/td>\n<td>0 ~ 2000 ppm<\/td>\n<td>0 ~ 100% Vol<\/td>\n<\/tr>\n<tr>\n<td><strong>Temps de r\u00e9ponse<\/strong><\/td>\n<td>&lt; 15 sec \/ 90% \u00e9chelle<\/td>\n<td width=\"87\">&lt; 15 sec \/ 90% \u00e9chelle<\/td>\n<td width=\"89\">Varie selon le gaz<\/td>\n<td>&lt; 15 sec \/ 90% \u00e9chelle<\/td>\n<td>&lt; 15 sec \/ 90% \u00e9chelle<\/td>\n<td>&lt; 15 sec \/ 90% \u00e9chelle<\/td>\n<\/tr>\n<tr>\n<td><strong>Mat\u00e9riau<\/strong><\/td>\n<td>PVC<\/td>\n<td width=\"87\">PVC<\/td>\n<td width=\"89\">PVC<\/td>\n<td>PVC<\/td>\n<td>PVC<\/td>\n<td>PVC<\/td>\n<\/tr>\n<\/tbody>\n<\/table>\n<h3>Sp\u00e9cifications du d\u00e9tecteur<\/h3>\n<div class=\"ds-scroll-area _1210dd7\">\n<table>\n<thead>\n<tr>\n<th>\u00c9l\u00e9ment<\/th>\n<th>Sp\u00e9cification<\/th>\n<\/tr>\n<\/thead>\n<tbody>\n<tr>\n<td><strong>Type de mesure<\/strong><\/td>\n<td>Type \u00e0 diffusion<\/td>\n<\/tr>\n<tr>\n<td><strong>Pr\u00e9cision<\/strong><\/td>\n<td>\u00b13 % \/ pleine \u00e9chelle<\/td>\n<\/tr>\n<tr>\n<td><strong>Affichage du mode de fonctionnement<\/strong><\/td>\n<td>6 LED (Alimentation, Alarme 3 niveaux, D\u00e9faut, Veille maintenance)<\/td>\n<\/tr>\n<tr>\n<td><strong>Affichage de la mesure<\/strong><\/td>\n<td>FND 1,8&Prime; \u2013 4 chiffres<\/td>\n<\/tr>\n<tr>\n<td><strong>Sortie du signal d\u2019alarme<\/strong><\/td>\n<td>3A @ 30VDC, 3A @ 250VACContact relais 3-SPST (2 alarmes, 1 d\u00e9faut)<\/td>\n<\/tr>\n<tr>\n<td><strong>Affichage des alarmes<\/strong><\/td>\n<td>Visuel : Alarme 3 niveaux, LED d\u00e9faut, LED avertissementAudible : Buzzer 85 dB<\/td>\n<\/tr>\n<tr>\n<td><strong>Signal de sortie<\/strong><\/td>\n<td><strong>Analogique<\/strong> : 4\u201320 mA<br \/>\n<strong>Maintenance :<\/strong> 4 mA<br \/>\n<strong>\u00c9talonnage :<\/strong> 3 mA<br \/>\n<strong>D\u00e9faut :<\/strong> 0 mA<br \/>\n<strong>Num\u00e9rique<\/strong> : RS-485 Modbus (option)<\/td>\n<\/tr>\n<tr>\n<td><strong>Distance<\/strong><\/td>\n<td>4\u201320 mA : 2000 mRS-485 Modbus : 1000 m<\/td>\n<\/tr>\n<tr>\n<td><strong>Mat\u00e9riau<\/strong><\/td>\n<td>ABS (D\u00e9tecteur), Polycarbonate (Unit\u00e9 d\u2019alarme)<\/td>\n<\/tr>\n<tr>\n<td><strong>Montage<\/strong><\/td>\n<td>Montage mural<\/td>\n<\/tr>\n<tr>\n<td><strong>Temp\u00e9rature de fonctionnement<\/strong><\/td>\n<td>\u221220\u00b0C ~ 60\u00b0C<\/td>\n<\/tr>\n<tr>\n<td><strong>Humidit\u00e9 de fonctionnement<\/strong><\/td>\n<td>5 ~ 99% HR (non condensante)<\/td>\n<\/tr>\n<tr>\n<td><strong>Dimensions<\/strong><\/td>\n<td>235,6 (L) \u00d7 356 (H) \u00d7 109,3 (P) mm<\/td>\n<\/tr>\n<tr>\n<td><strong>Poids<\/strong><\/td>\n<td>1,75 kg<\/td>\n<\/tr>\n<\/tbody>\n<\/table>\n<\/div>","protected":false},"excerpt":{"rendered":"<h3 style=\"color: #c1272d; margin-bottom: 10px; font-weight: 600;\">GTD-6000<\/h3>\n<ul>\n<li>D\u00e9tection de gaz tels que les gaz combustibles, toxiques et l&rsquo;oxyg\u00e8ne.<\/li>\n<li>D\u00e9tection de gaz \u00e0 faible et forte concentration gr\u00e2ce \u00e0 diff\u00e9rents principes de d\u00e9tection.<\/li>\n<li>Installation murale facile.<\/li>\n<li>V\u00e9rification \u00e0 distance gr\u00e2ce au grand \u00e9cran et au voyant lumineux.<\/li>\n<li>Affichage de la concentration de gaz sur 4 chiffres.<\/li>\n<li>3 niveaux d&rsquo;alarme, t\u00e9moin LED de d\u00e9faut et sortie relais.<\/li>\n<li>Configuration simplifi\u00e9e de la surveillance via communication RS-485 Modbus.<\/li>\n<li>Param\u00e8tres d&rsquo;alarme programmables (niveau, temporisation).<\/li>\n<li>Autodiagnostic.<\/li>\n<li>Signal de sortie 4-20 mA (source ou puits de courant).<\/li>\n<\/ul>\n<p><a href=\"https:\/\/wat-tunisia.com\/wp-content\/uploads\/2025\/11\/GTD_6000_Catalog_241028.pdf\"><img loading=\"lazy\" decoding=\"async\" class=\"alignnone wp-image-5184\" src=\"https:\/\/wat-tunisia.com\/wp-content\/uploads\/2025\/11\/document_16064382-300x300.png\" alt=\"\" width=\"43\" height=\"38\" \/><\/a><a href=\"https:\/\/wat-tunisia.com\/wp-content\/uploads\/2025\/11\/GTD_6000_Catalog_241028.pdf\"> Fiche Technique<\/a><\/p>","protected":false},"featured_media":5521,"comment_status":"closed","ping_status":"closed","template":"","meta":[],"product_brand":[],"product_cat":[272,273],"product_tag":[],"class_list":{"0":"post-5520","1":"product","2":"type-product","3":"status-publish","4":"has-post-thumbnail","6":"product_cat-detecteur-de-gaz-fr","7":"product_cat-detecteur-de-gaz-fixe-fr","9":"first","10":"instock","11":"shipping-taxable","12":"product-type-simple"},"_links":{"self":[{"href":"https:\/\/wat-tunisia.com\/en\/wp-json\/wp\/v2\/product\/5520","targetHints":{"allow":["GET"]}}],"collection":[{"href":"https:\/\/wat-tunisia.com\/en\/wp-json\/wp\/v2\/product"}],"about":[{"href":"https:\/\/wat-tunisia.com\/en\/wp-json\/wp\/v2\/types\/product"}],"replies":[{"embeddable":true,"href":"https:\/\/wat-tunisia.com\/en\/wp-json\/wp\/v2\/comments?post=5520"}],"wp:featuredmedia":[{"embeddable":true,"href":"https:\/\/wat-tunisia.com\/en\/wp-json\/wp\/v2\/media\/5521"}],"wp:attachment":[{"href":"https:\/\/wat-tunisia.com\/en\/wp-json\/wp\/v2\/media?parent=5520"}],"wp:term":[{"taxonomy":"product_brand","embeddable":true,"href":"https:\/\/wat-tunisia.com\/en\/wp-json\/wp\/v2\/product_brand?post=5520"},{"taxonomy":"product_cat","embeddable":true,"href":"https:\/\/wat-tunisia.com\/en\/wp-json\/wp\/v2\/product_cat?post=5520"},{"taxonomy":"product_tag","embeddable":true,"href":"https:\/\/wat-tunisia.com\/en\/wp-json\/wp\/v2\/product_tag?post=5520"}],"curies":[{"name":"wp","href":"https:\/\/api.w.org\/{rel}","templated":true}]}}