{"id":5517,"date":"2025-11-19T08:26:07","date_gmt":"2025-11-19T07:26:07","guid":{"rendered":"https:\/\/wat-tunisia.com\/?post_type=product&#038;p=5517"},"modified":"2025-11-19T08:31:33","modified_gmt":"2025-11-19T07:31:33","slug":"detecteur-de-gaz-oxygene-et-toxique-3","status":"publish","type":"product","link":"https:\/\/wat-tunisia.com\/en\/product\/detecteur-de-gaz-oxygene-et-toxique-3\/","title":{"rendered":"D\u00e9tecteur de gaz Oxyg\u00e8ne et toxique"},"content":{"rendered":"<h3>Sp\u00e9cifications du capteur<\/h3>\n<p style=\"text-align: left;\">* = Reportez-vous \u00e0 la plage de mesure des gaz toxiques<\/p>\n<table>\n<thead>\n<tr>\n<th><strong>M\u00e9thode de mesure<\/strong><\/th>\n<th><strong>Cellule catalytique<\/strong><\/th>\n<th><strong>Cellule semi-conductrice \u00e0 fil chaud<\/strong><\/th>\n<th><strong>Cellule \u00e0 conductivit\u00e9 thermique<\/strong><\/th>\n<\/tr>\n<\/thead>\n<tbody>\n<tr>\n<td><strong>Gaz mesur\u00e9<\/strong><\/td>\n<td>Gaz inflammable<\/td>\n<td>Gaz inflammable<\/td>\n<td>Gaz inflammable<\/td>\n<\/tr>\n<tr>\n<td><strong>Plage de mesure<\/strong><\/td>\n<td>0 ~ 100 % LIE<\/td>\n<td>0 ~ 2000 ppm<\/td>\n<td>0 ~ 100 % Vol<\/td>\n<\/tr>\n<tr>\n<td><strong>Temps de r\u00e9ponse<\/strong><\/td>\n<td>&lt; 15 sec \/ \u00e9chelle 90 %<\/td>\n<td>&lt; 15 sec \/ \u00e9chelle 90 %<\/td>\n<td>&lt; 15 sec \/ \u00e9chelle 90 %<\/td>\n<\/tr>\n<tr>\n<td><strong>Mat\u00e9riau<\/strong><\/td>\n<td>SUS316<\/td>\n<td>SUS316<\/td>\n<td>SUS316<\/td>\n<\/tr>\n<\/tbody>\n<\/table>\n<h3>Sp\u00e9cifications du d\u00e9tecteur<\/h3>\n<div class=\"ds-scroll-area _1210dd7\">\n<table>\n<thead>\n<tr>\n<th><strong>Type de mesure<\/strong><\/th>\n<th>Type \u00e0 diffusion<\/th>\n<\/tr>\n<\/thead>\n<tbody>\n<tr>\n<td><strong>Pr\u00e9cision<\/strong><\/td>\n<td>\u00b13 % \/ Pleine \u00e9chelle<\/td>\n<\/tr>\n<tr>\n<td><strong>Contr\u00f4le des param\u00e8tres<\/strong><\/td>\n<td>Commande non intrusive avec une barre magn\u00e9tique (\u00c9talonnage, Maintenance)<\/td>\n<\/tr>\n<tr>\n<td><strong>Affichage du mode de fonctionnement<\/strong><\/td>\n<td>4 voyants LED (Alimentation, alarme \u00e0 2 niveaux, d\u00e9faut)<\/td>\n<\/tr>\n<tr>\n<td><strong>Affichage des valeurs mesur\u00e9es<\/strong><\/td>\n<td>Afficheur LCD (r\u00e9tro\u00e9clairage int\u00e9gr\u00e9, 2 lignes, 8 caract\u00e8res) \/ Type OLED (Option)<\/td>\n<\/tr>\n<tr>\n<td><strong>Signal de sortie<\/strong><\/td>\n<td><strong>Analogique<\/strong> : sortie analogique 4\u201320 mA Signal de maintenance : 4 mA Signal d\u2019\u00e9talonnage : 3 mA Signal de d\u00e9faut : 0 mA <strong>Num\u00e9rique<\/strong> : RS-485 Modbus (Option)<\/td>\n<\/tr>\n<tr>\n<td><strong>Mat\u00e9riau<\/strong><\/td>\n<td>Alliage d\u2019aluminium ou acier inoxydable<\/td>\n<\/tr>\n<tr>\n<td><strong>Filetage d\u2019entr\u00e9e du c\u00e2ble<\/strong><\/td>\n<td>Standard : PF 3\/4&Prime; Option : PF 1\/2&Prime;, M20 x 1.5P, M25 x 1.5P, NPT 1\/2&Prime;, NPT 3\/4&Prime;<\/td>\n<\/tr>\n<tr>\n<td><strong>Type de montage<\/strong><\/td>\n<td>Montage sur poteau 2&Prime;, montage mural, option<\/td>\n<\/tr>\n<tr>\n<td><strong>Temp\u00e9rature de fonctionnement<\/strong><\/td>\n<td>-20\u00b0C ~ 60\u00b0C<\/td>\n<\/tr>\n<tr>\n<td><strong>Humidit\u00e9 de fonctionnement<\/strong><\/td>\n<td>5 ~ 99 % HR (sans condensation)<\/td>\n<\/tr>\n<tr>\n<td><strong>Dimensions<\/strong><\/td>\n<td>156 (L) \u00d7 186 (H) \u00d7 110 (P) mm<\/td>\n<\/tr>\n<tr>\n<td><strong>Poids<\/strong><\/td>\n<td>1,7 kg (alliage d\u2019aluminium) \/ 3,4 kg (acier inoxydable)<\/td>\n<\/tr>\n<\/tbody>\n<\/table>\n<\/div>","protected":false},"excerpt":{"rendered":"<h3 style=\"color: #c1272d; margin-bottom: 10px; font-weight: 600;\">GTD-1000Tx<\/h3>\n<ul>\n<li>Continuous detection of toxic gases and oxygen in explosion hazardous area with flame proof structure<\/li>\n<li>Excellent selectivity by adapting detection principle only for toxic gases &amp; oxygen<\/li>\n<li>Superior performance for detecting toxic gases below TLV<\/li>\n<li>High quality and low cost of ownership<\/li>\n<li>4-20mA (Current source or Sink) output signal<\/li>\n<li>Simple structure and compact design<\/li>\n<li>Easy calibration &amp; maintenance with inside FND display<\/li>\n<li>Calibration and maintenance by one-man<\/li>\n<\/ul>\n<p><a href=\"https:\/\/wat-tunisia.com\/wp-content\/uploads\/2025\/11\/GTD_1000Tx_Catalog_241028.pdf\"><img loading=\"lazy\" decoding=\"async\" class=\"alignnone wp-image-5184\" src=\"https:\/\/wat-tunisia.com\/wp-content\/uploads\/2025\/11\/document_16064382-300x300.png\" alt=\"\" width=\"43\" height=\"38\" \/><\/a><a href=\"https:\/\/wat-tunisia.com\/wp-content\/uploads\/2025\/11\/GTD_1000Tx_Catalog_241028.pdf\"> Fiche Technique<\/a><\/p>","protected":false},"featured_media":5505,"comment_status":"closed","ping_status":"closed","template":"","meta":[],"product_brand":[],"product_cat":[272,273],"product_tag":[],"class_list":{"0":"post-5517","1":"product","2":"type-product","3":"status-publish","4":"has-post-thumbnail","6":"product_cat-detecteur-de-gaz-fr","7":"product_cat-detecteur-de-gaz-fixe-fr","9":"first","10":"instock","11":"shipping-taxable","12":"product-type-simple"},"_links":{"self":[{"href":"https:\/\/wat-tunisia.com\/en\/wp-json\/wp\/v2\/product\/5517","targetHints":{"allow":["GET"]}}],"collection":[{"href":"https:\/\/wat-tunisia.com\/en\/wp-json\/wp\/v2\/product"}],"about":[{"href":"https:\/\/wat-tunisia.com\/en\/wp-json\/wp\/v2\/types\/product"}],"replies":[{"embeddable":true,"href":"https:\/\/wat-tunisia.com\/en\/wp-json\/wp\/v2\/comments?post=5517"}],"wp:featuredmedia":[{"embeddable":true,"href":"https:\/\/wat-tunisia.com\/en\/wp-json\/wp\/v2\/media\/5505"}],"wp:attachment":[{"href":"https:\/\/wat-tunisia.com\/en\/wp-json\/wp\/v2\/media?parent=5517"}],"wp:term":[{"taxonomy":"product_brand","embeddable":true,"href":"https:\/\/wat-tunisia.com\/en\/wp-json\/wp\/v2\/product_brand?post=5517"},{"taxonomy":"product_cat","embeddable":true,"href":"https:\/\/wat-tunisia.com\/en\/wp-json\/wp\/v2\/product_cat?post=5517"},{"taxonomy":"product_tag","embeddable":true,"href":"https:\/\/wat-tunisia.com\/en\/wp-json\/wp\/v2\/product_tag?post=5517"}],"curies":[{"name":"wp","href":"https:\/\/api.w.org\/{rel}","templated":true}]}}