{"id":5513,"date":"2025-11-18T10:33:31","date_gmt":"2025-11-18T09:33:31","guid":{"rendered":"https:\/\/wat-tunisia.com\/?post_type=product&#038;p=5513"},"modified":"2026-03-06T11:36:16","modified_gmt":"2026-03-06T10:36:16","slug":"detecteur-de-gaz-inflammable-3","status":"publish","type":"product","link":"https:\/\/wat-tunisia.com\/en\/product\/detecteur-de-gaz-inflammable-3\/","title":{"rendered":"D\u00e9tecteur de gaz Inflammable"},"content":{"rendered":"<h3>Sp\u00e9cifications du capteur<\/h3>\n<p style=\"text-align: left;\">* = Se r\u00e9f\u00e8re \u00e0 la plage de mesure des gaz toxiques.<\/p>\n<table>\n<thead>\n<tr>\n<th><strong>M\u00e9thode de mesure<\/strong><\/th>\n<th><strong>Cellule catalytique<\/strong><\/th>\n<th><strong>Cellule semi-conductrice \u00e0 fil chaud<\/strong><\/th>\n<th><strong>Cellule \u00e0 conductivit\u00e9 thermique<\/strong><\/th>\n<\/tr>\n<\/thead>\n<tbody>\n<tr>\n<td><strong>Gaz mesur\u00e9<\/strong><\/td>\n<td>Gaz inflammable<\/td>\n<td>Gaz inflammable<\/td>\n<td>Gaz inflammable<\/td>\n<\/tr>\n<tr>\n<td><strong>Plage de mesure<\/strong><\/td>\n<td>0 ~ 100 % LIE<\/td>\n<td>0 ~ 2000 ppm<\/td>\n<td>0 ~ 100 % Vol<\/td>\n<\/tr>\n<tr>\n<td><strong>Temps de r\u00e9ponse<\/strong><\/td>\n<td>&lt; 15 sec \/ \u00e9chelle 90 %<\/td>\n<td>&lt; 15 sec \/ \u00e9chelle 90 %<\/td>\n<td>&lt; 15 sec \/ \u00e9chelle 90 %<\/td>\n<\/tr>\n<tr>\n<td><strong>Mat\u00e9riau<\/strong><\/td>\n<td>SUS316<\/td>\n<td>SUS316<\/td>\n<td>SUS316<\/td>\n<\/tr>\n<\/tbody>\n<\/table>\n<h3>Sp\u00e9cifications du d\u00e9tecteur<\/h3>\n<table>\n<thead>\n<tr>\n<th><strong>Type de mesure<\/strong><\/th>\n<th>Type \u00e0 diffusion<\/th>\n<\/tr>\n<\/thead>\n<tbody>\n<tr>\n<td><strong>Pr\u00e9cision<\/strong><\/td>\n<td>\u00b13 % \/ Pleine \u00e9chelle<\/td>\n<\/tr>\n<tr>\n<td><strong>Signal de sortie<\/strong><\/td>\n<td>Analogique : sortie analogique 4\u201320 mA<\/td>\n<\/tr>\n<tr>\n<td><strong>Mat\u00e9riau<\/strong><\/td>\n<td>Alliage d\u2019aluminium<\/td>\n<\/tr>\n<tr>\n<td><strong>Filetage d\u2019entr\u00e9e du c\u00e2ble<\/strong><\/td>\n<td>Standard : PF 3\/4&Prime; Option : PF 1\/2&Prime;, M20 x 1.5P, M25 x 1.5P, NPT 1\/2&Prime;, NPT 3\/4&Prime;<\/td>\n<\/tr>\n<tr>\n<td><strong>Type de montage<\/strong><\/td>\n<td>Montage sur poteau 2&Prime;, Montage mural<\/td>\n<\/tr>\n<tr>\n<td><strong>Temp\u00e9rature de fonctionnement<\/strong><\/td>\n<td>-20\u00b0C ~ 60\u00b0C<\/td>\n<\/tr>\n<tr>\n<td><strong>Humidit\u00e9 de fonctionnement<\/strong><\/td>\n<td>5 ~ 99 % HR (sans condensation)<\/td>\n<\/tr>\n<tr>\n<td><strong>Dimensions<\/strong><\/td>\n<td>136 (L) \u00d7 166 (H) \u00d7 95 (P) mm<\/td>\n<\/tr>\n<tr>\n<td><strong>Poids<\/strong><\/td>\n<td>1,2 kg<\/td>\n<\/tr>\n<\/tbody>\n<\/table>","protected":false},"excerpt":{"rendered":"<h3 style=\"color: #c1272d; margin-bottom: 10px; font-weight: 600;\">GTD-1000 Ex<\/h3>\n<ul>\n<li>D\u00e9tection continue des gaz inflammables en zone \u00e0 risque d&rsquo;explosion avec structure antid\u00e9flagrante<\/li>\n<li>D\u00e9tection des gaz de faible \u00e0 forte concentration gr\u00e2ce \u00e0 divers principes de d\u00e9tection<\/li>\n<li>Qualit\u00e9 stable et principe de d\u00e9tection \u00e9prouv\u00e9 pour une longue dur\u00e9e de vie<\/li>\n<li>Haute qualit\u00e9 et faible co\u00fbt total de possession<\/li>\n<li>Structure simple et conception compacte<\/li>\n<li>Signal de sortie 4-20 mA (source ou puits de courant)<\/li>\n<li>Calibrage et maintenance faciles gr\u00e2ce \u00e0 l&rsquo;affichage FND int\u00e9gr\u00e9<\/li>\n<li>Calibrage et maintenance par une seule personne<\/li>\n<\/ul>\n<p><a href=\"https:\/\/wat-tunisia.com\/wp-content\/uploads\/2025\/11\/GTD_1000Ex_Catalog_241028.pdf\"><img loading=\"lazy\" decoding=\"async\" class=\"alignnone wp-image-5184\" src=\"https:\/\/wat-tunisia.com\/wp-content\/uploads\/2025\/11\/document_16064382-300x300.png\" alt=\"\" width=\"43\" height=\"38\" \/><\/a><a href=\"https:\/\/wat-tunisia.com\/wp-content\/uploads\/2025\/11\/GTD_1000Ex_Catalog_241028.pdf\"> Fiche Technique<\/a><\/p>","protected":false},"featured_media":5514,"comment_status":"closed","ping_status":"closed","template":"","meta":[],"product_brand":[],"product_cat":[272,273],"product_tag":[],"class_list":{"0":"post-5513","1":"product","2":"type-product","3":"status-publish","4":"has-post-thumbnail","6":"product_cat-detecteur-de-gaz-fr","7":"product_cat-detecteur-de-gaz-fixe-fr","9":"first","10":"instock","11":"shipping-taxable","12":"product-type-simple"},"_links":{"self":[{"href":"https:\/\/wat-tunisia.com\/en\/wp-json\/wp\/v2\/product\/5513","targetHints":{"allow":["GET"]}}],"collection":[{"href":"https:\/\/wat-tunisia.com\/en\/wp-json\/wp\/v2\/product"}],"about":[{"href":"https:\/\/wat-tunisia.com\/en\/wp-json\/wp\/v2\/types\/product"}],"replies":[{"embeddable":true,"href":"https:\/\/wat-tunisia.com\/en\/wp-json\/wp\/v2\/comments?post=5513"}],"wp:featuredmedia":[{"embeddable":true,"href":"https:\/\/wat-tunisia.com\/en\/wp-json\/wp\/v2\/media\/5514"}],"wp:attachment":[{"href":"https:\/\/wat-tunisia.com\/en\/wp-json\/wp\/v2\/media?parent=5513"}],"wp:term":[{"taxonomy":"product_brand","embeddable":true,"href":"https:\/\/wat-tunisia.com\/en\/wp-json\/wp\/v2\/product_brand?post=5513"},{"taxonomy":"product_cat","embeddable":true,"href":"https:\/\/wat-tunisia.com\/en\/wp-json\/wp\/v2\/product_cat?post=5513"},{"taxonomy":"product_tag","embeddable":true,"href":"https:\/\/wat-tunisia.com\/en\/wp-json\/wp\/v2\/product_tag?post=5513"}],"curies":[{"name":"wp","href":"https:\/\/api.w.org\/{rel}","templated":true}]}}