{"id":5507,"date":"2025-11-18T09:23:57","date_gmt":"2025-11-18T08:23:57","guid":{"rendered":"https:\/\/wat-tunisia.com\/?post_type=product&#038;p=5507"},"modified":"2025-11-19T08:25:09","modified_gmt":"2025-11-19T07:25:09","slug":"antideflagrant-detecteur-de-gaz-2","status":"publish","type":"product","link":"https:\/\/wat-tunisia.com\/en\/product\/antideflagrant-detecteur-de-gaz-2\/","title":{"rendered":"Antid\u00e9flagrant D\u00e9tecteur de gaz"},"content":{"rendered":"<h3>Sp\u00e9cifications du capteur<\/h3>\n<p style=\"text-align: left;\">* = Se r\u00e9f\u00e8re \u00e0 la plage de mesure des gaz toxiques.<\/p>\n<table width=\"0\">\n<tbody>\n<tr>\n<th><strong>M\u00e9thode de mesure<\/strong><\/th>\n<th><strong>Gaz mesurable<\/strong><\/th>\n<th><strong>Plage de mesure<\/strong><\/th>\n<th><strong>Temps de r\u00e9ponse<\/strong><\/th>\n<\/tr>\n<tr>\n<td style=\"align-content: center;\" rowspan=\"3\"><strong>Infrarouge<\/strong><\/td>\n<td>Hydrocarbures<\/td>\n<td>0 ~ 100% LIE ; 0 ~ 5000 ppm<\/td>\n<td>&lt; 6 sec \/ \u00e9chelle 90% ; &lt; 3 sec \/ \u00e9chelle 50%<\/td>\n<\/tr>\n<tr>\n<td>CO\u2082<\/td>\n<td>0 ~ 5,0 % Vol<\/td>\n<td>&lt; 6 sec \/ \u00e9chelle 90% ; &lt; 3 sec \/ \u00e9chelle 50%<\/td>\n<\/tr>\n<tr>\n<td>CO, N\u2082O<\/td>\n<td>0 ~ 2,0 % Vol ; 0 ~ 4000 ppm<\/td>\n<td>&lt; 6 sec \/ \u00e9chelle 90% ; &lt; 3 sec \/ \u00e9chelle 50%<\/td>\n<\/tr>\n<tr>\n<td><strong>Cellule catalytique<\/strong><\/td>\n<td>Gaz inflammables<\/td>\n<td>0 ~ 100% LIE<\/td>\n<td>&lt; 15 sec \/ \u00e9chelle 90%<\/td>\n<\/tr>\n<tr>\n<td><strong>Cellule semi-conductrice \u00e0 fil chaud<\/strong><\/td>\n<td>Gaz inflammables<\/td>\n<td>0 ~ 2000 ppm<\/td>\n<td>&lt; 15 sec \/ \u00e9chelle 90%<\/td>\n<\/tr>\n<tr>\n<td><strong>Cellule \u00e0 conductivit\u00e9 thermique<\/strong><\/td>\n<td>Gaz inflammables<\/td>\n<td>*<\/td>\n<td>&lt; 15 sec \/ \u00e9chelle 90%<\/td>\n<\/tr>\n<tr>\n<td><strong>Cellule galvanique<\/strong><\/td>\n<td>O\u2082<\/td>\n<td>*<\/td>\n<td>&lt; 15 sec \/ \u00e9chelle 90%<\/td>\n<\/tr>\n<tr>\n<td style=\"align-content: center;\" rowspan=\"2\"><strong>Cellule \u00e9lectrochimique<\/strong><\/td>\n<td>O\u2082<\/td>\n<td>*<\/td>\n<td>&lt; 15 sec \/ \u00e9chelle 90%<\/td>\n<\/tr>\n<tr>\n<td>Gaz toxiques<\/td>\n<td>*<\/td>\n<td>&lt; 45 sec \/ \u00e9chelle 90%<\/td>\n<\/tr>\n<tr>\n<td><strong>D\u00e9tecteur par photo-ionisation (PID)<\/strong><\/td>\n<td>Gaz COV<\/td>\n<td>*<\/td>\n<td>Variable selon le gaz<\/td>\n<\/tr>\n<\/tbody>\n<\/table>\n<h3>Sp\u00e9cifications du d\u00e9tecteur<\/h3>\n<table>\n<thead>\n<tr>\n<th><strong>Type de mesure<\/strong><\/th>\n<th>Type d\u2019\u00e9chantillonnage automatique<\/th>\n<\/tr>\n<\/thead>\n<tbody>\n<tr>\n<td><strong>Pr\u00e9cision<\/strong><\/td>\n<td>\u00b13 % \/ Pleine \u00e9chelle<\/td>\n<\/tr>\n<tr>\n<td><strong>Contr\u00f4le des param\u00e8tres<\/strong><\/td>\n<td>Commande non intrusive avec une barre magn\u00e9tique (\u00c9talonnage, Maintenance)<\/td>\n<\/tr>\n<tr>\n<td><strong>Affichage du mode de fonctionnement<\/strong><\/td>\n<td>LED alarme \/ anomalie, d\u00e9bit<\/td>\n<\/tr>\n<tr>\n<td><strong>Affichage de la valeur mesur\u00e9e<\/strong><\/td>\n<td>Afficheur FND (4 chiffres)<\/td>\n<\/tr>\n<tr>\n<td><strong>Sortie du signal d\u2019alarme<\/strong><\/td>\n<td>2A@30VDC, 0,5A@125VAC (charge r\u00e9sistive) \/ Contact relais 3-SPST (2 alarmes de stade, 1 anomalie)<\/td>\n<\/tr>\n<tr>\n<td><strong>Signal de sortie<\/strong><\/td>\n<td>Analogique 4\u201320 mA, RS-485 Modbus (option)<\/td>\n<\/tr>\n<tr>\n<td><strong>M\u00e9thode d\u2019\u00e9chantillonnage<\/strong><\/td>\n<td>Pompe \u00e0 diaphragme<\/td>\n<\/tr>\n<tr>\n<td><strong>Taille de l\u2019\u00e9chantillonnage<\/strong><\/td>\n<td>OD 1\/4\u201d (standard)<\/td>\n<\/tr>\n<tr>\n<td><strong>D\u00e9bit<\/strong><\/td>\n<td>0 ~ 1000 mL\/min (500 mL\/min normal)<\/td>\n<\/tr>\n<tr>\n<td><strong>Mat\u00e9riau<\/strong><\/td>\n<td>ALDC<\/td>\n<\/tr>\n<tr>\n<td><strong>Connexion du conduit<\/strong><\/td>\n<td>Standard : PF 3\/4\u201d ; Option : NPT 3\/4\u201d, M25, PF 1\/2\u201d, NPT 1\/2\u201d, M20 (avec r\u00e9ducteur antid\u00e9flagrant)<\/td>\n<\/tr>\n<tr>\n<td><strong>M\u00e9thode de montage<\/strong><\/td>\n<td>Montage mural, option<\/td>\n<\/tr>\n<tr>\n<td><strong>Temp\u00e9rature de fonctionnement<\/strong><\/td>\n<td>-10\u00b0C ~ 60\u00b0C<\/td>\n<\/tr>\n<tr>\n<td><strong>Humidit\u00e9 de fonctionnement<\/strong><\/td>\n<td>5 ~ 99 % HR (non-condensation)<\/td>\n<\/tr>\n<tr>\n<td><strong>Dimensions<\/strong><\/td>\n<td>268(L) \u00d7 238,3(H) \u00d7 154(P) mm<\/td>\n<\/tr>\n<tr>\n<td><strong>Poids<\/strong><\/td>\n<td>5 kg<\/td>\n<\/tr>\n<tr>\n<td><strong>Puissance de fonctionnement<\/strong><\/td>\n<td>Type standard : 9,6W @24VDC (Max) ; PoE type : 10,1W @48VDC (Max)<\/td>\n<\/tr>\n<\/tbody>\n<\/table>","protected":false},"excerpt":{"rendered":"<h3 style=\"color: #c1272d; margin-bottom: 10px; font-weight: 600;\">GTD-5100F<\/h3>\n<ul>\n<li>Il d\u00e9tecte les gaz tels que les gaz combustibles, toxiques, l&rsquo;oxyg\u00e8ne, les hydrocarbures et les COV.<\/li>\n<li>Fonction d&rsquo;autodiagnostic avec microprocesseur int\u00e9gr\u00e9<\/li>\n<li>Capteur \u00e0 cartouche facilement rempla\u00e7able<\/li>\n<li>Capteur de d\u00e9bit num\u00e9rique pour un d\u00e9bit constant<\/li>\n<li>D\u00e9tection de gaz de faible \u00e0 forte concentration gr\u00e2ce \u00e0 diff\u00e9rents principes de d\u00e9tection<\/li>\n<li>Qualit\u00e9 stable et principe de d\u00e9tection \u00e9prouv\u00e9 pour une longue dur\u00e9e de vie<\/li>\n<li>Calibrage automatique et programmation par barre magn\u00e9tique<\/li>\n<li>Affichage num\u00e9rique de la concentration de gaz sur 4 chiffres<\/li>\n<li>Signal de sortie 4-20 mA (source ou puits de courant)<\/li>\n<li>Configuration ais\u00e9e du syst\u00e8me de surveillance par communication RS-485 Modbus<\/li>\n<li>Connexion 3 fils pour le signal et l&rsquo;alimentation<\/li>\n<li>Alarme \u00e0 2 niveaux, affichage des d\u00e9fauts et sortie relais<\/li>\n<li>Calibrage et maintenance par une seule personne<\/li>\n<\/ul>\n<p><a href=\"https:\/\/wat-tunisia.com\/wp-content\/uploads\/2025\/11\/GTD_5000F_Catalog_241224.pdf\"><img loading=\"lazy\" decoding=\"async\" class=\"alignnone wp-image-5184\" src=\"https:\/\/wat-tunisia.com\/wp-content\/uploads\/2025\/11\/document_16064382-300x300.png\" alt=\"\" width=\"43\" height=\"38\" \/><\/a><a href=\"https:\/\/wat-tunisia.com\/wp-content\/uploads\/2025\/11\/GTD_5000F_Catalog_241224.pdf\"> Fiche Technique<\/a><\/p>","protected":false},"featured_media":5508,"comment_status":"closed","ping_status":"closed","template":"","meta":[],"product_brand":[],"product_cat":[272,273],"product_tag":[],"class_list":{"0":"post-5507","1":"product","2":"type-product","3":"status-publish","4":"has-post-thumbnail","6":"product_cat-detecteur-de-gaz-fr","7":"product_cat-detecteur-de-gaz-fixe-fr","9":"first","10":"instock","11":"shipping-taxable","12":"product-type-simple"},"_links":{"self":[{"href":"https:\/\/wat-tunisia.com\/en\/wp-json\/wp\/v2\/product\/5507","targetHints":{"allow":["GET"]}}],"collection":[{"href":"https:\/\/wat-tunisia.com\/en\/wp-json\/wp\/v2\/product"}],"about":[{"href":"https:\/\/wat-tunisia.com\/en\/wp-json\/wp\/v2\/types\/product"}],"replies":[{"embeddable":true,"href":"https:\/\/wat-tunisia.com\/en\/wp-json\/wp\/v2\/comments?post=5507"}],"wp:featuredmedia":[{"embeddable":true,"href":"https:\/\/wat-tunisia.com\/en\/wp-json\/wp\/v2\/media\/5508"}],"wp:attachment":[{"href":"https:\/\/wat-tunisia.com\/en\/wp-json\/wp\/v2\/media?parent=5507"}],"wp:term":[{"taxonomy":"product_brand","embeddable":true,"href":"https:\/\/wat-tunisia.com\/en\/wp-json\/wp\/v2\/product_brand?post=5507"},{"taxonomy":"product_cat","embeddable":true,"href":"https:\/\/wat-tunisia.com\/en\/wp-json\/wp\/v2\/product_cat?post=5507"},{"taxonomy":"product_tag","embeddable":true,"href":"https:\/\/wat-tunisia.com\/en\/wp-json\/wp\/v2\/product_tag?post=5507"}],"curies":[{"name":"wp","href":"https:\/\/api.w.org\/{rel}","templated":true}]}}