{"id":5502,"date":"2025-11-18T09:08:21","date_gmt":"2025-11-18T08:08:21","guid":{"rendered":"https:\/\/wat-tunisia.com\/?post_type=product&#038;p=5502"},"modified":"2025-11-18T09:22:23","modified_gmt":"2025-11-18T08:22:23","slug":"detecteur-de-gaz-oxygene-et-toxique-2","status":"publish","type":"product","link":"https:\/\/wat-tunisia.com\/en\/product\/detecteur-de-gaz-oxygene-et-toxique-2\/","title":{"rendered":"D\u00e9tecteur de gaz Oxyg\u00e8ne et toxique"},"content":{"rendered":"<h3>Sp\u00e9cifications du capteur<\/h3>\n<p style=\"text-align: left;\">* = Reportez-vous \u00e0 la plage de mesure des gaz toxiques<\/p>\n<table>\n<thead>\n<tr>\n<th>M\u00e9thode de mesure<\/th>\n<th>Cellule galvanique<\/th>\n<th>Cellule \u00e9lectrochimique<\/th>\n<th>Cellule semi-conductrice<\/th>\n<th>D\u00e9tecteur par photo-ionisation (PID)<\/th>\n<\/tr>\n<\/thead>\n<tbody>\n<tr>\n<td><strong>Gaz mesur\u00e9<\/strong><\/td>\n<td>O\u2082<\/td>\n<td>O\u2082 \/ Gaz toxique<\/td>\n<td>Gaz COV<\/td>\n<td>Gaz COV<\/td>\n<\/tr>\n<tr>\n<td><strong>Plage de mesure<\/strong><\/td>\n<td>*<\/td>\n<td>*<\/td>\n<td>*<\/td>\n<td>*<\/td>\n<\/tr>\n<tr>\n<td><strong>Temps de r\u00e9ponse<\/strong><\/td>\n<td>&lt; 15 sec \/ 90 % de l\u2019\u00e9chelle<\/td>\n<td>&lt; 15 sec \/ 90 % de l\u2019\u00e9chelle<\/td>\n<td>Varie selon le gaz<\/td>\n<td>Varie selon le gaz<\/td>\n<\/tr>\n<tr>\n<td><strong>Mat\u00e9riau<\/strong><\/td>\n<td>SUS316<\/td>\n<td>SUS316<\/td>\n<td>SUS316<\/td>\n<td>SUS316<\/td>\n<\/tr>\n<\/tbody>\n<\/table>\n<h3>Sp\u00e9cifications du d\u00e9tecteur<\/h3>\n<div class=\"ds-scroll-area _1210dd7\">\n<table>\n<thead>\n<tr>\n<th>Caract\u00e9ristique<\/th>\n<th>Sp\u00e9cification<\/th>\n<\/tr>\n<\/thead>\n<tbody>\n<tr>\n<td><strong>Type de mesure<\/strong><\/td>\n<td>Type par diffusion<\/td>\n<\/tr>\n<tr>\n<td><strong>Pr\u00e9cision<\/strong><\/td>\n<td>\u00b13 % \/ pleine \u00e9chelle<\/td>\n<\/tr>\n<tr>\n<td><strong>Contr\u00f4le des param\u00e8tres<\/strong><\/td>\n<td>Contr\u00f4le non intrusif avec une barre magn\u00e9tique (Calibration, Maintenance)<\/td>\n<\/tr>\n<tr>\n<td><strong>Affichage du mode de fonctionnement<\/strong><\/td>\n<td>1-LED (Alimentation)<\/td>\n<\/tr>\n<tr>\n<td><strong>Affichage des valeurs mesur\u00e9es<\/strong><\/td>\n<td>\u00c9cran LCD (R\u00e9tro\u00e9clairage int\u00e9gr\u00e9, 2 lignes, 8 caract\u00e8res) \/ Type OLED (Option)<\/td>\n<\/tr>\n<tr>\n<td><strong>Signal de sortie<\/strong><\/td>\n<td>Analogique : sortie 4-20 mA \/ Signal de maintenance : 4 mA \/ Signal de calibration : 3 mA \/ Signal de d\u00e9faut : 0 mANum\u00e9rique : 2 mA (HART 7, langage de description HART disponible en option)<\/td>\n<\/tr>\n<tr>\n<td><strong>Mat\u00e9riau<\/strong><\/td>\n<td>Alliage d\u2019aluminium ou acier inoxydable<\/td>\n<\/tr>\n<tr>\n<td><strong>Entr\u00e9e du c\u00e2ble<\/strong><\/td>\n<td>Standard : PF 3\/4&Prime; | Options : PF 1\/2&Prime;, M20 x 1.5P, M25 x 1.5P, NPT 1\/2&Prime;, NPT 3\/4&Prime;<\/td>\n<\/tr>\n<tr>\n<td><strong>Type de montage<\/strong><\/td>\n<td>Montage sur poteau 2&Prime; ou montage mural<\/td>\n<\/tr>\n<tr>\n<td><strong>Temp\u00e9rature de fonctionnement<\/strong><\/td>\n<td>-40\u00b0C ~ 80\u00b0C<\/td>\n<\/tr>\n<tr>\n<td><strong>Humidit\u00e9 de fonctionnement<\/strong><\/td>\n<td>5 ~ 99 % HR (Non condensante)<\/td>\n<\/tr>\n<tr>\n<td><strong>Dimensions<\/strong><\/td>\n<td>136(L) x 176(H) x 110(P) mm<\/td>\n<\/tr>\n<tr>\n<td><strong>Poids<\/strong><\/td>\n<td>1,7 kg (alliage d\u2019aluminium) \/ 3,4 kg (acier inoxydable)<\/td>\n<\/tr>\n<\/tbody>\n<\/table>\n<\/div>","protected":false},"excerpt":{"rendered":"<h3 style=\"color: #c1272d; margin-bottom: 10px; font-weight: 600;\">GTD-2000Tx<\/h3>\n<ul>\n<li>D\u00e9tection continue des gaz toxiques et de l&rsquo;oxyg\u00e8ne en zone explosive zone dangereuse avec structure antid\u00e9flagrante<\/li>\n<li>Fonction d&rsquo;autodiagnostic avec microprocesseur int\u00e9gr\u00e9<\/li>\n<li>Excellente s\u00e9lectivit\u00e9 gr\u00e2ce \u00e0 un principe de d\u00e9tection adapt\u00e9 aux seuls gaz toxiques et \u00e0 l&rsquo;oxyg\u00e8ne<\/li>\n<li>Performances sup\u00e9rieures pour la d\u00e9tection des gaz toxiques en dessous de la VLE<\/li>\n<li>Multifonctionnel et de haute qualit\u00e9 \u00e0 faible co\u00fbt d&rsquo;exploitation<\/li>\n<li>\u00c9cran LCD ou OLED r\u00e9tro\u00e9clair\u00e9 int\u00e9gr\u00e9<\/li>\n<li>Configuration facile du syst\u00e8me de surveillance via communication HART<\/li>\n<li>Calibrage automatique et programmation par barre magn\u00e9tique<\/li>\n<li>Signal de sortie 4-20 mA (source ou puits de courant)<\/li>\n<li>Calibrage et maintenance par une seule personne<\/li>\n<li>Avec l&rsquo;unit\u00e9 d&rsquo;alarme (GTL-100) :<br \/>\nNormal : LED verte<br \/>\nAlarme : LED rouge, buzzer (95 dB)<br \/>\nD\u00e9faut : LED jaune<\/li>\n<\/ul>\n<p><a href=\"https:\/\/wat-tunisia.com\/wp-content\/uploads\/2025\/11\/GTD_2000Tx_Catalog_241028.pdf\"><img loading=\"lazy\" decoding=\"async\" class=\"alignnone wp-image-5184\" src=\"https:\/\/wat-tunisia.com\/wp-content\/uploads\/2025\/11\/document_16064382-300x300.png\" alt=\"\" width=\"43\" height=\"38\" \/><\/a><a href=\"https:\/\/wat-tunisia.com\/wp-content\/uploads\/2025\/11\/GTD_2000Tx_Catalog_241028.pdf\"> Fiche Technique<\/a><\/p>","protected":false},"featured_media":5505,"comment_status":"closed","ping_status":"closed","template":"","meta":[],"product_brand":[],"product_cat":[272,273],"product_tag":[],"class_list":{"0":"post-5502","1":"product","2":"type-product","3":"status-publish","4":"has-post-thumbnail","6":"product_cat-detecteur-de-gaz-fr","7":"product_cat-detecteur-de-gaz-fixe-fr","9":"first","10":"instock","11":"shipping-taxable","12":"product-type-simple"},"_links":{"self":[{"href":"https:\/\/wat-tunisia.com\/en\/wp-json\/wp\/v2\/product\/5502","targetHints":{"allow":["GET"]}}],"collection":[{"href":"https:\/\/wat-tunisia.com\/en\/wp-json\/wp\/v2\/product"}],"about":[{"href":"https:\/\/wat-tunisia.com\/en\/wp-json\/wp\/v2\/types\/product"}],"replies":[{"embeddable":true,"href":"https:\/\/wat-tunisia.com\/en\/wp-json\/wp\/v2\/comments?post=5502"}],"wp:featuredmedia":[{"embeddable":true,"href":"https:\/\/wat-tunisia.com\/en\/wp-json\/wp\/v2\/media\/5505"}],"wp:attachment":[{"href":"https:\/\/wat-tunisia.com\/en\/wp-json\/wp\/v2\/media?parent=5502"}],"wp:term":[{"taxonomy":"product_brand","embeddable":true,"href":"https:\/\/wat-tunisia.com\/en\/wp-json\/wp\/v2\/product_brand?post=5502"},{"taxonomy":"product_cat","embeddable":true,"href":"https:\/\/wat-tunisia.com\/en\/wp-json\/wp\/v2\/product_cat?post=5502"},{"taxonomy":"product_tag","embeddable":true,"href":"https:\/\/wat-tunisia.com\/en\/wp-json\/wp\/v2\/product_tag?post=5502"}],"curies":[{"name":"wp","href":"https:\/\/api.w.org\/{rel}","templated":true}]}}