{"id":5492,"date":"2025-11-17T13:16:52","date_gmt":"2025-11-17T12:16:52","guid":{"rendered":"https:\/\/wat-tunisia.com\/?post_type=product&#038;p=5492"},"modified":"2025-11-17T13:24:11","modified_gmt":"2025-11-17T12:24:11","slug":"pipe-location-device-2","status":"publish","type":"product","link":"https:\/\/wat-tunisia.com\/en\/product\/pipe-location-device-2\/","title":{"rendered":"PIPE LOCATION DEVICE"},"content":{"rendered":"","protected":false},"excerpt":{"rendered":"<p><strong>DISPOSITIF DE LOCALISATION DE TUYAU<\/strong><\/p>\n<p>Le r\u00e9cepteur est sp\u00e9cialement con\u00e7u pour une utilisation quotidienne simple et peut travailler avec de nombreux \u00e9metteurs de pigeage (sondes) et des syst\u00e8mes de cam\u00e9ras de t\u00e9l\u00e9vision par canaux.<\/p>\n<p>En outre, un tracker passif est \u00e9galement int\u00e9gr\u00e9 (50 Hz) qui permet de localiser les c\u00e2bles et les lignes.<\/p>","protected":false},"featured_media":5493,"comment_status":"closed","ping_status":"closed","template":"","meta":[],"product_brand":[],"product_cat":[386,408,372],"product_tag":[],"class_list":{"0":"post-5492","1":"product","2":"type-product","3":"status-publish","4":"has-post-thumbnail","6":"product_cat-accessoires-fr-systeme-dinspection","7":"product_cat-localisation","8":"product_cat-systeme-dinspection","10":"first","11":"instock","12":"shipping-taxable","13":"product-type-simple"},"_links":{"self":[{"href":"https:\/\/wat-tunisia.com\/en\/wp-json\/wp\/v2\/product\/5492","targetHints":{"allow":["GET"]}}],"collection":[{"href":"https:\/\/wat-tunisia.com\/en\/wp-json\/wp\/v2\/product"}],"about":[{"href":"https:\/\/wat-tunisia.com\/en\/wp-json\/wp\/v2\/types\/product"}],"replies":[{"embeddable":true,"href":"https:\/\/wat-tunisia.com\/en\/wp-json\/wp\/v2\/comments?post=5492"}],"wp:featuredmedia":[{"embeddable":true,"href":"https:\/\/wat-tunisia.com\/en\/wp-json\/wp\/v2\/media\/5493"}],"wp:attachment":[{"href":"https:\/\/wat-tunisia.com\/en\/wp-json\/wp\/v2\/media?parent=5492"}],"wp:term":[{"taxonomy":"product_brand","embeddable":true,"href":"https:\/\/wat-tunisia.com\/en\/wp-json\/wp\/v2\/product_brand?post=5492"},{"taxonomy":"product_cat","embeddable":true,"href":"https:\/\/wat-tunisia.com\/en\/wp-json\/wp\/v2\/product_cat?post=5492"},{"taxonomy":"product_tag","embeddable":true,"href":"https:\/\/wat-tunisia.com\/en\/wp-json\/wp\/v2\/product_tag?post=5492"}],"curies":[{"name":"wp","href":"https:\/\/api.w.org\/{rel}","templated":true}]}}