{"id":5394,"date":"2025-11-13T09:51:11","date_gmt":"2025-11-13T08:51:11","guid":{"rendered":"https:\/\/wat-tunisia.com\/?post_type=product&#038;p=5394"},"modified":"2025-11-13T09:56:48","modified_gmt":"2025-11-13T08:56:48","slug":"mse-500","status":"publish","type":"product","link":"https:\/\/wat-tunisia.com\/en\/product\/mse-500\/","title":{"rendered":"MSE-500"},"content":{"rendered":"","protected":false},"excerpt":{"rendered":"<div class=\"woocommerce-product-details__short-description\">\n<div class=\"show-more\">\n<div class=\"woocommerce-product-details__short-description\">\n<div class=\"show-more\">\n<div class=\"woocommerce-product-details__short-description\">\n<div class=\"show-more\">\n<div class=\"web-panel\">\n<div class=\"container\">\n<div class=\"row\">\n<div class=\"col-sm-7\">\n<div id=\"myTabContent\" class=\"tab-content\">\n<div id=\"apercu\" class=\"tab-pane fade in active\">\n<p><strong>Compact. Mobile. Puissant.<\/strong><\/p>\n<p>Notre mallette de contr\u00f4le professionnelle MSE-500 &#8211; Votre centrale de contr\u00f4le et de documentation pour toutes nos cam\u00e9ras et robots.<\/p>\n<ul>\n<li>L&rsquo;\u00e9cran TFT 12,4 pouces haute r\u00e9solution et adapt\u00e9 \u00e0 la lumi\u00e8re du jour fournit une qualit\u00e9 d&rsquo;image brillante et, avec les commandes ergonomiques, permet un travail agr\u00e9able<\/li>\n<li>Via les ports USB existants, des p\u00e9riph\u00e9riques tels que le clavier ou la souris peuvent \u00eatre utilis\u00e9s avec le bo\u00eetier de contr\u00f4le<\/li>\n<li>Les vid\u00e9os et les images sont sauvegard\u00e9es dans la m\u00e9moire interne et peuvent \u00eatre facilement export\u00e9es vers un p\u00e9riph\u00e9rique USB<\/li>\n<\/ul>\n<\/div>\n<\/div>\n<\/div>\n<\/div>\n<\/div>\n<\/div>\n<p><a href=\"https:\/\/wat-tunisia.com\/wp-content\/uploads\/2025\/11\/MSE-500.pdf\"><img loading=\"lazy\" decoding=\"async\" class=\"alignnone wp-image-5184\" src=\"https:\/\/wat-tunisia.com\/wp-content\/uploads\/2025\/11\/document_16064382-300x300.png\" alt=\"\" width=\"43\" height=\"38\" \/><\/a><a href=\"https:\/\/wat-tunisia.com\/wp-content\/uploads\/2025\/11\/MSE-500.pdf\"> Fiche Technique<\/a><\/p>\n<\/div>\n<\/div>\n<\/div>\n<\/div>\n<\/div>\n<\/div>","protected":false},"featured_media":5395,"comment_status":"closed","ping_status":"closed","template":"","meta":[],"product_brand":[],"product_cat":[372,378],"product_tag":[],"class_list":{"0":"post-5394","1":"product","2":"type-product","3":"status-publish","4":"has-post-thumbnail","6":"product_cat-systeme-dinspection","7":"product_cat-unites-de-controle","9":"first","10":"instock","11":"shipping-taxable","12":"product-type-simple"},"_links":{"self":[{"href":"https:\/\/wat-tunisia.com\/en\/wp-json\/wp\/v2\/product\/5394","targetHints":{"allow":["GET"]}}],"collection":[{"href":"https:\/\/wat-tunisia.com\/en\/wp-json\/wp\/v2\/product"}],"about":[{"href":"https:\/\/wat-tunisia.com\/en\/wp-json\/wp\/v2\/types\/product"}],"replies":[{"embeddable":true,"href":"https:\/\/wat-tunisia.com\/en\/wp-json\/wp\/v2\/comments?post=5394"}],"wp:featuredmedia":[{"embeddable":true,"href":"https:\/\/wat-tunisia.com\/en\/wp-json\/wp\/v2\/media\/5395"}],"wp:attachment":[{"href":"https:\/\/wat-tunisia.com\/en\/wp-json\/wp\/v2\/media?parent=5394"}],"wp:term":[{"taxonomy":"product_brand","embeddable":true,"href":"https:\/\/wat-tunisia.com\/en\/wp-json\/wp\/v2\/product_brand?post=5394"},{"taxonomy":"product_cat","embeddable":true,"href":"https:\/\/wat-tunisia.com\/en\/wp-json\/wp\/v2\/product_cat?post=5394"},{"taxonomy":"product_tag","embeddable":true,"href":"https:\/\/wat-tunisia.com\/en\/wp-json\/wp\/v2\/product_tag?post=5394"}],"curies":[{"name":"wp","href":"https:\/\/api.w.org\/{rel}","templated":true}]}}