{"id":5383,"date":"2025-11-13T08:53:07","date_gmt":"2025-11-13T07:53:07","guid":{"rendered":"https:\/\/wat-tunisia.com\/?post_type=product&#038;p=5383"},"modified":"2025-11-13T08:56:48","modified_gmt":"2025-11-13T07:56:48","slug":"mse-100-with-shp-6-30","status":"publish","type":"product","link":"https:\/\/wat-tunisia.com\/en\/product\/mse-100-with-shp-6-30\/","title":{"rendered":"MSE-100 WITH SHP-6.30"},"content":{"rendered":"","protected":false},"excerpt":{"rendered":"<p><strong>UNIT\u00c9 DE CONTR\u00d4LE<\/strong><\/p>\n<ul>\n<li>\u00c9cran TFT haute r\u00e9solution et lumineux de 5,6 pouces<\/li>\n<li>Enregistreur vid\u00e9o MPEG-4 int\u00e9gr\u00e9 (avi) avec fonction snapshot (bmp)<\/li>\n<li>Compteur de compteur num\u00e9rique avec affichage dans l&rsquo;image vid\u00e9o<\/li>\n<li>Batterie Li-Ion avec un chargeur de batterie et un indicateur de charge<\/li>\n<\/ul>\n<p><strong>BOBINE<\/strong><\/p>\n<ul>\n<li>Utilisable de DN 40 \u00e0 DN 150<\/li>\n<li>Convient pour les coudes \u00e0 partir de 87 \u00b0 \/ DN 50<\/li>\n<li>Poussoir flexible de 30 m\u00e8tres de haut (\u00d8 6 mm)<\/li>\n<li>Rotule stable avec syst\u00e8me de changement rapide pour l&rsquo;unit\u00e9 de contr\u00f4le<\/li>\n<\/ul>","protected":false},"featured_media":5384,"comment_status":"closed","ping_status":"closed","template":"","meta":[],"product_brand":[],"product_cat":[372,374],"product_tag":[],"class_list":{"0":"post-5383","1":"product","2":"type-product","3":"status-publish","4":"has-post-thumbnail","6":"product_cat-systeme-dinspection","7":"product_cat-systemes-compacts","9":"first","10":"instock","11":"shipping-taxable","12":"product-type-simple"},"_links":{"self":[{"href":"https:\/\/wat-tunisia.com\/en\/wp-json\/wp\/v2\/product\/5383","targetHints":{"allow":["GET"]}}],"collection":[{"href":"https:\/\/wat-tunisia.com\/en\/wp-json\/wp\/v2\/product"}],"about":[{"href":"https:\/\/wat-tunisia.com\/en\/wp-json\/wp\/v2\/types\/product"}],"replies":[{"embeddable":true,"href":"https:\/\/wat-tunisia.com\/en\/wp-json\/wp\/v2\/comments?post=5383"}],"wp:featuredmedia":[{"embeddable":true,"href":"https:\/\/wat-tunisia.com\/en\/wp-json\/wp\/v2\/media\/5384"}],"wp:attachment":[{"href":"https:\/\/wat-tunisia.com\/en\/wp-json\/wp\/v2\/media?parent=5383"}],"wp:term":[{"taxonomy":"product_brand","embeddable":true,"href":"https:\/\/wat-tunisia.com\/en\/wp-json\/wp\/v2\/product_brand?post=5383"},{"taxonomy":"product_cat","embeddable":true,"href":"https:\/\/wat-tunisia.com\/en\/wp-json\/wp\/v2\/product_cat?post=5383"},{"taxonomy":"product_tag","embeddable":true,"href":"https:\/\/wat-tunisia.com\/en\/wp-json\/wp\/v2\/product_tag?post=5383"}],"curies":[{"name":"wp","href":"https:\/\/api.w.org\/{rel}","templated":true}]}}