{"id":5381,"date":"2025-11-12T14:41:49","date_gmt":"2025-11-12T13:41:49","guid":{"rendered":"https:\/\/wat-tunisia.com\/?post_type=product&#038;p=5381"},"modified":"2025-11-12T14:45:17","modified_gmt":"2025-11-12T13:45:17","slug":"optiflu","status":"publish","type":"product","link":"https:\/\/wat-tunisia.com\/en\/product\/optiflu\/","title":{"rendered":"Optiflu"},"content":{"rendered":"","protected":false},"excerpt":{"rendered":"<p>Les s\u00e9parateurs de peluches Optiflu sont install\u00e9s dans les salles d&rsquo;op\u00e9ration et d&rsquo;autres applications m\u00e9dicales telles que les unit\u00e9s de soins intensifs pour l&rsquo;\u00e9limination efficace des peluches.<\/p>\n<p>Produites par des gommages, des v\u00eatements et des rideaux, les peluches peuvent contaminer les syst\u00e8mes de poussi\u00e8res d&rsquo;\u00e9chappement, cr\u00e9er des risques d&rsquo;incendie et endommager ou bloquer les composants de l&rsquo;unit\u00e9 de traitement de l&rsquo;air.<\/p>\n<p>Con\u00e7u pour l&rsquo;installation dans le conduit, le mur ou le plafond interm\u00e9diaire, Optiflu se composent de trois parties, toutes construites en acier inoxydable 1.4301:<\/p>\n<ul>\n<li>Cadre de maintien soud\u00e9 et \u00e9tanche au gaz reli\u00e9 au conduit d&rsquo;\u00e9vacuation d&rsquo;air<\/li>\n<li>Cadre s\u00e9parateur de peluches compos\u00e9 d&rsquo;un tube profil\u00e9 rigide et d&rsquo;un treillis en tissu en acier inoxydable<\/li>\n<li>Plaque de protection perfor\u00e9e pour \u00e9viter d&rsquo;endommager le tissu s\u00e9parateur de peluches<\/li>\n<\/ul>\n<p>Le s\u00e9parateur de peluches soud\u00e9 et \u00e9tanche aux gaz est facile \u00e0 retirer sans outils et peut \u00eatre st\u00e9rilis\u00e9 jusqu&rsquo;\u00e0 134 \u00b0 C, tandis que le tissu est conforme \u00e0 la norme DIN 16611. La plaque de protection perfor\u00e9e est dot\u00e9e de boutons pour une manipulation simplifi\u00e9e.<\/p>","protected":false},"featured_media":5382,"comment_status":"closed","ping_status":"closed","template":"","meta":[],"product_brand":[],"product_cat":[319,368],"product_tag":[],"class_list":{"0":"post-5381","1":"product","2":"type-product","3":"status-publish","4":"has-post-thumbnail","6":"product_cat-filtres-a-air-fr","7":"product_cat-separateurs-fluff","9":"first","10":"instock","11":"shipping-taxable","12":"product-type-simple"},"_links":{"self":[{"href":"https:\/\/wat-tunisia.com\/en\/wp-json\/wp\/v2\/product\/5381","targetHints":{"allow":["GET"]}}],"collection":[{"href":"https:\/\/wat-tunisia.com\/en\/wp-json\/wp\/v2\/product"}],"about":[{"href":"https:\/\/wat-tunisia.com\/en\/wp-json\/wp\/v2\/types\/product"}],"replies":[{"embeddable":true,"href":"https:\/\/wat-tunisia.com\/en\/wp-json\/wp\/v2\/comments?post=5381"}],"wp:featuredmedia":[{"embeddable":true,"href":"https:\/\/wat-tunisia.com\/en\/wp-json\/wp\/v2\/media\/5382"}],"wp:attachment":[{"href":"https:\/\/wat-tunisia.com\/en\/wp-json\/wp\/v2\/media?parent=5381"}],"wp:term":[{"taxonomy":"product_brand","embeddable":true,"href":"https:\/\/wat-tunisia.com\/en\/wp-json\/wp\/v2\/product_brand?post=5381"},{"taxonomy":"product_cat","embeddable":true,"href":"https:\/\/wat-tunisia.com\/en\/wp-json\/wp\/v2\/product_cat?post=5381"},{"taxonomy":"product_tag","embeddable":true,"href":"https:\/\/wat-tunisia.com\/en\/wp-json\/wp\/v2\/product_tag?post=5381"}],"curies":[{"name":"wp","href":"https:\/\/api.w.org\/{rel}","templated":true}]}}