{"id":5375,"date":"2025-11-12T14:31:03","date_gmt":"2025-11-12T13:31:03","guid":{"rendered":"https:\/\/wat-tunisia.com\/?post_type=product&#038;p=5375"},"modified":"2025-11-12T14:38:10","modified_gmt":"2025-11-12T13:38:10","slug":"pulsatex","status":"publish","type":"product","link":"https:\/\/wat-tunisia.com\/en\/product\/pulsatex\/","title":{"rendered":"Pulsatex"},"content":{"rendered":"","protected":false},"excerpt":{"rendered":"<div class=\"woocommerce-product-details__short-description\">\n<div class=\"show-more\">\n<div class=\"woocommerce-product-details__short-description\">\n<div class=\"show-more\">\n<div class=\"woocommerce-product-details__short-description\">\n<div class=\"show-more\">\n<div class=\"web-panel\">\n<div class=\"container\">\n<div class=\"row\">\n<div class=\"col-sm-7\">\n<div id=\"myTabContent\" class=\"tab-content\">\n<div id=\"apercu\" class=\"tab-pane fade in active\">\n<p>Con\u00e7us pour une utilisation dans les environnements les plus difficiles, les filtres puls\u00e9s Pulsatex sont con\u00e7us pour r\u00e9sister \u00e0 des niveaux \u00e9lev\u00e9s de charge de poussi\u00e8re et prot\u00e9ger les turbines \u00e0 gaz dans le monde entier.<\/p>\n<p>Gr\u00e2ce \u00e0 la capacit\u00e9 de jet puls\u00e9 autonettoyant, Pulsatex allie performance constante et faible co\u00fbt de possession.<\/p>\n<p>Disponible en format cylindrique ou conique, Pulsatex peut \u00eatre utilis\u00e9 individuellement ou combin\u00e9 pour des d\u00e9bits d&rsquo;air plus \u00e9lev\u00e9s et des capacit\u00e9s de r\u00e9tention de la poussi\u00e8re.<\/p>\n<p>En outre, avec trois types de support et une gamme de dimensions, Pulsatex offre une excellente flexibilit\u00e9 pour r\u00e9pondre aux exigences pr\u00e9cises des op\u00e9rateurs de turbines \u00e0 gaz, quel que soit leur environnement d&rsquo;exploitation ou les syst\u00e8mes existants.<\/p>\n<\/div>\n<\/div>\n<\/div>\n<\/div>\n<\/div>\n<\/div>\n<p><a href=\"https:\/\/wat-tunisia.com\/wp-content\/uploads\/2025\/11\/Pulsatex.pdf\"><img loading=\"lazy\" decoding=\"async\" class=\"alignnone wp-image-5184\" src=\"https:\/\/wat-tunisia.com\/wp-content\/uploads\/2025\/11\/document_16064382-300x300.png\" alt=\"\" width=\"43\" height=\"38\" \/><\/a><a href=\"https:\/\/wat-tunisia.com\/wp-content\/uploads\/2025\/11\/Pulsatex.pdf\"> Fiche Technique<\/a><\/p>\n<\/div>\n<\/div>\n<\/div>\n<\/div>\n<\/div>\n<\/div>","protected":false},"featured_media":5376,"comment_status":"closed","ping_status":"closed","template":"","meta":[],"product_brand":[],"product_cat":[366,319],"product_tag":[],"class_list":{"0":"post-5375","1":"product","2":"type-product","3":"status-publish","4":"has-post-thumbnail","6":"product_cat-depoussiereurs","7":"product_cat-filtres-a-air-fr","9":"first","10":"instock","11":"shipping-taxable","12":"product-type-simple"},"_links":{"self":[{"href":"https:\/\/wat-tunisia.com\/en\/wp-json\/wp\/v2\/product\/5375","targetHints":{"allow":["GET"]}}],"collection":[{"href":"https:\/\/wat-tunisia.com\/en\/wp-json\/wp\/v2\/product"}],"about":[{"href":"https:\/\/wat-tunisia.com\/en\/wp-json\/wp\/v2\/types\/product"}],"replies":[{"embeddable":true,"href":"https:\/\/wat-tunisia.com\/en\/wp-json\/wp\/v2\/comments?post=5375"}],"wp:featuredmedia":[{"embeddable":true,"href":"https:\/\/wat-tunisia.com\/en\/wp-json\/wp\/v2\/media\/5376"}],"wp:attachment":[{"href":"https:\/\/wat-tunisia.com\/en\/wp-json\/wp\/v2\/media?parent=5375"}],"wp:term":[{"taxonomy":"product_brand","embeddable":true,"href":"https:\/\/wat-tunisia.com\/en\/wp-json\/wp\/v2\/product_brand?post=5375"},{"taxonomy":"product_cat","embeddable":true,"href":"https:\/\/wat-tunisia.com\/en\/wp-json\/wp\/v2\/product_cat?post=5375"},{"taxonomy":"product_tag","embeddable":true,"href":"https:\/\/wat-tunisia.com\/en\/wp-json\/wp\/v2\/product_tag?post=5375"}],"curies":[{"name":"wp","href":"https:\/\/api.w.org\/{rel}","templated":true}]}}