{"id":5367,"date":"2025-11-12T13:12:55","date_gmt":"2025-11-12T12:12:55","guid":{"rendered":"https:\/\/wat-tunisia.com\/?post_type=product&#038;p=5367"},"modified":"2025-11-12T13:53:39","modified_gmt":"2025-11-12T12:53:39","slug":"scandmist-fbt","status":"publish","type":"product","link":"https:\/\/wat-tunisia.com\/en\/product\/scandmist-fbt\/","title":{"rendered":"ScandMist FBT"},"content":{"rendered":"","protected":false},"excerpt":{"rendered":"<p>Les turbines \u00e0 gaz et autres moteurs consomment de grandes quantit\u00e9s d&rsquo;huile pour lubrifier et prot\u00e9ger leurs pi\u00e8ces internes et leurs surfaces d&rsquo;appui.<\/p>\n<p>Lorsque cette huile est expos\u00e9e \u00e0 des temp\u00e9ratures \u00e9lev\u00e9es et \u00e0 une pression \u00e9lev\u00e9e, de grandes quantit\u00e9s de brouillard d&rsquo;huile fin sont cr\u00e9\u00e9es, qui sont souvent \u00e9vacu\u00e9es par le r\u00e9servoir d&rsquo;huile vers l&rsquo;atmosph\u00e8re, entra\u00eenant une pollution atmosph\u00e9rique et un gaspillage important de p\u00e9trole.<\/p>\n<p>ScandMist FBT r\u00e9duit \u00e0 la fois vos co\u00fbts d&rsquo;exploitation et l&rsquo;impact sur l&rsquo;environnement en collectant le brouillard d&rsquo;huile des syst\u00e8mes de lubrification des moteurs, des turbines \u00e0 gaz, des turbines \u00e0 vapeur, des pompes et des compresseurs.<\/p>\n<p>Le brouillard d&rsquo;huile est recueilli et directement recycl\u00e9 dans le r\u00e9servoir pour \u00eatre r\u00e9utilis\u00e9, ce qui permet d&rsquo;importantes \u00e9conomies op\u00e9rationnelles.<\/p>\n<p>Gr\u00e2ce \u00e0 une commande int\u00e9gr\u00e9e du processeur et \u00e0 un ventilateur pilot\u00e9 par onduleur, le collecteur de brouillard d&rsquo;huile de la turbine \u00e0 gaz ScandMist FBT optimise la consommation d&rsquo;\u00e9nergie, tout en maintenant une sous-pression constante dans le r\u00e9servoir d&rsquo;huile.<\/p>","protected":false},"featured_media":5368,"comment_status":"closed","ping_status":"closed","template":"","meta":[],"product_brand":[],"product_cat":[362,319],"product_tag":[],"class_list":{"0":"post-5367","1":"product","2":"type-product","3":"status-publish","4":"has-post-thumbnail","6":"product_cat-antibrouillards-dhuile","7":"product_cat-filtres-a-air-fr","9":"first","10":"instock","11":"shipping-taxable","12":"product-type-simple"},"_links":{"self":[{"href":"https:\/\/wat-tunisia.com\/en\/wp-json\/wp\/v2\/product\/5367","targetHints":{"allow":["GET"]}}],"collection":[{"href":"https:\/\/wat-tunisia.com\/en\/wp-json\/wp\/v2\/product"}],"about":[{"href":"https:\/\/wat-tunisia.com\/en\/wp-json\/wp\/v2\/types\/product"}],"replies":[{"embeddable":true,"href":"https:\/\/wat-tunisia.com\/en\/wp-json\/wp\/v2\/comments?post=5367"}],"wp:featuredmedia":[{"embeddable":true,"href":"https:\/\/wat-tunisia.com\/en\/wp-json\/wp\/v2\/media\/5368"}],"wp:attachment":[{"href":"https:\/\/wat-tunisia.com\/en\/wp-json\/wp\/v2\/media?parent=5367"}],"wp:term":[{"taxonomy":"product_brand","embeddable":true,"href":"https:\/\/wat-tunisia.com\/en\/wp-json\/wp\/v2\/product_brand?post=5367"},{"taxonomy":"product_cat","embeddable":true,"href":"https:\/\/wat-tunisia.com\/en\/wp-json\/wp\/v2\/product_cat?post=5367"},{"taxonomy":"product_tag","embeddable":true,"href":"https:\/\/wat-tunisia.com\/en\/wp-json\/wp\/v2\/product_tag?post=5367"}],"curies":[{"name":"wp","href":"https:\/\/api.w.org\/{rel}","templated":true}]}}